{"id":4680,"date":"2025-10-20T14:34:19","date_gmt":"2025-10-20T12:34:19","guid":{"rendered":"https:\/\/www.emilgroupawards.com\/les-gagnants-2025\/villa-c-e-p-une-elegance-contemporaine-et-intemporelle\/"},"modified":"2025-10-22T11:33:27","modified_gmt":"2025-10-22T09:33:27","slug":"villa-c-e-p-une-elegance-contemporaine-et-intemporelle","status":"publish","type":"page","link":"https:\/\/www.emilgroupawards.com\/fr\/les-gagnants-2025\/villa-c-e-p-une-elegance-contemporaine-et-intemporelle\/","title":{"rendered":"Villa C e P\u00a0: une \u00e9l\u00e9gance contemporaine et intemporelle"},"content":{"rendered":"\t\t<div data-elementor-type=\"wp-page\" data-elementor-id=\"4680\" class=\"elementor elementor-4680 elementor-4490\" data-elementor-post-type=\"page\">\n\t\t\t\t\t\t<section class=\"elementor-section elementor-top-section elementor-element elementor-element-0bdbdce elementor-section-full_width elementor-section-items-stretch elementor-section-height-min-height elementor-section-height-default\" data-id=\"0bdbdce\" data-element_type=\"section\" data-e-type=\"section\" data-settings=\"{&quot;background_background&quot;:&quot;classic&quot;}\">\n\t\t\t\t\t\t<div class=\"elementor-container elementor-column-gap-no\">\n\t\t\t\t\t<div class=\"elementor-column elementor-col-100 elementor-top-column elementor-element elementor-element-e1d3025\" data-id=\"e1d3025\" data-element_type=\"column\" data-e-type=\"column\">\n\t\t\t<div class=\"elementor-widget-wrap\">\n\t\t\t\t\t\t\t<\/div>\n\t\t<\/div>\n\t\t\t\t\t<\/div>\n\t\t<\/section>\n\t\t\t\t<section class=\"elementor-section elementor-top-section elementor-element elementor-element-e6946e5 elementor-section-full_width elementor-section-height-min-height elementor-section-items-stretch elementor-section-content-middle elementor-section-height-default\" data-id=\"e6946e5\" data-element_type=\"section\" data-e-type=\"section\">\n\t\t\t\t\t\t<div class=\"elementor-container elementor-column-gap-no\">\n\t\t\t\t\t<div class=\"elementor-column elementor-col-50 elementor-top-column elementor-element elementor-element-67a5a7b elementor-hidden-mobile\" data-id=\"67a5a7b\" data-element_type=\"column\" data-e-type=\"column\" data-settings=\"{&quot;background_background&quot;:&quot;classic&quot;}\">\n\t\t\t<div class=\"elementor-widget-wrap elementor-element-populated\">\n\t\t\t\t\t\t\t<\/div>\n\t\t<\/div>\n\t\t\t\t<div class=\"elementor-column elementor-col-50 elementor-top-column elementor-element elementor-element-e8ca341\" data-id=\"e8ca341\" data-element_type=\"column\" data-e-type=\"column\">\n\t\t\t<div class=\"elementor-widget-wrap elementor-element-populated\">\n\t\t\t\t\t\t<div class=\"elementor-element elementor-element-425ba3d elementor-widget__width-auto elementor-widget elementor-widget-heading\" data-id=\"425ba3d\" data-element_type=\"widget\" data-e-type=\"widget\" data-widget_type=\"heading.default\">\n\t\t\t\t<div class=\"elementor-widget-container\">\n\t\t\t\t\t<span class=\"elementor-heading-title elementor-size-default\">Cat\u00e9gorie<\/span>\t\t\t\t<\/div>\n\t\t\t\t<\/div>\n\t\t\t\t<div class=\"elementor-element elementor-element-35ff803 elementor-widget__width-auto elementor-widget elementor-widget-image\" data-id=\"35ff803\" data-element_type=\"widget\" data-e-type=\"widget\" data-widget_type=\"image.default\">\n\t\t\t\t<div class=\"elementor-widget-container\">\n\t\t\t\t\t\t\t\t\t\t\t\t\t\t\t<img decoding=\"async\" width=\"174\" height=\"174\" src=\"https:\/\/www.emilgroupawards.com\/wp-content\/uploads\/2022\/03\/Icona-0.png\" class=\"attachment-large size-large wp-image-466\" alt=\"\" srcset=\"https:\/\/www.emilgroupawards.com\/wp-content\/uploads\/2022\/03\/Icona-0.png 174w, https:\/\/www.emilgroupawards.com\/wp-content\/uploads\/2022\/03\/Icona-0-150x150.png 150w\" sizes=\"(max-width: 174px) 100vw, 174px\" \/>\t\t\t\t\t\t\t\t\t\t\t\t\t\t\t<\/div>\n\t\t\t\t<\/div>\n\t\t\t\t<div class=\"elementor-element elementor-element-35aed5d elementor-widget__width-auto elementor-widget elementor-widget-heading\" data-id=\"35aed5d\" data-element_type=\"widget\" data-e-type=\"widget\" data-widget_type=\"heading.default\">\n\t\t\t\t<div class=\"elementor-widget-container\">\n\t\t\t\t\t<span class=\"elementor-heading-title elementor-size-default\">Inspiration<\/span>\t\t\t\t<\/div>\n\t\t\t\t<\/div>\n\t\t\t\t<div class=\"elementor-element elementor-element-7b3f2e1 elementor-widget-divider--view-line elementor-widget elementor-widget-divider\" data-id=\"7b3f2e1\" data-element_type=\"widget\" data-e-type=\"widget\" data-widget_type=\"divider.default\">\n\t\t\t\t<div class=\"elementor-widget-container\">\n\t\t\t\t\t\t\t<div class=\"elementor-divider\">\n\t\t\t<span class=\"elementor-divider-separator\">\n\t\t\t\t\t\t<\/span>\n\t\t<\/div>\n\t\t\t\t\t\t<\/div>\n\t\t\t\t<\/div>\n\t\t\t\t<div class=\"elementor-element elementor-element-d9525d5 elementor-widget elementor-widget-heading\" data-id=\"d9525d5\" data-element_type=\"widget\" data-e-type=\"widget\" data-widget_type=\"heading.default\">\n\t\t\t\t<div class=\"elementor-widget-container\">\n\t\t\t\t\t<div class=\"elementor-heading-title elementor-size-default\">Arch. Gianluca Pitaccolo \u2013 Interior Garage<\/div>\t\t\t\t<\/div>\n\t\t\t\t<\/div>\n\t\t\t\t<div class=\"elementor-element elementor-element-92a711e elementor-widget elementor-widget-heading\" data-id=\"92a711e\" data-element_type=\"widget\" data-e-type=\"widget\" data-widget_type=\"heading.default\">\n\t\t\t\t<div class=\"elementor-widget-container\">\n\t\t\t\t\t<h3 class=\"elementor-heading-title elementor-size-default\">Villa C e P\u00a0: une \u00e9l\u00e9gance <br>contemporaine et intemporelle <\/h3>\t\t\t\t<\/div>\n\t\t\t\t<\/div>\n\t\t\t\t<div class=\"elementor-element elementor-element-a7d8105 elementor-widget__width-initial elementor-widget elementor-widget-text-editor\" data-id=\"a7d8105\" data-element_type=\"widget\" data-e-type=\"widget\" data-widget_type=\"text-editor.default\">\n\t\t\t\t<div class=\"elementor-widget-container\">\n\t\t\t\t\t\t\t\t\t<p><span lang=\"fr-FR\"><b>Villa C e P<\/b><\/span><span lang=\"fr-FR\"> incarne une \u00e9l\u00e9gance raffin\u00e9e o\u00f9 tradition et innovation se rencontrent dans un \u00e9quilibre parfait. R\u00e9alis\u00e9 par l&rsquo;architecte Gianluca Pitaccolo du studio Interior Garage, en collaboration avec Ceramiche Pi\u00f9, le projet a remport\u00e9 le prix dans la cat\u00e9gorie Inspiration aux<\/span><span lang=\"fr-FR\"><b> Emilgroup Project Awards 2025<\/b><\/span><span lang=\"fr-FR\"> pour avoir pleinement valoris\u00e9 le concept originel des collections utilis\u00e9es. <\/span><\/p>\n<p><span lang=\"fr-FR\">La collection <\/span><span lang=\"fr-FR\"><b>Mimesis<\/b><\/span><span lang=\"fr-FR\"> by Emilceramica, dans la teinte <\/span><span lang=\"fr-FR\"><b>Ecru<\/b><\/span><span lang=\"fr-FR\">, pos\u00e9e au sol dans l&rsquo;ensemble de la villa, cr\u00e9e une base chaleureuse et homog\u00e8ne qui unifie visuellement les espaces. Sa texture mati\u00e9rique reproduit fid\u00e8lement l&rsquo;aspect naturel et irr\u00e9gulier du bois vieilli, o\u00f9 n\u0153uds et veinures deviennent les v\u00e9ritables protagonistes, conf\u00e9rant caract\u00e8re et profondeur. <\/span><\/p>\n<p><span lang=\"fr-FR\">Les tons naturels de la finition <\/span><span lang=\"fr-FR\"><b>Noble Beige<\/b><\/span><span lang=\"fr-FR\"> de <\/span><span lang=\"fr-FR\"><b>Mapierre<\/b><\/span><span lang=\"fr-FR\"> by Emilceramica habillent les murs et les sols des salles de bains, cr\u00e9ant un sentiment d&rsquo;ordre et de continuit\u00e9 visuelle, tandis que l&rsquo;absence de profil\u00e9s assure une transition fluide entre les surfaces horizontales et verticales, pour une atmosph\u00e8re harmonieuse et \u00e9l\u00e9<\/span><\/p>\n\t\t\t\t\t\t\t\t<\/div>\n\t\t\t\t<\/div>\n\t\t\t\t\t<\/div>\n\t\t<\/div>\n\t\t\t\t\t<\/div>\n\t\t<\/section>\n\t\t\t\t<section class=\"elementor-section elementor-top-section elementor-element elementor-element-7b25ca6 elementor-section-full_width elementor-section-height-min-height elementor-section-items-stretch elementor-hidden-mobile elementor-section-height-default\" data-id=\"7b25ca6\" data-element_type=\"section\" data-e-type=\"section\">\n\t\t\t\t\t\t<div class=\"elementor-container elementor-column-gap-no\">\n\t\t\t\t\t<div class=\"elementor-column elementor-col-33 elementor-top-column elementor-element elementor-element-85351db\" data-id=\"85351db\" data-element_type=\"column\" data-e-type=\"column\" data-settings=\"{&quot;background_background&quot;:&quot;classic&quot;}\">\n\t\t\t<div class=\"elementor-widget-wrap elementor-element-populated\">\n\t\t\t\t\t\t<div class=\"elementor-element elementor-element-14c18c4 elementor-widget elementor-widget-spacer\" data-id=\"14c18c4\" data-element_type=\"widget\" data-e-type=\"widget\" data-widget_type=\"spacer.default\">\n\t\t\t\t<div class=\"elementor-widget-container\">\n\t\t\t\t\t\t\t<div class=\"elementor-spacer\">\n\t\t\t<div class=\"elementor-spacer-inner\"><\/div>\n\t\t<\/div>\n\t\t\t\t\t\t<\/div>\n\t\t\t\t<\/div>\n\t\t\t\t\t<\/div>\n\t\t<\/div>\n\t\t\t\t<div class=\"elementor-column elementor-col-33 elementor-top-column elementor-element elementor-element-c12f5a7\" data-id=\"c12f5a7\" data-element_type=\"column\" data-e-type=\"column\" data-settings=\"{&quot;background_background&quot;:&quot;classic&quot;}\">\n\t\t\t<div class=\"elementor-widget-wrap elementor-element-populated\">\n\t\t\t\t\t\t<div class=\"elementor-element elementor-element-df4ecca elementor-widget elementor-widget-spacer\" data-id=\"df4ecca\" data-element_type=\"widget\" data-e-type=\"widget\" data-widget_type=\"spacer.default\">\n\t\t\t\t<div class=\"elementor-widget-container\">\n\t\t\t\t\t\t\t<div class=\"elementor-spacer\">\n\t\t\t<div class=\"elementor-spacer-inner\"><\/div>\n\t\t<\/div>\n\t\t\t\t\t\t<\/div>\n\t\t\t\t<\/div>\n\t\t\t\t\t<\/div>\n\t\t<\/div>\n\t\t\t\t<div class=\"elementor-column elementor-col-33 elementor-top-column elementor-element elementor-element-04335c8\" data-id=\"04335c8\" data-element_type=\"column\" data-e-type=\"column\" data-settings=\"{&quot;background_background&quot;:&quot;classic&quot;}\">\n\t\t\t<div class=\"elementor-widget-wrap elementor-element-populated\">\n\t\t\t\t\t\t<div class=\"elementor-element elementor-element-0883237 elementor-widget elementor-widget-spacer\" data-id=\"0883237\" data-element_type=\"widget\" data-e-type=\"widget\" data-widget_type=\"spacer.default\">\n\t\t\t\t<div class=\"elementor-widget-container\">\n\t\t\t\t\t\t\t<div class=\"elementor-spacer\">\n\t\t\t<div class=\"elementor-spacer-inner\"><\/div>\n\t\t<\/div>\n\t\t\t\t\t\t<\/div>\n\t\t\t\t<\/div>\n\t\t\t\t\t<\/div>\n\t\t<\/div>\n\t\t\t\t\t<\/div>\n\t\t<\/section>\n\t\t\t\t<section class=\"elementor-section elementor-top-section elementor-element elementor-element-13f53f0 elementor-section-full_width elementor-hidden-desktop elementor-hidden-tablet elementor-section-height-default elementor-section-height-default\" data-id=\"13f53f0\" data-element_type=\"section\" data-e-type=\"section\">\n\t\t\t\t\t\t<div class=\"elementor-container elementor-column-gap-no\">\n\t\t\t\t\t<div class=\"elementor-column elementor-col-100 elementor-top-column elementor-element elementor-element-c0541b4\" data-id=\"c0541b4\" data-element_type=\"column\" data-e-type=\"column\">\n\t\t\t<div class=\"elementor-widget-wrap elementor-element-populated\">\n\t\t\t\t\t\t<div class=\"elementor-element elementor-element-e6d634d elementor-widget elementor-widget-ucaddon_uc_slider_image\" data-id=\"e6d634d\" data-element_type=\"widget\" data-e-type=\"widget\" data-widget_type=\"ucaddon_uc_slider_image.default\">\n\t\t\t\t<div class=\"elementor-widget-container\">\n\t\t\t\t\t\n<!-- start Slider Gallery -->\n\t\t<link id='unitegallery-css' href='https:\/\/www.emilgroupawards.com\/wp-content\/plugins\/unlimited-elements-for-elementor-premium\/assets_libraries\/unitegallery\/css\/unite-gallery.css' type='text\/css' rel='stylesheet' >\n\n<style>\/* widget: Slider Gallery *\/\n\n#uc_uc_slider_image_elementor_e6d634d\n{\n  overflow:hidden;\n}\n\n#uc_uc_slider_image_elementor_e6d634d-wrapper\n{\n  min-height:1px;\n}\n\n<\/style>\n\n<div id=\"uc_uc_slider_image_elementor_e6d634d-wrapper\">\n<div id=\"uc_uc_slider_image_elementor_e6d634d\" class=\"uc-items-wrapper  \" style=\"display:none; margin:0 auto;\"  data-remote-type=\"gallery\" data-custom-sethtml=\"true\" >\n\n\n<img decoding=\"async\" alt=\"Villa C e P - interno pavimentazione\"\n   src=\"https:\/\/www.emilgroupawards.com\/wp-content\/uploads\/2025\/10\/Villa-C-e-P-interno-pavimentazione.jpg\"\n    data-image=\"https:\/\/www.emilgroupawards.com\/wp-content\/uploads\/2025\/10\/Villa-C-e-P-interno-pavimentazione.jpg\"\n    data-title=\"Villa C e P - interno pavimentazione\">\n\n<img decoding=\"async\" alt=\"Villa C e P - interno libreria\"\n   src=\"https:\/\/www.emilgroupawards.com\/wp-content\/uploads\/2025\/10\/Villa-C-e-P-interno-libreria.jpg\"\n    data-image=\"https:\/\/www.emilgroupawards.com\/wp-content\/uploads\/2025\/10\/Villa-C-e-P-interno-libreria.jpg\"\n    data-title=\"Villa C e P - interno libreria\">\n\n<img decoding=\"async\" alt=\"Villa C e P - interno bagno\"\n   src=\"https:\/\/www.emilgroupawards.com\/wp-content\/uploads\/2025\/10\/Villa-C-e-P-interno-bagno.jpg\"\n    data-image=\"https:\/\/www.emilgroupawards.com\/wp-content\/uploads\/2025\/10\/Villa-C-e-P-interno-bagno.jpg\"\n    data-title=\"Villa C e P - interno bagno\">\n\n  \n<\/div>\n<\/div>\n<!-- end Slider Gallery -->\t\t\t\t<\/div>\n\t\t\t\t<\/div>\n\t\t\t\t\t<\/div>\n\t\t<\/div>\n\t\t\t\t\t<\/div>\n\t\t<\/section>\n\t\t\t\t<\/div>\n\t\t","protected":false},"excerpt":{"rendered":"<p>Cat\u00e9gorie Inspiration Arch. Gianluca Pitaccolo \u2013 Interior Garage Villa C e P\u00a0: une \u00e9l\u00e9gance contemporaine et intemporelle Villa C e P incarne une \u00e9l\u00e9gance raffin\u00e9e o\u00f9 tradition et innovation se rencontrent dans un \u00e9quilibre parfait. R\u00e9alis\u00e9 par l&rsquo;architecte Gianluca Pitaccolo du studio Interior Garage, en collaboration avec Ceramiche Pi\u00f9, le projet a remport\u00e9 le prix [&hellip;]<\/p>\n","protected":false},"author":1,"featured_media":0,"parent":4646,"menu_order":0,"comment_status":"closed","ping_status":"closed","template":"","meta":{"footnotes":""},"class_list":["post-4680","page","type-page","status-publish","hentry"],"_links":{"self":[{"href":"https:\/\/www.emilgroupawards.com\/fr\/wp-json\/wp\/v2\/pages\/4680","targetHints":{"allow":["GET"]}}],"collection":[{"href":"https:\/\/www.emilgroupawards.com\/fr\/wp-json\/wp\/v2\/pages"}],"about":[{"href":"https:\/\/www.emilgroupawards.com\/fr\/wp-json\/wp\/v2\/types\/page"}],"author":[{"embeddable":true,"href":"https:\/\/www.emilgroupawards.com\/fr\/wp-json\/wp\/v2\/users\/1"}],"replies":[{"embeddable":true,"href":"https:\/\/www.emilgroupawards.com\/fr\/wp-json\/wp\/v2\/comments?post=4680"}],"version-history":[{"count":5,"href":"https:\/\/www.emilgroupawards.com\/fr\/wp-json\/wp\/v2\/pages\/4680\/revisions"}],"predecessor-version":[{"id":4878,"href":"https:\/\/www.emilgroupawards.com\/fr\/wp-json\/wp\/v2\/pages\/4680\/revisions\/4878"}],"up":[{"embeddable":true,"href":"https:\/\/www.emilgroupawards.com\/fr\/wp-json\/wp\/v2\/pages\/4646"}],"wp:attachment":[{"href":"https:\/\/www.emilgroupawards.com\/fr\/wp-json\/wp\/v2\/media?parent=4680"}],"curies":[{"name":"wp","href":"https:\/\/api.w.org\/{rel}","templated":true}]}}