{"id":4672,"date":"2025-10-20T14:16:52","date_gmt":"2025-10-20T12:16:52","guid":{"rendered":"https:\/\/www.emilgroupawards.com\/les-gagnants-2025\/new-mexico-suite-un-coin-de-mexique-aux-pays-bas\/"},"modified":"2025-10-20T17:54:26","modified_gmt":"2025-10-20T15:54:26","slug":"new-mexico-suite-un-coin-de-mexique-aux-pays-bas","status":"publish","type":"page","link":"https:\/\/www.emilgroupawards.com\/fr\/les-gagnants-2025\/new-mexico-suite-un-coin-de-mexique-aux-pays-bas\/","title":{"rendered":"New Mexico Suite\u00a0: un coin de Mexique aux Pays-Bas"},"content":{"rendered":"\t\t<div data-elementor-type=\"wp-page\" data-elementor-id=\"4672\" class=\"elementor elementor-4672 elementor-4390\" data-elementor-post-type=\"page\">\n\t\t\t\t\t\t<section class=\"elementor-section elementor-top-section elementor-element elementor-element-64145f4e elementor-section-full_width elementor-section-items-stretch elementor-section-height-min-height elementor-section-height-default\" data-id=\"64145f4e\" data-element_type=\"section\" data-e-type=\"section\" data-settings=\"{&quot;background_background&quot;:&quot;classic&quot;}\">\n\t\t\t\t\t\t<div class=\"elementor-container elementor-column-gap-no\">\n\t\t\t\t\t<div class=\"elementor-column elementor-col-100 elementor-top-column elementor-element elementor-element-12b3ba5f\" data-id=\"12b3ba5f\" data-element_type=\"column\" data-e-type=\"column\">\n\t\t\t<div class=\"elementor-widget-wrap\">\n\t\t\t\t\t\t\t<\/div>\n\t\t<\/div>\n\t\t\t\t\t<\/div>\n\t\t<\/section>\n\t\t\t\t<section class=\"elementor-section elementor-top-section elementor-element elementor-element-410db28 elementor-section-full_width elementor-section-height-min-height elementor-section-items-stretch elementor-section-content-middle elementor-section-height-default\" data-id=\"410db28\" data-element_type=\"section\" data-e-type=\"section\">\n\t\t\t\t\t\t<div class=\"elementor-container elementor-column-gap-no\">\n\t\t\t\t\t<div class=\"elementor-column elementor-col-50 elementor-top-column elementor-element elementor-element-2cce8990 elementor-hidden-mobile\" data-id=\"2cce8990\" data-element_type=\"column\" data-e-type=\"column\" data-settings=\"{&quot;background_background&quot;:&quot;classic&quot;}\">\n\t\t\t<div class=\"elementor-widget-wrap elementor-element-populated\">\n\t\t\t\t\t\t\t<\/div>\n\t\t<\/div>\n\t\t\t\t<div class=\"elementor-column elementor-col-50 elementor-top-column elementor-element elementor-element-5f6c618\" data-id=\"5f6c618\" data-element_type=\"column\" data-e-type=\"column\">\n\t\t\t<div class=\"elementor-widget-wrap elementor-element-populated\">\n\t\t\t\t\t\t<div class=\"elementor-element elementor-element-3849faf0 elementor-widget__width-auto elementor-widget elementor-widget-heading\" data-id=\"3849faf0\" data-element_type=\"widget\" data-e-type=\"widget\" data-widget_type=\"heading.default\">\n\t\t\t\t<div class=\"elementor-widget-container\">\n\t\t\t\t\t<span class=\"elementor-heading-title elementor-size-default\">Cat\u00e9gorie<\/span>\t\t\t\t<\/div>\n\t\t\t\t<\/div>\n\t\t\t\t<div class=\"elementor-element elementor-element-4b28c8df elementor-widget__width-auto elementor-widget elementor-widget-image\" data-id=\"4b28c8df\" data-element_type=\"widget\" data-e-type=\"widget\" data-widget_type=\"image.default\">\n\t\t\t\t<div class=\"elementor-widget-container\">\n\t\t\t\t\t\t\t\t\t\t\t\t\t\t\t<img decoding=\"async\" width=\"174\" height=\"174\" src=\"https:\/\/www.emilgroupawards.com\/wp-content\/uploads\/2022\/09\/Icona-1.png\" class=\"attachment-large size-large wp-image-1305\" alt=\"\" srcset=\"https:\/\/www.emilgroupawards.com\/wp-content\/uploads\/2022\/09\/Icona-1.png 174w, https:\/\/www.emilgroupawards.com\/wp-content\/uploads\/2022\/09\/Icona-1-150x150.png 150w\" sizes=\"(max-width: 174px) 100vw, 174px\" \/>\t\t\t\t\t\t\t\t\t\t\t\t\t\t\t<\/div>\n\t\t\t\t<\/div>\n\t\t\t\t<div class=\"elementor-element elementor-element-239a0621 elementor-widget__width-auto elementor-widget elementor-widget-heading\" data-id=\"239a0621\" data-element_type=\"widget\" data-e-type=\"widget\" data-widget_type=\"heading.default\">\n\t\t\t\t<div class=\"elementor-widget-container\">\n\t\t\t\t\t<span class=\"elementor-heading-title elementor-size-default\">Cr\u00e9ativit\u00e9<\/span>\t\t\t\t<\/div>\n\t\t\t\t<\/div>\n\t\t\t\t<div class=\"elementor-element elementor-element-91ed1f4 elementor-widget-divider--view-line elementor-widget elementor-widget-divider\" data-id=\"91ed1f4\" data-element_type=\"widget\" data-e-type=\"widget\" data-widget_type=\"divider.default\">\n\t\t\t\t<div class=\"elementor-widget-container\">\n\t\t\t\t\t\t\t<div class=\"elementor-divider\">\n\t\t\t<span class=\"elementor-divider-separator\">\n\t\t\t\t\t\t<\/span>\n\t\t<\/div>\n\t\t\t\t\t\t<\/div>\n\t\t\t\t<\/div>\n\t\t\t\t<div class=\"elementor-element elementor-element-7059839e elementor-widget elementor-widget-heading\" data-id=\"7059839e\" data-element_type=\"widget\" data-e-type=\"widget\" data-widget_type=\"heading.default\">\n\t\t\t\t<div class=\"elementor-widget-container\">\n\t\t\t\t\t<div class=\"elementor-heading-title elementor-size-default\">Cerriva<\/div>\t\t\t\t<\/div>\n\t\t\t\t<\/div>\n\t\t\t\t<div class=\"elementor-element elementor-element-4e89aedc elementor-widget elementor-widget-heading\" data-id=\"4e89aedc\" data-element_type=\"widget\" data-e-type=\"widget\" data-widget_type=\"heading.default\">\n\t\t\t\t<div class=\"elementor-widget-container\">\n\t\t\t\t\t<h3 class=\"elementor-heading-title elementor-size-default\">New Mexico Suite\u00a0: un coin de <br>Mexique aux Pays-Bas <\/h3>\t\t\t\t<\/div>\n\t\t\t\t<\/div>\n\t\t\t\t<div class=\"elementor-element elementor-element-2381d2f3 elementor-widget__width-initial elementor-widget elementor-widget-text-editor\" data-id=\"2381d2f3\" data-element_type=\"widget\" data-e-type=\"widget\" data-widget_type=\"text-editor.default\">\n\t\t\t\t<div class=\"elementor-widget-container\">\n\t\t\t\t\t\t\t\t\t<p><span lang=\"fr-FR\">Situ\u00e9e \u00e0 l&rsquo;int\u00e9rieur du <\/span><span lang=\"fr-FR\"><b>Van der Valk Hotel Houten<\/b><\/span><span lang=\"fr-FR\">, aux Pays-Bas, la New Mexico Suite a s\u00e9duit le jury des <\/span><span lang=\"fr-FR\"><b>Emilgroup Project Awards 2025<\/b><\/span><span lang=\"fr-FR\">, remportant le prix dans la cat\u00e9gorie Cr\u00e9ativit\u00e9. Con\u00e7u par <\/span><span lang=\"fr-FR\"><b>Cerriva<\/b><\/span><span lang=\"fr-FR\">, le projet met en valeur les produits Emilgroup \u00e0 travers un usage original et cr\u00e9atif des diff\u00e9rents formats, transformant la suite en une exp\u00e9rience immersive \u00e0 l&rsquo;esth\u00e9tique contemporaine. <\/span><\/p>\n<p><span lang=\"fr-FR\">Pens\u00e9e comme une v\u00e9ritable destination au sein de l&rsquo;h\u00f4tel, la New Mexico Suite enveloppe l&rsquo;h\u00f4te dans une atmosph\u00e8re chaleureuse et \u00e9vocatrice qui fait \u00e9cho au charme du Mexique. La collection <\/span><span lang=\"fr-FR\"><b>Forme<\/b><\/span><span lang=\"fr-FR\"> d&rsquo;<\/span><span lang=\"fr-FR\"><b>Emilceramica<\/b><\/span><span lang=\"fr-FR\">, avec ses teintes enveloppantes et ses finitions raffin\u00e9es, conf\u00e8re \u00e0 l&rsquo;espace un caract\u00e8re unique et fait du s\u00e9jour un v\u00e9ritable voyage sensoriel. <\/span><\/p>\n\t\t\t\t\t\t\t\t<\/div>\n\t\t\t\t<\/div>\n\t\t\t\t\t<\/div>\n\t\t<\/div>\n\t\t\t\t\t<\/div>\n\t\t<\/section>\n\t\t\t\t<section class=\"elementor-section elementor-top-section elementor-element elementor-element-1ea57d51 elementor-section-full_width elementor-section-height-min-height elementor-section-items-stretch elementor-hidden-mobile elementor-section-height-default\" data-id=\"1ea57d51\" data-element_type=\"section\" data-e-type=\"section\">\n\t\t\t\t\t\t<div class=\"elementor-container elementor-column-gap-no\">\n\t\t\t\t\t<div class=\"elementor-column elementor-col-33 elementor-top-column elementor-element elementor-element-318be00f\" data-id=\"318be00f\" data-element_type=\"column\" data-e-type=\"column\" data-settings=\"{&quot;background_background&quot;:&quot;classic&quot;}\">\n\t\t\t<div class=\"elementor-widget-wrap elementor-element-populated\">\n\t\t\t\t\t\t<div class=\"elementor-element elementor-element-41d944fa elementor-widget elementor-widget-spacer\" data-id=\"41d944fa\" data-element_type=\"widget\" data-e-type=\"widget\" data-widget_type=\"spacer.default\">\n\t\t\t\t<div class=\"elementor-widget-container\">\n\t\t\t\t\t\t\t<div class=\"elementor-spacer\">\n\t\t\t<div class=\"elementor-spacer-inner\"><\/div>\n\t\t<\/div>\n\t\t\t\t\t\t<\/div>\n\t\t\t\t<\/div>\n\t\t\t\t\t<\/div>\n\t\t<\/div>\n\t\t\t\t<div class=\"elementor-column elementor-col-33 elementor-top-column elementor-element elementor-element-178f0ba9\" data-id=\"178f0ba9\" data-element_type=\"column\" data-e-type=\"column\" data-settings=\"{&quot;background_background&quot;:&quot;classic&quot;}\">\n\t\t\t<div class=\"elementor-widget-wrap elementor-element-populated\">\n\t\t\t\t\t\t<div class=\"elementor-element elementor-element-77566959 elementor-widget elementor-widget-spacer\" data-id=\"77566959\" data-element_type=\"widget\" data-e-type=\"widget\" data-widget_type=\"spacer.default\">\n\t\t\t\t<div class=\"elementor-widget-container\">\n\t\t\t\t\t\t\t<div class=\"elementor-spacer\">\n\t\t\t<div class=\"elementor-spacer-inner\"><\/div>\n\t\t<\/div>\n\t\t\t\t\t\t<\/div>\n\t\t\t\t<\/div>\n\t\t\t\t\t<\/div>\n\t\t<\/div>\n\t\t\t\t<div class=\"elementor-column elementor-col-33 elementor-top-column elementor-element elementor-element-2f635812\" data-id=\"2f635812\" data-element_type=\"column\" data-e-type=\"column\" data-settings=\"{&quot;background_background&quot;:&quot;classic&quot;}\">\n\t\t\t<div class=\"elementor-widget-wrap elementor-element-populated\">\n\t\t\t\t\t\t<div class=\"elementor-element elementor-element-54edbca elementor-widget elementor-widget-spacer\" data-id=\"54edbca\" data-element_type=\"widget\" data-e-type=\"widget\" data-widget_type=\"spacer.default\">\n\t\t\t\t<div class=\"elementor-widget-container\">\n\t\t\t\t\t\t\t<div class=\"elementor-spacer\">\n\t\t\t<div class=\"elementor-spacer-inner\"><\/div>\n\t\t<\/div>\n\t\t\t\t\t\t<\/div>\n\t\t\t\t<\/div>\n\t\t\t\t\t<\/div>\n\t\t<\/div>\n\t\t\t\t\t<\/div>\n\t\t<\/section>\n\t\t\t\t<section class=\"elementor-section elementor-top-section elementor-element elementor-element-360160ab elementor-section-full_width elementor-hidden-desktop elementor-hidden-tablet elementor-section-height-default elementor-section-height-default\" data-id=\"360160ab\" data-element_type=\"section\" data-e-type=\"section\">\n\t\t\t\t\t\t<div class=\"elementor-container elementor-column-gap-no\">\n\t\t\t\t\t<div class=\"elementor-column elementor-col-100 elementor-top-column elementor-element elementor-element-56c5c32a\" data-id=\"56c5c32a\" data-element_type=\"column\" data-e-type=\"column\">\n\t\t\t<div class=\"elementor-widget-wrap elementor-element-populated\">\n\t\t\t\t\t\t<div class=\"elementor-element elementor-element-179b863a elementor-widget elementor-widget-ucaddon_uc_slider_image\" data-id=\"179b863a\" data-element_type=\"widget\" data-e-type=\"widget\" data-widget_type=\"ucaddon_uc_slider_image.default\">\n\t\t\t\t<div class=\"elementor-widget-container\">\n\t\t\t\t\t\n<!-- start Slider Gallery -->\n\t\t<link id='unitegallery-css' href='https:\/\/www.emilgroupawards.com\/wp-content\/plugins\/unlimited-elements-for-elementor-premium\/assets_libraries\/unitegallery\/css\/unite-gallery.css' type='text\/css' rel='stylesheet' >\n\n<style>\/* widget: Slider Gallery *\/\n\n#uc_uc_slider_image_elementor_179b863a\n{\n  overflow:hidden;\n}\n\n#uc_uc_slider_image_elementor_179b863a-wrapper\n{\n  min-height:1px;\n}\n\n<\/style>\n\n<div id=\"uc_uc_slider_image_elementor_179b863a-wrapper\">\n<div id=\"uc_uc_slider_image_elementor_179b863a\" class=\"uc-items-wrapper  \" style=\"display:none; margin:0 auto;\"  data-remote-type=\"gallery\" data-custom-sethtml=\"true\" >\n\n\n<img decoding=\"async\" alt=\"New Mexico Suite - interno vasca\"\n   src=\"https:\/\/www.emilgroupawards.com\/wp-content\/uploads\/2025\/10\/New-Mexico-Suite-interno-vasca.jpg\"\n    data-image=\"https:\/\/www.emilgroupawards.com\/wp-content\/uploads\/2025\/10\/New-Mexico-Suite-interno-vasca.jpg\"\n    data-title=\"New Mexico Suite - interno vasca\">\n\n<img decoding=\"async\" alt=\"New Mexico Suite - interno doccia\"\n   src=\"https:\/\/www.emilgroupawards.com\/wp-content\/uploads\/2025\/10\/New-Mexico-Suite-interno-doccia.jpg\"\n    data-image=\"https:\/\/www.emilgroupawards.com\/wp-content\/uploads\/2025\/10\/New-Mexico-Suite-interno-doccia.jpg\"\n    data-title=\"New Mexico Suite - interno doccia\">\n\n<img decoding=\"async\" alt=\"New Mexico Suite - interno bagno\"\n   src=\"https:\/\/www.emilgroupawards.com\/wp-content\/uploads\/2025\/10\/New-Mexico-Suite-interno-bagno.jpg\"\n    data-image=\"https:\/\/www.emilgroupawards.com\/wp-content\/uploads\/2025\/10\/New-Mexico-Suite-interno-bagno.jpg\"\n    data-title=\"New Mexico Suite - interno bagno\">\n\n  \n<\/div>\n<\/div>\n<!-- end Slider Gallery -->\t\t\t\t<\/div>\n\t\t\t\t<\/div>\n\t\t\t\t\t<\/div>\n\t\t<\/div>\n\t\t\t\t\t<\/div>\n\t\t<\/section>\n\t\t\t\t<\/div>\n\t\t","protected":false},"excerpt":{"rendered":"<p>Cat\u00e9gorie Cr\u00e9ativit\u00e9 Cerriva New Mexico Suite\u00a0: un coin de Mexique aux Pays-Bas Situ\u00e9e \u00e0 l&rsquo;int\u00e9rieur du Van der Valk Hotel Houten, aux Pays-Bas, la New Mexico Suite a s\u00e9duit le jury des Emilgroup Project Awards 2025, remportant le prix dans la cat\u00e9gorie Cr\u00e9ativit\u00e9. Con\u00e7u par Cerriva, le projet met en valeur les produits Emilgroup \u00e0 [&hellip;]<\/p>\n","protected":false},"author":1,"featured_media":0,"parent":4646,"menu_order":0,"comment_status":"closed","ping_status":"closed","template":"","meta":{"footnotes":""},"class_list":["post-4672","page","type-page","status-publish","hentry"],"_links":{"self":[{"href":"https:\/\/www.emilgroupawards.com\/fr\/wp-json\/wp\/v2\/pages\/4672","targetHints":{"allow":["GET"]}}],"collection":[{"href":"https:\/\/www.emilgroupawards.com\/fr\/wp-json\/wp\/v2\/pages"}],"about":[{"href":"https:\/\/www.emilgroupawards.com\/fr\/wp-json\/wp\/v2\/types\/page"}],"author":[{"embeddable":true,"href":"https:\/\/www.emilgroupawards.com\/fr\/wp-json\/wp\/v2\/users\/1"}],"replies":[{"embeddable":true,"href":"https:\/\/www.emilgroupawards.com\/fr\/wp-json\/wp\/v2\/comments?post=4672"}],"version-history":[{"count":2,"href":"https:\/\/www.emilgroupawards.com\/fr\/wp-json\/wp\/v2\/pages\/4672\/revisions"}],"predecessor-version":[{"id":4674,"href":"https:\/\/www.emilgroupawards.com\/fr\/wp-json\/wp\/v2\/pages\/4672\/revisions\/4674"}],"up":[{"embeddable":true,"href":"https:\/\/www.emilgroupawards.com\/fr\/wp-json\/wp\/v2\/pages\/4646"}],"wp:attachment":[{"href":"https:\/\/www.emilgroupawards.com\/fr\/wp-json\/wp\/v2\/media?parent=4672"}],"curies":[{"name":"wp","href":"https:\/\/api.w.org\/{rel}","templated":true}]}}