{"id":4314,"date":"2025-06-16T10:25:31","date_gmt":"2025-06-16T08:25:31","guid":{"rendered":"https:\/\/www.emilgroupawards.com\/declaration-daccessibilite\/"},"modified":"2025-06-16T11:05:01","modified_gmt":"2025-06-16T09:05:01","slug":"declaration-daccessibilite","status":"publish","type":"page","link":"https:\/\/www.emilgroupawards.com\/fr\/declaration-daccessibilite\/","title":{"rendered":"D\u00e9claration d&rsquo;accessibilit\u00e9"},"content":{"rendered":"\t\t<div data-elementor-type=\"wp-page\" data-elementor-id=\"4314\" class=\"elementor elementor-4314 elementor-4304\" data-elementor-post-type=\"page\">\n\t\t\t\t\t\t<section class=\"elementor-section elementor-top-section elementor-element elementor-element-926ba4e elementor-section-boxed elementor-section-height-default elementor-section-height-default\" data-id=\"926ba4e\" data-element_type=\"section\" data-e-type=\"section\">\n\t\t\t\t\t\t<div class=\"elementor-container elementor-column-gap-default\">\n\t\t\t\t\t<div class=\"elementor-column elementor-col-100 elementor-top-column elementor-element elementor-element-c3e9243\" data-id=\"c3e9243\" data-element_type=\"column\" data-e-type=\"column\">\n\t\t\t<div class=\"elementor-widget-wrap elementor-element-populated\">\n\t\t\t\t\t\t<div class=\"elementor-element elementor-element-4c8a602 elementor-widget elementor-widget-heading\" data-id=\"4c8a602\" data-element_type=\"widget\" data-e-type=\"widget\" data-widget_type=\"heading.default\">\n\t\t\t\t<div class=\"elementor-widget-container\">\n\t\t\t\t\t<h1 class=\"elementor-heading-title elementor-size-default\">D\u00e9claration d'accessibilit\u00e9<\/h1>\t\t\t\t<\/div>\n\t\t\t\t<\/div>\n\t\t\t\t\t<\/div>\n\t\t<\/div>\n\t\t\t\t\t<\/div>\n\t\t<\/section>\n\t\t\t\t<section class=\"elementor-section elementor-top-section elementor-element elementor-element-58dfb6d elementor-section-boxed elementor-section-height-default elementor-section-height-default\" data-id=\"58dfb6d\" data-element_type=\"section\" data-e-type=\"section\">\n\t\t\t\t\t\t<div class=\"elementor-container elementor-column-gap-default\">\n\t\t\t\t\t<div class=\"elementor-column elementor-col-100 elementor-top-column elementor-element elementor-element-2c628a1\" data-id=\"2c628a1\" data-element_type=\"column\" data-e-type=\"column\">\n\t\t\t<div class=\"elementor-widget-wrap elementor-element-populated\">\n\t\t\t\t\t\t<div class=\"elementor-element elementor-element-531c5a4 elementor-widget elementor-widget-text-editor\" data-id=\"531c5a4\" data-element_type=\"widget\" data-e-type=\"widget\" id=\"dictxt\" data-widget_type=\"text-editor.default\">\n\t\t\t\t<div class=\"elementor-widget-container\">\n\t\t\t\t\t\t\t\t\t<p>Emilceramica S.r.l. s&rsquo;engage \u00e0 rendre son site web accessible, conform\u00e9ment \u00e0 la loi n\u00b0 4 du 9 janvier 2004 (\u00ab\u00a0Loi Stanca\u00a0\u00bb), publi\u00e9e au Journal Officiel n\u00b0 13 le 17\/01\/2004. Cette d\u00e9claration d&rsquo;accessibilit\u00e9 s&rsquo;applique aux domaines systemclickandgo.com\/fr\/de, paveadngo.com\/de, emilgroupawards.com.<\/p>\n<h2>\u00c9tat de conformit\u00e9<\/h2>\n<p>Partiellement conforme aux normes UNI CEI EN 301549:2022.<br \/>Ce site est partiellement conforme aux exigences pr\u00e9vues par l&rsquo;annexe A de la norme UNI CEI EN 301549:2022 en raison des non-conformit\u00e9s suivantes.<\/p>\n<h2>Contenus non accessibles<\/h2>\n<p>Certains contenus ne sont pas accessibles en raison d&rsquo;une non-conformit\u00e9 partielle ou incompl\u00e8te aux dispositions de l&rsquo;annexe A de la norme UNI CEI EN 301549:2022, notamment:<\/p>\n<ul>\n<li>C.9.1.1.1 : Certains contenus non textuels pr\u00e9sent\u00e9s \u00e0 l&rsquo;utilisateur n&rsquo;ont pas d&rsquo;alternative textuelle \u00e9quivalente.<\/li>\n<li>C.9.1.2.1 : Une vid\u00e9o n&rsquo;a pas d&rsquo;alternative \u00e9quivalente pour le contenu pr\u00e9enregistr\u00e9.<\/li>\n<li>C.9.1.2.2 : Une vid\u00e9o avec une piste audio pr\u00e9enregistr\u00e9e n&rsquo;a pas de sous-titres.<\/li>\n<li>C.9.1.2.3 : Une vid\u00e9o avec contenu synchronis\u00e9 ne fournit pas de description audio.<\/li>\n<li>C.9.1.3.1 : Dans certains cas, les informations, la structure ou les relations transmises par la pr\u00e9sentation des pages ne peuvent pas \u00eatre d\u00e9termin\u00e9es programatiquement (ou ne sont pas disponibles via le texte).<\/li>\n<li>C.9.1.4.3 : La pr\u00e9sentation visuelle du texte et des images contenant du texte ne respecte pas toujours le rapport de contraste minimal requis, sauf exceptions pr\u00e9vues par la r\u00e9glementation.<\/li>\n<li>C.9.1.4.5 : Dans de rares occasions, une image a \u00e9t\u00e9 utilis\u00e9e pour transmettre des informations.<\/li>\n<li>C.9.1.4.11 : Dans la pr\u00e9sentation visuelle, le rapport de contraste ne respecte pas toujours le rapport de contraste minimal par rapport aux couleurs adjacentes.<\/li>\n<li>C.9.2.4.4 : Dans de rares cas, le but de certains liens ne peut \u00eatre d\u00e9termin\u00e9 programatiquement \u00e0 partir du texte seul ou du texte du lien.<\/li>\n<li>C.9.2.4.7 : Dans certaines interfaces utilisateur accessibles au clavier, l&rsquo;indicateur de focus n&rsquo;est pas suffisamment visible.<\/li>\n<li>C.9.3.1.1 : Le param\u00e8tre de langue par d\u00e9faut de certaines pages web peut ne pas \u00eatre coh\u00e9rent dans certaines versions linguistiques.<\/li>\n<li>C.9.4.1.1 : Dans certains cas, les \u00e9l\u00e9ments de balisage ont des balises d&rsquo;ouverture et de fermeture incompl\u00e8tes ou ne sont pas imbriqu\u00e9s conform\u00e9ment \u00e0 leurs sp\u00e9cifications.<\/li>\n<li>C.9.4.1.2 : Dans certains cas, les \u00e9l\u00e9ments d&rsquo;un formulaire (nom et r\u00f4le) ne peuvent pas \u00eatre d\u00e9termin\u00e9s programatiquement.<\/li>\n<\/ul>\n<p><\/p>\n<h2>R\u00e9daction de la d\u00e9claration<\/h2>\n<p>Date de r\u00e9daction : 30\/05\/2025<br \/>\u00c9valuation r\u00e9alis\u00e9e par des tiers \u00e0 travers des analyses objectives et subjectives.<\/p>\n<h2>M\u00e9canisme de retour d&rsquo;information<\/h2>\n<p>Le fournisseur offre un m\u00e9canisme de retour d&rsquo;information pour signaler les cas de non-conformit\u00e9 et demander des informations sur les contenus exclus du champ d&rsquo;application de la directive. Pour signaler des probl\u00e8mes, veuillez envoyer un courriel \u00e0 marketing@emilceramicagroup.it.<\/p>\n<h2>Signalement \u00e0 AgID<\/h2>\n<p>En cas de r\u00e9ponse insatisfaisante ou de non-r\u00e9ponse dans les trente jours, la partie int\u00e9ress\u00e9e peut soumettre un rapport via le lien <a href=\"http:\/\/www.agid.it\">www.agid.it<\/a> ou en \u00e9crivant \u00e0 protocollo@pec.agid.gov.it.<br \/>Informations sur le site<\/p>\n<p>Date de publication du site : systemclickandgo.com\/fr\/de : 2025<br \/>Date de publication du site : paveadngo.com\/de : 2019<br \/>Date de publication du site : emilgroupawards.com : 2022<br \/>Des tests d&rsquo;utilisabilit\u00e9 ont \u00e9t\u00e9 effectu\u00e9s : OUI<br \/>CMS utilis\u00e9 pour le site web : WordPress<\/p>\n<h2>Informations sur la soci\u00e9t\u00e9<\/h2>\n<p>Nombre d&#8217;employ\u00e9s en situation de handicap : 11<br \/>Nombre de postes de travail pour les employ\u00e9s handicap\u00e9s : 0<br \/>Derni\u00e8re mise \u00e0 jour : 30\/05\/2025<\/p>\n<p>Le mod\u00e8le de la D\u00e9claration d\u2019Accessibilit\u00e9 pour le site web et l\u2019application mobile a \u00e9t\u00e9 \u00e9labor\u00e9 conform\u00e9ment \u00e0 la loi \u00ab\u00a0Dispositions visant \u00e0 favoriser et \u00e0 simplifier l&rsquo;acc\u00e8s des utilisateurs et, en particulier, des personnes handicap\u00e9es aux outils informatiques\u00a0\u00bb, Loi n\u00b0 4 du 9 janvier 2004, ou \u00ab\u00a0Loi Stanca\u00a0\u00bb.<\/p>\n\t\t\t\t\t\t\t\t<\/div>\n\t\t\t\t<\/div>\n\t\t\t\t\t<\/div>\n\t\t<\/div>\n\t\t\t\t\t<\/div>\n\t\t<\/section>\n\t\t\t\t<\/div>\n\t\t","protected":false},"excerpt":{"rendered":"<p>D\u00e9claration d&rsquo;accessibilit\u00e9 Emilceramica S.r.l. s&rsquo;engage \u00e0 rendre son site web accessible, conform\u00e9ment \u00e0 la loi n\u00b0 4 du 9 janvier 2004 (\u00ab\u00a0Loi Stanca\u00a0\u00bb), publi\u00e9e au Journal Officiel n\u00b0 13 le 17\/01\/2004. Cette d\u00e9claration d&rsquo;accessibilit\u00e9 s&rsquo;applique aux domaines systemclickandgo.com\/fr\/de, paveadngo.com\/de, emilgroupawards.com. \u00c9tat de conformit\u00e9 Partiellement conforme aux normes UNI CEI EN 301549:2022.Ce site est partiellement conforme [&hellip;]<\/p>\n","protected":false},"author":1,"featured_media":0,"parent":0,"menu_order":0,"comment_status":"closed","ping_status":"closed","template":"","meta":{"footnotes":""},"class_list":["post-4314","page","type-page","status-publish","hentry"],"_links":{"self":[{"href":"https:\/\/www.emilgroupawards.com\/fr\/wp-json\/wp\/v2\/pages\/4314","targetHints":{"allow":["GET"]}}],"collection":[{"href":"https:\/\/www.emilgroupawards.com\/fr\/wp-json\/wp\/v2\/pages"}],"about":[{"href":"https:\/\/www.emilgroupawards.com\/fr\/wp-json\/wp\/v2\/types\/page"}],"author":[{"embeddable":true,"href":"https:\/\/www.emilgroupawards.com\/fr\/wp-json\/wp\/v2\/users\/1"}],"replies":[{"embeddable":true,"href":"https:\/\/www.emilgroupawards.com\/fr\/wp-json\/wp\/v2\/comments?post=4314"}],"version-history":[{"count":3,"href":"https:\/\/www.emilgroupawards.com\/fr\/wp-json\/wp\/v2\/pages\/4314\/revisions"}],"predecessor-version":[{"id":4340,"href":"https:\/\/www.emilgroupawards.com\/fr\/wp-json\/wp\/v2\/pages\/4314\/revisions\/4340"}],"wp:attachment":[{"href":"https:\/\/www.emilgroupawards.com\/fr\/wp-json\/wp\/v2\/media?parent=4314"}],"curies":[{"name":"wp","href":"https:\/\/api.w.org\/{rel}","templated":true}]}}