{"id":3805,"date":"2024-10-29T10:01:02","date_gmt":"2024-10-29T09:01:02","guid":{"rendered":"https:\/\/www.emilgroupawards.com\/?page_id=3805"},"modified":"2024-10-30T09:30:30","modified_gmt":"2024-10-30T08:30:30","slug":"happy-hours-bacoli","status":"publish","type":"page","link":"https:\/\/www.emilgroupawards.com\/fr\/les-gagnants-2024\/happy-hours-bacoli\/","title":{"rendered":"Happy Hours Bacoli"},"content":{"rendered":"\t\t<div data-elementor-type=\"wp-page\" data-elementor-id=\"3805\" class=\"elementor elementor-3805 elementor-3578\" data-elementor-post-type=\"page\">\n\t\t\t\t\t\t<section class=\"elementor-section elementor-top-section elementor-element elementor-element-64145f4e elementor-section-full_width elementor-section-items-stretch elementor-section-height-min-height elementor-section-height-default\" data-id=\"64145f4e\" data-element_type=\"section\" data-e-type=\"section\" data-settings=\"{&quot;background_background&quot;:&quot;classic&quot;}\">\n\t\t\t\t\t\t<div class=\"elementor-container elementor-column-gap-no\">\n\t\t\t\t\t<div class=\"elementor-column elementor-col-100 elementor-top-column elementor-element elementor-element-12b3ba5f\" data-id=\"12b3ba5f\" data-element_type=\"column\" data-e-type=\"column\">\n\t\t\t<div class=\"elementor-widget-wrap\">\n\t\t\t\t\t\t\t<\/div>\n\t\t<\/div>\n\t\t\t\t\t<\/div>\n\t\t<\/section>\n\t\t\t\t<section class=\"elementor-section elementor-top-section elementor-element elementor-element-410db28 elementor-section-full_width elementor-section-height-min-height elementor-section-items-stretch elementor-section-content-middle elementor-section-height-default\" data-id=\"410db28\" data-element_type=\"section\" data-e-type=\"section\">\n\t\t\t\t\t\t<div class=\"elementor-container elementor-column-gap-no\">\n\t\t\t\t\t<div class=\"elementor-column elementor-col-50 elementor-top-column elementor-element elementor-element-2cce8990 elementor-hidden-mobile\" data-id=\"2cce8990\" data-element_type=\"column\" data-e-type=\"column\" data-settings=\"{&quot;background_background&quot;:&quot;classic&quot;}\">\n\t\t\t<div class=\"elementor-widget-wrap elementor-element-populated\">\n\t\t\t\t\t\t\t<\/div>\n\t\t<\/div>\n\t\t\t\t<div class=\"elementor-column elementor-col-50 elementor-top-column elementor-element elementor-element-5f6c618\" data-id=\"5f6c618\" data-element_type=\"column\" data-e-type=\"column\">\n\t\t\t<div class=\"elementor-widget-wrap elementor-element-populated\">\n\t\t\t\t\t\t<div class=\"elementor-element elementor-element-3849faf0 elementor-widget__width-auto elementor-widget elementor-widget-heading\" data-id=\"3849faf0\" data-element_type=\"widget\" data-e-type=\"widget\" data-widget_type=\"heading.default\">\n\t\t\t\t<div class=\"elementor-widget-container\">\n\t\t\t\t\t<span class=\"elementor-heading-title elementor-size-default\">Cat\u00e9gorie<\/span>\t\t\t\t<\/div>\n\t\t\t\t<\/div>\n\t\t\t\t<div class=\"elementor-element elementor-element-4b28c8df elementor-widget__width-auto elementor-widget elementor-widget-image\" data-id=\"4b28c8df\" data-element_type=\"widget\" data-e-type=\"widget\" data-widget_type=\"image.default\">\n\t\t\t\t<div class=\"elementor-widget-container\">\n\t\t\t\t\t\t\t\t\t\t\t\t\t\t\t<img decoding=\"async\" width=\"174\" height=\"174\" src=\"https:\/\/www.emilgroupawards.com\/wp-content\/uploads\/2022\/09\/Icona-1.png\" class=\"attachment-large size-large wp-image-1305\" alt=\"\" srcset=\"https:\/\/www.emilgroupawards.com\/wp-content\/uploads\/2022\/09\/Icona-1.png 174w, https:\/\/www.emilgroupawards.com\/wp-content\/uploads\/2022\/09\/Icona-1-150x150.png 150w\" sizes=\"(max-width: 174px) 100vw, 174px\" \/>\t\t\t\t\t\t\t\t\t\t\t\t\t\t\t<\/div>\n\t\t\t\t<\/div>\n\t\t\t\t<div class=\"elementor-element elementor-element-239a0621 elementor-widget__width-auto elementor-widget elementor-widget-heading\" data-id=\"239a0621\" data-element_type=\"widget\" data-e-type=\"widget\" data-widget_type=\"heading.default\">\n\t\t\t\t<div class=\"elementor-widget-container\">\n\t\t\t\t\t<span class=\"elementor-heading-title elementor-size-default\">Cr\u00e9ativit\u00e9<\/span>\t\t\t\t<\/div>\n\t\t\t\t<\/div>\n\t\t\t\t<div class=\"elementor-element elementor-element-91ed1f4 elementor-widget-divider--view-line elementor-widget elementor-widget-divider\" data-id=\"91ed1f4\" data-element_type=\"widget\" data-e-type=\"widget\" data-widget_type=\"divider.default\">\n\t\t\t\t<div class=\"elementor-widget-container\">\n\t\t\t\t\t\t\t<div class=\"elementor-divider\">\n\t\t\t<span class=\"elementor-divider-separator\">\n\t\t\t\t\t\t<\/span>\n\t\t<\/div>\n\t\t\t\t\t\t<\/div>\n\t\t\t\t<\/div>\n\t\t\t\t<div class=\"elementor-element elementor-element-7059839e elementor-widget elementor-widget-heading\" data-id=\"7059839e\" data-element_type=\"widget\" data-e-type=\"widget\" data-widget_type=\"heading.default\">\n\t\t\t\t<div class=\"elementor-widget-container\">\n\t\t\t\t\t<div class=\"elementor-heading-title elementor-size-default\">Bureau d'architecture manuarino<\/div>\t\t\t\t<\/div>\n\t\t\t\t<\/div>\n\t\t\t\t<div class=\"elementor-element elementor-element-4e89aedc elementor-widget elementor-widget-heading\" data-id=\"4e89aedc\" data-element_type=\"widget\" data-e-type=\"widget\" data-widget_type=\"heading.default\">\n\t\t\t\t<div class=\"elementor-widget-container\">\n\t\t\t\t\t<h3 class=\"elementor-heading-title elementor-size-default\">Happy Hours Bacoli: <\/br> un resto au design unique<\/h3>\t\t\t\t<\/div>\n\t\t\t\t<\/div>\n\t\t\t\t<div class=\"elementor-element elementor-element-2381d2f3 elementor-widget__width-initial elementor-widget elementor-widget-text-editor\" data-id=\"2381d2f3\" data-element_type=\"widget\" data-e-type=\"widget\" data-widget_type=\"text-editor.default\">\n\t\t\t\t<div class=\"elementor-widget-container\">\n\t\t\t\t\t\t\t\t\tSitu\u00e9 au c\u0153ur de Bacoli, \u00e0 Naples, le projet <strong>Happy Hours Bacoli<\/strong> a s\u00e9duit le jury et remport\u00e9 le prix de la cat\u00e9gorie \u00ab\u00a0Cr\u00e9ativit\u00e9\u00a0\u00bb aux Emilgroup Project Awards 2024. Avec originalit\u00e9 et cr\u00e9ativit\u00e9, ce projet fait appel aux collections d&rsquo;Emilgroup, dont le bureau d&rsquo;architecture <strong>manuarino<\/strong> propose une lecture alternative par l&rsquo;optimisation de leur potentiel.\r\n<\/br><\/br>\r\nLes surfaces en gr\u00e8s c\u00e9rame de la collection Abacus allient parfaitement esth\u00e9tique et fonctionnalit\u00e9, et m\u00e9tamorphosent le restaurant en un lieu \u00e0 la fois accueillant et pratique. Les mat\u00e9riaux de haute qualit\u00e9 garantissent durabilit\u00e9 et r\u00e9sistance, sans compromettre le charme visuel. Chaque carreau est un \u00e9l\u00e9ment distinctif qui contribue \u00e0 cr\u00e9er une ambiance chaleureuse et invitante, id\u00e9ale pour des moments de convivialit\u00e9 et de d\u00e9tente.\r\n<\/br><\/br>\r\n<em>Un grand merci au partenaire revendeur du projet\u00a0: <strong>Edilcuma<\/strong>.<\/em>\r\n\r\n&nbsp;\t\t\t\t\t\t\t\t<\/div>\n\t\t\t\t<\/div>\n\t\t\t\t\t<\/div>\n\t\t<\/div>\n\t\t\t\t\t<\/div>\n\t\t<\/section>\n\t\t\t\t<section class=\"elementor-section elementor-top-section elementor-element elementor-element-1ea57d51 elementor-section-full_width elementor-section-height-min-height elementor-section-items-stretch elementor-hidden-mobile elementor-section-height-default\" data-id=\"1ea57d51\" data-element_type=\"section\" data-e-type=\"section\">\n\t\t\t\t\t\t<div class=\"elementor-container elementor-column-gap-no\">\n\t\t\t\t\t<div class=\"elementor-column elementor-col-33 elementor-top-column elementor-element elementor-element-318be00f\" data-id=\"318be00f\" data-element_type=\"column\" data-e-type=\"column\" data-settings=\"{&quot;background_background&quot;:&quot;classic&quot;}\">\n\t\t\t<div class=\"elementor-widget-wrap elementor-element-populated\">\n\t\t\t\t\t\t<div class=\"elementor-element elementor-element-41d944fa elementor-widget elementor-widget-spacer\" data-id=\"41d944fa\" data-element_type=\"widget\" data-e-type=\"widget\" data-widget_type=\"spacer.default\">\n\t\t\t\t<div class=\"elementor-widget-container\">\n\t\t\t\t\t\t\t<div class=\"elementor-spacer\">\n\t\t\t<div class=\"elementor-spacer-inner\"><\/div>\n\t\t<\/div>\n\t\t\t\t\t\t<\/div>\n\t\t\t\t<\/div>\n\t\t\t\t\t<\/div>\n\t\t<\/div>\n\t\t\t\t<div class=\"elementor-column elementor-col-33 elementor-top-column elementor-element elementor-element-178f0ba9\" data-id=\"178f0ba9\" data-element_type=\"column\" data-e-type=\"column\" data-settings=\"{&quot;background_background&quot;:&quot;classic&quot;}\">\n\t\t\t<div class=\"elementor-widget-wrap elementor-element-populated\">\n\t\t\t\t\t\t<div class=\"elementor-element elementor-element-77566959 elementor-widget elementor-widget-spacer\" data-id=\"77566959\" data-element_type=\"widget\" data-e-type=\"widget\" data-widget_type=\"spacer.default\">\n\t\t\t\t<div class=\"elementor-widget-container\">\n\t\t\t\t\t\t\t<div class=\"elementor-spacer\">\n\t\t\t<div class=\"elementor-spacer-inner\"><\/div>\n\t\t<\/div>\n\t\t\t\t\t\t<\/div>\n\t\t\t\t<\/div>\n\t\t\t\t\t<\/div>\n\t\t<\/div>\n\t\t\t\t<div class=\"elementor-column elementor-col-33 elementor-top-column elementor-element elementor-element-2f635812\" data-id=\"2f635812\" data-element_type=\"column\" data-e-type=\"column\" data-settings=\"{&quot;background_background&quot;:&quot;classic&quot;}\">\n\t\t\t<div class=\"elementor-widget-wrap elementor-element-populated\">\n\t\t\t\t\t\t<div class=\"elementor-element elementor-element-54edbca elementor-widget elementor-widget-spacer\" data-id=\"54edbca\" data-element_type=\"widget\" data-e-type=\"widget\" data-widget_type=\"spacer.default\">\n\t\t\t\t<div class=\"elementor-widget-container\">\n\t\t\t\t\t\t\t<div class=\"elementor-spacer\">\n\t\t\t<div class=\"elementor-spacer-inner\"><\/div>\n\t\t<\/div>\n\t\t\t\t\t\t<\/div>\n\t\t\t\t<\/div>\n\t\t\t\t\t<\/div>\n\t\t<\/div>\n\t\t\t\t\t<\/div>\n\t\t<\/section>\n\t\t\t\t<section class=\"elementor-section elementor-top-section elementor-element elementor-element-360160ab elementor-section-full_width elementor-hidden-desktop elementor-hidden-tablet elementor-section-height-default elementor-section-height-default\" data-id=\"360160ab\" data-element_type=\"section\" data-e-type=\"section\">\n\t\t\t\t\t\t<div class=\"elementor-container elementor-column-gap-no\">\n\t\t\t\t\t<div class=\"elementor-column elementor-col-100 elementor-top-column elementor-element elementor-element-56c5c32a\" data-id=\"56c5c32a\" data-element_type=\"column\" data-e-type=\"column\">\n\t\t\t<div class=\"elementor-widget-wrap elementor-element-populated\">\n\t\t\t\t\t\t<div class=\"elementor-element elementor-element-179b863a elementor-widget elementor-widget-ucaddon_uc_slider_image\" data-id=\"179b863a\" data-element_type=\"widget\" data-e-type=\"widget\" data-widget_type=\"ucaddon_uc_slider_image.default\">\n\t\t\t\t<div class=\"elementor-widget-container\">\n\t\t\t\t\t\n<!-- start Slider Gallery -->\n\t\t<link id='unitegallery-css' href='https:\/\/www.emilgroupawards.com\/wp-content\/plugins\/unlimited-elements-for-elementor-premium\/assets_libraries\/unitegallery\/css\/unite-gallery.css' type='text\/css' rel='stylesheet' >\n\n<style>\/* widget: Slider Gallery *\/\n\n#uc_uc_slider_image_elementor_179b863a\n{\n  overflow:hidden;\n}\n\n#uc_uc_slider_image_elementor_179b863a-wrapper\n{\n  min-height:1px;\n}\n\n<\/style>\n\n<div id=\"uc_uc_slider_image_elementor_179b863a-wrapper\">\n<div id=\"uc_uc_slider_image_elementor_179b863a\" class=\"uc-items-wrapper  \" style=\"display:none; margin:0 auto;\"  data-remote-type=\"gallery\" data-custom-sethtml=\"true\" >\n\n\n<img decoding=\"async\" alt=\"03-Shopping Mall Lippulaiva\"\n   src=\"https:\/\/www.emilgroupawards.com\/wp-content\/uploads\/2023\/09\/03-Shopping-Mall-Lippulaiva-768x512.jpg\"\n    data-image=\"https:\/\/www.emilgroupawards.com\/wp-content\/uploads\/2023\/09\/03-Shopping-Mall-Lippulaiva.jpg\"\n    data-title=\"03-Shopping Mall Lippulaiva\">\n\n<img decoding=\"async\" alt=\"04-Shopping Mall Lippulaiva\"\n   src=\"https:\/\/www.emilgroupawards.com\/wp-content\/uploads\/2023\/09\/04-Shopping-Mall-Lippulaiva-768x512.jpg\"\n    data-image=\"https:\/\/www.emilgroupawards.com\/wp-content\/uploads\/2023\/09\/04-Shopping-Mall-Lippulaiva.jpg\"\n    data-title=\"04-Shopping Mall Lippulaiva\">\n\n<img decoding=\"async\" alt=\"02-Shopping Mall Lippulaiva\"\n   src=\"https:\/\/www.emilgroupawards.com\/wp-content\/uploads\/2023\/09\/02-Shopping-Mall-Lippulaiva-768x512.jpg\"\n    data-image=\"https:\/\/www.emilgroupawards.com\/wp-content\/uploads\/2023\/09\/02-Shopping-Mall-Lippulaiva.jpg\"\n    data-title=\"02-Shopping Mall Lippulaiva\">\n\n  \n<\/div>\n<\/div>\n<!-- end Slider Gallery -->\t\t\t\t<\/div>\n\t\t\t\t<\/div>\n\t\t\t\t\t<\/div>\n\t\t<\/div>\n\t\t\t\t\t<\/div>\n\t\t<\/section>\n\t\t\t\t<\/div>\n\t\t","protected":false},"excerpt":{"rendered":"<p>Cat\u00e9gorie Cr\u00e9ativit\u00e9 Bureau d&rsquo;architecture manuarino Happy Hours Bacoli: un resto au design unique Situ\u00e9 au c\u0153ur de Bacoli, \u00e0 Naples, le projet Happy Hours Bacoli a s\u00e9duit le jury et remport\u00e9 le prix de la cat\u00e9gorie \u00ab\u00a0Cr\u00e9ativit\u00e9\u00a0\u00bb aux Emilgroup Project Awards 2024. Avec originalit\u00e9 et cr\u00e9ativit\u00e9, ce projet fait appel aux collections d&rsquo;Emilgroup, dont le [&hellip;]<\/p>\n","protected":false},"author":2,"featured_media":0,"parent":3911,"menu_order":0,"comment_status":"closed","ping_status":"closed","template":"","meta":{"footnotes":""},"class_list":["post-3805","page","type-page","status-publish","hentry"],"_links":{"self":[{"href":"https:\/\/www.emilgroupawards.com\/fr\/wp-json\/wp\/v2\/pages\/3805","targetHints":{"allow":["GET"]}}],"collection":[{"href":"https:\/\/www.emilgroupawards.com\/fr\/wp-json\/wp\/v2\/pages"}],"about":[{"href":"https:\/\/www.emilgroupawards.com\/fr\/wp-json\/wp\/v2\/types\/page"}],"author":[{"embeddable":true,"href":"https:\/\/www.emilgroupawards.com\/fr\/wp-json\/wp\/v2\/users\/2"}],"replies":[{"embeddable":true,"href":"https:\/\/www.emilgroupawards.com\/fr\/wp-json\/wp\/v2\/comments?post=3805"}],"version-history":[{"count":7,"href":"https:\/\/www.emilgroupawards.com\/fr\/wp-json\/wp\/v2\/pages\/3805\/revisions"}],"predecessor-version":[{"id":3928,"href":"https:\/\/www.emilgroupawards.com\/fr\/wp-json\/wp\/v2\/pages\/3805\/revisions\/3928"}],"up":[{"embeddable":true,"href":"https:\/\/www.emilgroupawards.com\/fr\/wp-json\/wp\/v2\/pages\/3911"}],"wp:attachment":[{"href":"https:\/\/www.emilgroupawards.com\/fr\/wp-json\/wp\/v2\/media?parent=3805"}],"curies":[{"name":"wp","href":"https:\/\/api.w.org\/{rel}","templated":true}]}}