{"id":1610,"date":"2022-09-21T14:04:10","date_gmt":"2022-09-21T12:04:10","guid":{"rendered":"https:\/\/www.emilgroupawards.com\/les-gagnants\/projet-progress-country-wine-house-di-asolo-italie\/"},"modified":"2022-09-27T15:20:36","modified_gmt":"2022-09-27T13:20:36","slug":"projet-progress-country-wine-house-di-asolo-italie","status":"publish","type":"page","link":"https:\/\/www.emilgroupawards.com\/fr\/les-gagnants\/projet-progress-country-wine-house-di-asolo-italie\/","title":{"rendered":"Projet Progress Country &#038; Wine House di Asolo (Italie)"},"content":{"rendered":"\t\t<div data-elementor-type=\"wp-page\" data-elementor-id=\"1610\" class=\"elementor elementor-1610 elementor-1438\" data-elementor-post-type=\"page\">\n\t\t\t\t\t\t<section class=\"elementor-section elementor-top-section elementor-element elementor-element-64145f4e elementor-section-full_width elementor-section-items-stretch elementor-section-height-min-height elementor-section-height-default\" data-id=\"64145f4e\" data-element_type=\"section\" data-e-type=\"section\" data-settings=\"{&quot;background_background&quot;:&quot;classic&quot;}\">\n\t\t\t\t\t\t<div class=\"elementor-container elementor-column-gap-no\">\n\t\t\t\t\t<div class=\"elementor-column elementor-col-100 elementor-top-column elementor-element elementor-element-12b3ba5f\" data-id=\"12b3ba5f\" data-element_type=\"column\" data-e-type=\"column\">\n\t\t\t<div class=\"elementor-widget-wrap\">\n\t\t\t\t\t\t\t<\/div>\n\t\t<\/div>\n\t\t\t\t\t<\/div>\n\t\t<\/section>\n\t\t\t\t<section class=\"elementor-section elementor-top-section elementor-element elementor-element-410db28 elementor-section-full_width elementor-section-height-min-height elementor-section-items-stretch elementor-section-content-middle elementor-section-height-default\" data-id=\"410db28\" data-element_type=\"section\" data-e-type=\"section\">\n\t\t\t\t\t\t<div class=\"elementor-container elementor-column-gap-no\">\n\t\t\t\t\t<div class=\"elementor-column elementor-col-50 elementor-top-column elementor-element elementor-element-2cce8990 elementor-hidden-mobile\" data-id=\"2cce8990\" data-element_type=\"column\" data-e-type=\"column\" data-settings=\"{&quot;background_background&quot;:&quot;classic&quot;}\">\n\t\t\t<div class=\"elementor-widget-wrap elementor-element-populated\">\n\t\t\t\t\t\t\t<\/div>\n\t\t<\/div>\n\t\t\t\t<div class=\"elementor-column elementor-col-50 elementor-top-column elementor-element elementor-element-5f6c618\" data-id=\"5f6c618\" data-element_type=\"column\" data-e-type=\"column\">\n\t\t\t<div class=\"elementor-widget-wrap elementor-element-populated\">\n\t\t\t\t\t\t<div class=\"elementor-element elementor-element-3849faf0 elementor-widget__width-auto elementor-widget elementor-widget-heading\" data-id=\"3849faf0\" data-element_type=\"widget\" data-e-type=\"widget\" data-widget_type=\"heading.default\">\n\t\t\t\t<div class=\"elementor-widget-container\">\n\t\t\t\t\t<span class=\"elementor-heading-title elementor-size-default\">Cat\u00e9gorie<\/span>\t\t\t\t<\/div>\n\t\t\t\t<\/div>\n\t\t\t\t<div class=\"elementor-element elementor-element-4b28c8df elementor-widget__width-auto elementor-widget elementor-widget-image\" data-id=\"4b28c8df\" data-element_type=\"widget\" data-e-type=\"widget\" data-widget_type=\"image.default\">\n\t\t\t\t<div class=\"elementor-widget-container\">\n\t\t\t\t\t\t\t\t\t\t\t\t\t\t\t<img decoding=\"async\" width=\"174\" height=\"174\" src=\"https:\/\/www.emilgroupawards.com\/wp-content\/uploads\/2022\/09\/Icona-1.png\" class=\"attachment-large size-large wp-image-1305\" alt=\"\" srcset=\"https:\/\/www.emilgroupawards.com\/wp-content\/uploads\/2022\/09\/Icona-1.png 174w, https:\/\/www.emilgroupawards.com\/wp-content\/uploads\/2022\/09\/Icona-1-150x150.png 150w\" sizes=\"(max-width: 174px) 100vw, 174px\" \/>\t\t\t\t\t\t\t\t\t\t\t\t\t\t\t<\/div>\n\t\t\t\t<\/div>\n\t\t\t\t<div class=\"elementor-element elementor-element-239a0621 elementor-widget__width-auto elementor-widget elementor-widget-heading\" data-id=\"239a0621\" data-element_type=\"widget\" data-e-type=\"widget\" data-widget_type=\"heading.default\">\n\t\t\t\t<div class=\"elementor-widget-container\">\n\t\t\t\t\t<span class=\"elementor-heading-title elementor-size-default\">Cr\u00e9ativit\u00e9<\/span>\t\t\t\t<\/div>\n\t\t\t\t<\/div>\n\t\t\t\t<div class=\"elementor-element elementor-element-91ed1f4 elementor-widget-divider--view-line elementor-widget elementor-widget-divider\" data-id=\"91ed1f4\" data-element_type=\"widget\" data-e-type=\"widget\" data-widget_type=\"divider.default\">\n\t\t\t\t<div class=\"elementor-widget-container\">\n\t\t\t\t\t\t\t<div class=\"elementor-divider\">\n\t\t\t<span class=\"elementor-divider-separator\">\n\t\t\t\t\t\t<\/span>\n\t\t<\/div>\n\t\t\t\t\t\t<\/div>\n\t\t\t\t<\/div>\n\t\t\t\t<div class=\"elementor-element elementor-element-7059839e elementor-widget elementor-widget-heading\" data-id=\"7059839e\" data-element_type=\"widget\" data-e-type=\"widget\" data-widget_type=\"heading.default\">\n\t\t\t\t<div class=\"elementor-widget-container\">\n\t\t\t\t\t<div class=\"elementor-heading-title elementor-size-default\">GPA Giuliano Pastro Arch. Associati<\/div>\t\t\t\t<\/div>\n\t\t\t\t<\/div>\n\t\t\t\t<div class=\"elementor-element elementor-element-4e89aedc elementor-widget elementor-widget-heading\" data-id=\"4e89aedc\" data-element_type=\"widget\" data-e-type=\"widget\" data-widget_type=\"heading.default\">\n\t\t\t\t<div class=\"elementor-widget-container\">\n\t\t\t\t\t<h3 class=\"elementor-heading-title elementor-size-default\">Projet Progress Country &amp; Wine<br> House di Asolo (Italie)<\/h3>\t\t\t\t<\/div>\n\t\t\t\t<\/div>\n\t\t\t\t<div class=\"elementor-element elementor-element-785794a8 elementor-widget elementor-widget-text-editor\" data-id=\"785794a8\" data-element_type=\"widget\" data-e-type=\"widget\" data-widget_type=\"text-editor.default\">\n\t\t\t\t<div class=\"elementor-widget-container\">\n\t\t\t\t\t\t\t\t\t<p>Le projet Progress Country &amp; Wine House a su regrouper<br \/>\nplusieurs collections de mani\u00e8re originale et cr\u00e9ative<br \/>\nen fournissant une lecture alternative et en exaltant<br \/>\nau maximum leur potentiel.<\/p>\n\t\t\t\t\t\t\t\t<\/div>\n\t\t\t\t<\/div>\n\t\t\t\t<div class=\"elementor-element elementor-element-2381d2f3 elementor-widget elementor-widget-text-editor\" data-id=\"2381d2f3\" data-element_type=\"widget\" data-e-type=\"widget\" data-widget_type=\"text-editor.default\">\n\t\t\t\t<div class=\"elementor-widget-container\">\n\t\t\t\t\t\t\t\t\t<p>Dix collections Emilgroup ont \u00e9t\u00e9 recrut\u00e9es pour ce projet<br \/>\narchitectural d\u00e9di\u00e9 \u00e0 l&rsquo;accueil de luxe\u00a0: Stone Talk, Playground,<br \/>\nWood Talk, Tr3nd de la marque Ergon et 20Twenty, Millelegni,<br \/>\nOn Square, Be-Square, Nordika et TotaLook de la marque Emilceramica.<br \/>\nElles ont permis chacune de composer des atmosph\u00e8res et styles<br \/>\ndiff\u00e9rents dans les suites du domaine, tout en conservant l&rsquo;harmonie<br \/>\nvisuelle d&rsquo;un espace \u00e0 l&rsquo;autre.<\/p>\n\t\t\t\t\t\t\t\t<\/div>\n\t\t\t\t<\/div>\n\t\t\t\t\t<\/div>\n\t\t<\/div>\n\t\t\t\t\t<\/div>\n\t\t<\/section>\n\t\t\t\t<section class=\"elementor-section elementor-top-section elementor-element elementor-element-1ea57d51 elementor-section-full_width elementor-section-height-min-height elementor-section-items-stretch elementor-hidden-mobile elementor-section-height-default\" data-id=\"1ea57d51\" data-element_type=\"section\" data-e-type=\"section\">\n\t\t\t\t\t\t<div class=\"elementor-container elementor-column-gap-no\">\n\t\t\t\t\t<div class=\"elementor-column elementor-col-33 elementor-top-column elementor-element elementor-element-318be00f\" data-id=\"318be00f\" data-element_type=\"column\" data-e-type=\"column\" data-settings=\"{&quot;background_background&quot;:&quot;classic&quot;}\">\n\t\t\t<div class=\"elementor-widget-wrap elementor-element-populated\">\n\t\t\t\t\t\t<div class=\"elementor-element elementor-element-41d944fa elementor-widget elementor-widget-spacer\" data-id=\"41d944fa\" data-element_type=\"widget\" data-e-type=\"widget\" data-widget_type=\"spacer.default\">\n\t\t\t\t<div class=\"elementor-widget-container\">\n\t\t\t\t\t\t\t<div class=\"elementor-spacer\">\n\t\t\t<div class=\"elementor-spacer-inner\"><\/div>\n\t\t<\/div>\n\t\t\t\t\t\t<\/div>\n\t\t\t\t<\/div>\n\t\t\t\t\t<\/div>\n\t\t<\/div>\n\t\t\t\t<div class=\"elementor-column elementor-col-33 elementor-top-column elementor-element elementor-element-178f0ba9\" data-id=\"178f0ba9\" data-element_type=\"column\" data-e-type=\"column\" data-settings=\"{&quot;background_background&quot;:&quot;classic&quot;}\">\n\t\t\t<div class=\"elementor-widget-wrap elementor-element-populated\">\n\t\t\t\t\t\t<div class=\"elementor-element elementor-element-77566959 elementor-widget elementor-widget-spacer\" data-id=\"77566959\" data-element_type=\"widget\" data-e-type=\"widget\" data-widget_type=\"spacer.default\">\n\t\t\t\t<div class=\"elementor-widget-container\">\n\t\t\t\t\t\t\t<div class=\"elementor-spacer\">\n\t\t\t<div class=\"elementor-spacer-inner\"><\/div>\n\t\t<\/div>\n\t\t\t\t\t\t<\/div>\n\t\t\t\t<\/div>\n\t\t\t\t\t<\/div>\n\t\t<\/div>\n\t\t\t\t<div class=\"elementor-column elementor-col-33 elementor-top-column elementor-element elementor-element-2f635812\" data-id=\"2f635812\" data-element_type=\"column\" data-e-type=\"column\" data-settings=\"{&quot;background_background&quot;:&quot;classic&quot;}\">\n\t\t\t<div class=\"elementor-widget-wrap elementor-element-populated\">\n\t\t\t\t\t\t<div class=\"elementor-element elementor-element-54edbca elementor-widget elementor-widget-spacer\" data-id=\"54edbca\" data-element_type=\"widget\" data-e-type=\"widget\" data-widget_type=\"spacer.default\">\n\t\t\t\t<div class=\"elementor-widget-container\">\n\t\t\t\t\t\t\t<div class=\"elementor-spacer\">\n\t\t\t<div class=\"elementor-spacer-inner\"><\/div>\n\t\t<\/div>\n\t\t\t\t\t\t<\/div>\n\t\t\t\t<\/div>\n\t\t\t\t\t<\/div>\n\t\t<\/div>\n\t\t\t\t\t<\/div>\n\t\t<\/section>\n\t\t\t\t<section class=\"elementor-section elementor-top-section elementor-element elementor-element-360160ab elementor-section-full_width elementor-hidden-desktop elementor-hidden-tablet elementor-section-height-default elementor-section-height-default\" data-id=\"360160ab\" data-element_type=\"section\" data-e-type=\"section\">\n\t\t\t\t\t\t<div class=\"elementor-container elementor-column-gap-no\">\n\t\t\t\t\t<div class=\"elementor-column elementor-col-100 elementor-top-column elementor-element elementor-element-56c5c32a\" data-id=\"56c5c32a\" data-element_type=\"column\" data-e-type=\"column\">\n\t\t\t<div class=\"elementor-widget-wrap elementor-element-populated\">\n\t\t\t\t\t\t<div class=\"elementor-element elementor-element-179b863a elementor-widget elementor-widget-ucaddon_uc_slider_image\" data-id=\"179b863a\" data-element_type=\"widget\" data-e-type=\"widget\" data-widget_type=\"ucaddon_uc_slider_image.default\">\n\t\t\t\t<div class=\"elementor-widget-container\">\n\t\t\t\t\t\n<!-- start Slider Gallery -->\n\t\t<link id='unitegallery-css' href='https:\/\/www.emilgroupawards.com\/wp-content\/plugins\/unlimited-elements-for-elementor-premium\/assets_libraries\/unitegallery\/css\/unite-gallery.css' type='text\/css' rel='stylesheet' >\n\n<style>\/* widget: Slider Gallery *\/\n\n#uc_uc_slider_image_elementor_179b863a\n{\n  overflow:hidden;\n}\n\n#uc_uc_slider_image_elementor_179b863a-wrapper\n{\n  min-height:1px;\n}\n\n<\/style>\n\n<div id=\"uc_uc_slider_image_elementor_179b863a-wrapper\">\n<div id=\"uc_uc_slider_image_elementor_179b863a\" class=\"uc-items-wrapper  \" style=\"display:none; margin:0 auto;\"  data-remote-type=\"gallery\" data-custom-sethtml=\"true\" >\n\n\n<img decoding=\"async\" alt=\"Rectangle-7\"\n   src=\"https:\/\/www.emilgroupawards.com\/wp-content\/uploads\/2022\/09\/Rectangle-7.jpg\"\n    data-image=\"https:\/\/www.emilgroupawards.com\/wp-content\/uploads\/2022\/09\/Rectangle-7.jpg\"\n    data-title=\"Rectangle-7\">\n\n<img decoding=\"async\" alt=\"Rectangle-8\"\n   src=\"https:\/\/www.emilgroupawards.com\/wp-content\/uploads\/2022\/09\/Rectangle-8.jpg\"\n    data-image=\"https:\/\/www.emilgroupawards.com\/wp-content\/uploads\/2022\/09\/Rectangle-8.jpg\"\n    data-title=\"Rectangle-8\">\n\n<img decoding=\"async\" alt=\"Rectangle-9\"\n   src=\"https:\/\/www.emilgroupawards.com\/wp-content\/uploads\/2022\/09\/Rectangle-9.jpg\"\n    data-image=\"https:\/\/www.emilgroupawards.com\/wp-content\/uploads\/2022\/09\/Rectangle-9.jpg\"\n    data-title=\"Rectangle-9\">\n\n  \n<\/div>\n<\/div>\n<!-- end Slider Gallery -->\t\t\t\t<\/div>\n\t\t\t\t<\/div>\n\t\t\t\t\t<\/div>\n\t\t<\/div>\n\t\t\t\t\t<\/div>\n\t\t<\/section>\n\t\t\t\t<\/div>\n\t\t","protected":false},"excerpt":{"rendered":"<p>Cat\u00e9gorie Cr\u00e9ativit\u00e9 GPA Giuliano Pastro Arch. Associati Projet Progress Country &#038; Wine House di Asolo (Italie) Le projet Progress Country &amp; Wine House a su regrouper plusieurs collections de mani\u00e8re originale et cr\u00e9ative en fournissant une lecture alternative et en exaltant au maximum leur potentiel. Dix collections Emilgroup ont \u00e9t\u00e9 recrut\u00e9es pour ce projet architectural [&hellip;]<\/p>\n","protected":false},"author":1,"featured_media":0,"parent":1602,"menu_order":0,"comment_status":"closed","ping_status":"closed","template":"","meta":{"footnotes":""},"class_list":["post-1610","page","type-page","status-publish","hentry"],"_links":{"self":[{"href":"https:\/\/www.emilgroupawards.com\/fr\/wp-json\/wp\/v2\/pages\/1610","targetHints":{"allow":["GET"]}}],"collection":[{"href":"https:\/\/www.emilgroupawards.com\/fr\/wp-json\/wp\/v2\/pages"}],"about":[{"href":"https:\/\/www.emilgroupawards.com\/fr\/wp-json\/wp\/v2\/types\/page"}],"author":[{"embeddable":true,"href":"https:\/\/www.emilgroupawards.com\/fr\/wp-json\/wp\/v2\/users\/1"}],"replies":[{"embeddable":true,"href":"https:\/\/www.emilgroupawards.com\/fr\/wp-json\/wp\/v2\/comments?post=1610"}],"version-history":[{"count":2,"href":"https:\/\/www.emilgroupawards.com\/fr\/wp-json\/wp\/v2\/pages\/1610\/revisions"}],"predecessor-version":[{"id":1744,"href":"https:\/\/www.emilgroupawards.com\/fr\/wp-json\/wp\/v2\/pages\/1610\/revisions\/1744"}],"up":[{"embeddable":true,"href":"https:\/\/www.emilgroupawards.com\/fr\/wp-json\/wp\/v2\/pages\/1602"}],"wp:attachment":[{"href":"https:\/\/www.emilgroupawards.com\/fr\/wp-json\/wp\/v2\/media?parent=1610"}],"curies":[{"name":"wp","href":"https:\/\/api.w.org\/{rel}","templated":true}]}}