{"id":960,"date":"2022-04-06T08:54:05","date_gmt":"2022-04-06T06:54:05","guid":{"rendered":"https:\/\/www.emilgroupawards.com\/cookie-policy\/"},"modified":"2022-04-15T16:23:56","modified_gmt":"2022-04-15T14:23:56","slug":"cookie-policy","status":"publish","type":"page","link":"https:\/\/www.emilgroupawards.com\/es\/cookie-policy\/","title":{"rendered":"Cookie Policy"},"content":{"rendered":"\t\t<div data-elementor-type=\"wp-page\" data-elementor-id=\"960\" class=\"elementor elementor-960 elementor-945\" data-elementor-post-type=\"page\">\n\t\t\t\t\t\t<section class=\"elementor-section elementor-top-section elementor-element elementor-element-e3fabf3 elementor-section-boxed elementor-section-height-default elementor-section-height-default\" data-id=\"e3fabf3\" data-element_type=\"section\" data-e-type=\"section\">\n\t\t\t\t\t\t<div class=\"elementor-container elementor-column-gap-default\">\n\t\t\t\t\t<div class=\"elementor-column elementor-col-100 elementor-top-column elementor-element elementor-element-9f4b201\" data-id=\"9f4b201\" data-element_type=\"column\" data-e-type=\"column\">\n\t\t\t<div class=\"elementor-widget-wrap elementor-element-populated\">\n\t\t\t\t\t\t<div class=\"elementor-element elementor-element-4334627 elementor-widget elementor-widget-text-editor\" data-id=\"4334627\" data-element_type=\"widget\" data-e-type=\"widget\" data-widget_type=\"text-editor.default\">\n\t\t\t\t<div class=\"elementor-widget-container\">\n\t\t\t\t\t\t\t\t\t<h1>POL\u00cdTICA COMPLETA SOBRE EL USO DE LAS COOKIES<\/h1><h2 style=\"text-align: center;\">Pol\u00edtica de cookies de conformidad con lo dispuesto en el art\u00edculo 13 del Reglamento (UE) 2016\/679 (\u00abRGPD\u00bb)<\/h2><p>El presente documento informa a los Usuarios sobre las tecnolog\u00edas que ayudan esta Aplicaci\u00f3n a lograr los fines descritos a continuaci\u00f3n. Dichas tecnolog\u00edas permiten al Titular acceder a informaci\u00f3n y almacenarla (por ejemplo, utilizando una Cookie) o emplear recursos (por ejemplo, ejecutando un script) en el dispositivo de un Usuario mientras este interact\u00faa con esta Aplicaci\u00f3n.<\/p><p>Para simplificar, en el presente documento toda esta clase de tecnolog\u00edas se define como \u00abRastreadores\u00bb, salvo que exista un motivo para diferenciarlas.<br \/>Por ejemplo, mientras que las Cookies se pueden emplear en navegadores web y m\u00f3viles, ser\u00eda inexacto hablar de Cookies en el contexto de las aplicaciones m\u00f3viles ya que son rastreadores basados en navegadores. Por este motivo, en el presente documento, el t\u00e9rmino Cookies \u00fanicamente se utilizar\u00e1 cuando se emplee espec\u00edficamente para designar este tipo concreto de Rastreador.<\/p><p>Es posible que algunas de las finalidades para las que se utilizan Rastreadores exijan el consentimiento del Usuario. Siempre que se otorgue el consentimiento, este podr\u00e1 revocarse libremente en cualquier momento siguiendo las instrucciones facilitadas en el presente documento.<\/p><p>Esta Aplicaci\u00f3n utiliza Rastreadores gestionados directamente por el Titular (denominados Rastreadores \u201cde origen\u00bb) y Rastreadores que hacen posibles servicios prestados por un tercero (denominados Rastreadores \u201cde terceros\u201d). Salvo que se indique lo contrario en el presente documento, los terceros proveedores podr\u00e1n acceder a los Rastreadores que gestionen.<br \/>Los plazos de validez y expiraci\u00f3n de las Cookies y otros Rastreadores similares pueden variar dependiendo de la duraci\u00f3n establecida por el Titular o el proveedor correspondiente. Algunas de ellas expiran a la finalizaci\u00f3n de la sesi\u00f3n de navegaci\u00f3n del Usuario.<br \/>Adem\u00e1s de lo especificado en las descripciones que aparecen en cada una de las categor\u00edas indicadas m\u00e1s adelante, los Usuarios podr\u00e1n encontrar informaci\u00f3n m\u00e1s precisa y actualizada acerca de las especificaciones de duraci\u00f3n, as\u00ed como cualquier otra informaci\u00f3n relevante \u2013 como la presencia de otros Rastreadores &#8211; en las pol\u00edticas de privacidad de los terceros proveedores correspondientes para las que se proporcionan enlaces o contactando con el Titular.<\/p><p>Actividades estrictamente necesarias para el funcionamiento de esta Aplicaci\u00f3n y la prestaci\u00f3n del Servicio<br \/><a class=\"iubenda-white no-brand iubenda-noiframe iubenda-embed iub-legal-only iubenda-noiframe iub-body-embed\" title=\"Pol\u00edtica de Cookies\" href=\"https:\/\/www.iubenda.com\/privacy-policy\/90960787\/cookie-policy\/section\/technical-cookies\">Pol\u00edtica de Cookies<\/a><script type=\"text\/javascript\">(function (w,d) {var loader = function () {var s = d.createElement(\"script\"), tag = d.getElementsByTagName(\"script\")[0]; s.src=\"https:\/\/cdn.iubenda.com\/iubenda.js\"; tag.parentNode.insertBefore(s,tag);}; if(w.addEventListener){w.addEventListener(\"load\", loader, false);}else if(w.attachEvent){w.attachEvent(\"onload\", loader);}else{w.onload = loader;}})(window, document);<\/script><br \/><a class=\"iubenda-white no-brand iubenda-noiframe iubenda-embed iub-legal-only iubenda-noiframe iub-body-embed\" title=\"Pol\u00edtica de Cookies\" href=\"https:\/\/www.iubenda.com\/privacy-policy\/90960787\/cookie-policy\/section\/other-types-cookies\">Pol\u00edtica de Cookies<\/a><script type=\"text\/javascript\">(function (w,d) {var loader = function () {var s = d.createElement(\"script\"), tag = d.getElementsByTagName(\"script\")[0]; s.src=\"https:\/\/cdn.iubenda.com\/iubenda.js\"; tag.parentNode.insertBefore(s,tag);}; if(w.addEventListener){w.addEventListener(\"load\", loader, false);}else if(w.attachEvent){w.attachEvent(\"onload\", loader);}else{w.onload = loader;}})(window, document);<\/script><\/p><p>\u00a0<\/p><h3 id=\"manage_cookies\">C\u00f3mo gestionar preferencias y otorgar o revocar el consentimiento<\/h3><p>Existen varias maneras de gestionar las preferencias relacionadas con los Rastreadores y de otorgar o revocar el consentimiento, cuando corresponda:<\/p><p>Los Usuarios podr\u00e1n gestionar preferencias relacionadas con los Rastreadores directamente desde la configuraci\u00f3n de sus propios dispositivos, por ejemplo, impidiendo el uso o el almacenamiento de Rastreadores.<\/p><p>Asimismo, siempre que el uso de los Rastreadores se base en el consentimiento, los Usuarios podr\u00e1n prestar o revocar dicho consentimiento estableciendo sus preferencias dentro del aviso sobre cookies o actualizando dichas preferencias en el sentido que deseen a trav\u00e9s del widget de preferencias de consentimiento correspondiente, si lo hubiera.<\/p><p>Tambi\u00e9n es posible borrar Rastreadores almacenados previamente, incluyendo aquellos utilizados para recordar el consentimiento inicial del Usuario, a trav\u00e9s de las funcionalidades correspondientes del navegador o del dispositivo.<\/p><p>Al borrar el historial de navegaci\u00f3n es posible que se eliminen otros Rastreadores de la memoria local del navegador.<\/p><p>En cuanto a los Rastreadores de terceros, los Usuarios podr\u00e1n gestionar sus preferencias y revocar su consentimiento a trav\u00e9s del enlace de inhabilitaci\u00f3n relacionado (cuando exista), utilizando los medios indicados en la pol\u00edtica de privacidad del tercero o contactando con dicho tercero.<\/p><h4>Localizaci\u00f3n de la configuraci\u00f3n de Rastreadores<\/h4><p>Por ejemplo, los Usuarios podr\u00e1n encontrar informaci\u00f3n sobre c\u00f3mo gestionar las Cookies en los navegadores de uso m\u00e1s frecuente en las siguientes direcciones:<\/p><ul><li><a href=\"https:\/\/support.google.com\/chrome\/answer\/95647?hl=es&amp;p=cpn_cookies\" target=\"_blank\" rel=\"noopener nofollow\">Google Chrome<\/a><\/li><li><a href=\"https:\/\/support.mozilla.org\/es\/kb\/habilitar-y-deshabilitar-cookies-que-los-sitios-we\" target=\"_blank\" rel=\"noopener nofollow\">Mozilla Firefox<\/a><\/li><li><a href=\"https:\/\/support.apple.com\/es-es\/guide\/safari\/manage-cookies-and-website-data-sfri11471\/\" target=\"_blank\" rel=\"noopener nofollow\">Apple Safari<\/a><\/li><li><a href=\"http:\/\/windows.microsoft.com\/es-es\/windows-vista\/block-or-allow-cookies\" target=\"_blank\" rel=\"noopener nofollow\">Microsoft Internet Explorer<\/a><\/li><li><a href=\"https:\/\/support.microsoft.com\/es-es\/help\/4027947\" target=\"_blank\" rel=\"noopener nofollow\">Microsoft Edge<\/a><\/li><li><a href=\"https:\/\/support.brave.com\/hc\/articles\/360022806212-How-do-I-use-Shields-while-browsing\" target=\"_blank\" rel=\"noopener nofollow\">Brave<\/a><\/li><li><a href=\"https:\/\/help.opera.com\/latest\/web-preferences\/#cookies\" target=\"_blank\" rel=\"noopener nofollow\">Opera<\/a><\/li><\/ul><p>Los Usuarios tambi\u00e9n podr\u00e1n gestionar determinadas categor\u00edas de Rastreadores utilizados en aplicaciones m\u00f3viles inhabilit\u00e1ndolos a trav\u00e9s de la configuraci\u00f3n del dispositivo relevante, como la configuraci\u00f3n de publicidad del dispositivo para dispositivos m\u00f3viles o la configuraci\u00f3n de rastreo en general (los Usuarios podr\u00e1n abrir la configuraci\u00f3n del dispositivo y buscar la opci\u00f3n relevante).<\/p><p>Qui\u00e9nes son el Responsable del tratamiento y el Delegado de protecci\u00f3n de datos (DPD)<br \/>El Responsable del tratamiento es Emilceramica S.r.l. a Socio unico, con domicilio social en Via Ghiarola Nuova 29, 41042 Fiorano Modenese (M\u00f3dena, Italia), en la persona de su representante legal pro tempore (en adelante, \u00abResponsable del tratamiento\u00bb o \u00abEmilceramica\u00bb).<br \/>Para ejercer sus derechos y recibir cualquier informaci\u00f3n relativa a los mismos y\/o a la presente Nota Informativa, puede usted ponerse en contacto con el Responsable del tratamiento escribiendo a privacy@emilceramicagroup.it o llamando al n\u00famero de tel\u00e9fono +39 0536 835111.<br \/>El Responsable del tratamiento ha designado a un Delegado de protecci\u00f3n de datos (\u00abDPD\u00bb), con el que puede usted ponerse en contacto para ejercer sus derechos, que se enumeran a continuaci\u00f3n en el apartado 7, as\u00ed como para recibir cualquier informaci\u00f3n relativa a los mismos y\/o a la presente Nota Informativa, escribiendo a: dpo@emilceramicagroup.it.<\/p><p><b>Transferencia de los datos personales fuera de la UE<\/b><\/p><p>Los datos personales del Usuario recogidos por medio de cookies (p. ej., cookies de terceros) podr\u00edan transferirse a pa\u00edses fuera de la UE: dicha transferencia es leg\u00edtima al estar garantizada por la existencia de decisiones de adecuaci\u00f3n dictadas por la Comisi\u00f3n Europea y\/o por la suscripci\u00f3n previa de cl\u00e1usulas contractuales tipo (<i>Standard Contractual Clauses<\/i>) adoptadas sobre la base de los modelos prescritos por la Comisi\u00f3n Europea de conformidad con el art. 46, apartado 2, letras c) y d) del RGPD.<\/p><p>El Usuario podr\u00e1 pedir una copia de las garant\u00edas adoptadas escribiendo a las direcciones indicadas en el art.\u00a01 de la presente Pol\u00edtica de cookies.<\/p><p><b>Destinatarios de los datos personales<\/b><\/p><p>Los datos personales del Usuario podr\u00e1n ser conocidos por los empleados, el personal asimilado y los colaboradores del Responsable del tratamiento encargados de perseguir las finalidades indicadas anteriormente, quienes actuar\u00e1n en su condici\u00f3n de personas autorizadas al tratamiento de los datos personales y que habr\u00e1n recibido instrucciones operativas adecuadas.<\/p><p>Adem\u00e1s, a efectos de la consecuci\u00f3n de los fines indicados en el anterior ap. 3, los datos personales del Usuario podr\u00e1n ser tratados por terceros pertenecientes, a t\u00edtulo de ejemplo, a las siguientes categor\u00edas:<\/p><ul><li>proveedores de servicios de asistencia t\u00e9cnica para la gesti\u00f3n y el mantenimiento del Sitio web;<\/li><li>agencias de publicidad;<\/li><li>proveedores de servicios de elaboraci\u00f3n de estad\u00edsticas sobre el uso del Sitio web;<\/li><li>empresas que realizan servicios de gesti\u00f3n y mantenimiento de los sistemas inform\u00e1ticos del Responsable del tratamiento;<\/li><li>socios comerciales;<\/li><li>empresas titulares de los sitios de redes sociales;<\/li><li>empresas que ofrecen servicios de env\u00edo de correo electr\u00f3nico u otros proveedores de plataformas telem\u00e1ticas externas para el env\u00edo de comunicaciones;<\/li><li>autoridades y \u00f3rganos de vigilancia y control y, en general, personas y entidades, p\u00fablicas o privadas, con funciones de car\u00e1cter p\u00fablico facultadas para solicitar los datos conforme a lo dispuesto en la legislaci\u00f3n nacional y europea vigente;<\/li><li>empresas, asociaciones o estudios profesionales que realicen actividades de asistencia y asesor\u00eda.<\/li><li>Las personas o entidades pertenecientes a las categor\u00edas indicadas anteriormente act\u00faan, en algunos casos, como encargados del tratamiento designados a tal efecto por el Responsable del tratamiento de conformidad con el art\u00edculo 28 del RGPD; en otros casos, act\u00faan con total autonom\u00eda como responsables del tratamiento distintos, quedando entendido que, en este \u00faltimo caso, la comunicaci\u00f3n de los datos personales del Usuario a dichos responsables del tratamiento independientes se realizar\u00eda \u00fanicamente sobre la base de los fundamentos de legitimidad mencionados en el anterior apartado 3.<\/li><\/ul><p>Para solicitar la lista completa y actualizada de personas y entidades a las que pueden comunicarse los datos personales del Usuario, \u00e9ste deber\u00e1 dirigirse al Responsable del tratamiento utilizando los datos de contacto indicados en el ap. 1 de esta Pol\u00edtica de cookies.<\/p><p>Los datos personales recogidos mediante las cookies no ser\u00e1n divulgados.<\/p><p><b>Derechos de los interesados<\/b><\/p><p>En relaci\u00f3n con los tratamientos descritos en la presente Nota Informativa, como persona interesada, el Usuario podr\u00e1, seg\u00fan las condiciones establecidas en el RGPD, ejercer los derechos recogidos en los art\u00edculos 15 \u2013 21 del RGPD, en particular:<\/p><ul><li><b>derecho de acceso:<\/b>derecho a obtener confirmaci\u00f3n de si se est\u00e1n tratando o no datos personales que conciernen al Usuario y, en tal caso, derecho de acceso a sus datos personales (incluida una copia de los mismos) y la comunicaci\u00f3n, entre otras cosas, de la informaci\u00f3n indicada en el art\u00edculo 15 del RGPD;<\/li><li><b>derecho de rectificaci\u00f3n:<\/b> derecho a obtener sin dilaci\u00f3n indebida la rectificaci\u00f3n de los datos personales inexactos que conciernen al Usuario y\/o a que se completen los datos personales que sean incompletos con arreglo al art\u00edculo 16 del RGPD;<\/li><li><b>derecho de supresi\u00f3n (derecho al olvido):<\/b> derecho a obtener sin dilaci\u00f3n indebida la supresi\u00f3n de los datos personales que conciernen al Usuario, en los casos indicados en el art. 17 del RGPD; el derecho de supresi\u00f3n no se aplicar\u00e1 en la medida en que el tratamiento sea necesario para el cumplimiento de una obligaci\u00f3n legal o de una misi\u00f3n realizada en inter\u00e9s p\u00fablico o para la formulaci\u00f3n, el ejercicio o la defensa de reclamaciones por un procedimiento judicial;<\/li><li><b>derecho a la limitaci\u00f3n del tratamiento:<\/b> derecho a obtener la limitaci\u00f3n del tratamiento, en los casos indicados en el art. 18 del RGPD;<\/li><li><b>derecho a la portabilidad de los datos:<\/b>derecho a recibir en un formato estructurado, de uso com\u00fan y lectura mec\u00e1nica, los datos personales que incumban al Usuario facilitados al Responsable del tratamiento y derecho a transmitirlos a otro responsable del tratamiento sin impedimentos cuando el tratamiento est\u00e9 basado en el consentimiento y se efect\u00fae por medios automatizados, conforme a lo indicado en el art. 20 del RGPD. Adem\u00e1s, derecho a obtener que el Responsable transmita sus datos personales directamente a otro responsable cuando sea t\u00e9cnicamente posible;<\/li><li><b>derecho de oposici\u00f3n:<\/b> derecho a oponerse al tratamiento de los datos personales que conciernan al Usuario, salvo que existan motivos leg\u00edtimos para que el Responsable del tratamiento contin\u00fae realizando el tratamiento, de conformidad con el art. 21 del RGPD;<\/li><li><b>derecho a retirar el consentimiento<\/b> en cualquier momento, sin que ello afecte a la licitud del tratamiento basado en el consentimiento previo a su retirada;<\/li><li><b>derecho a presentar una reclamaci\u00f3n<\/b>ante el Supervisor de protecci\u00f3n de datos personales del Estado miembro en el que el Usuario tenga su residencia, lugar de trabajo o lugar de la supuesta infracci\u00f3n.<\/li><li>Los derechos mencionados se podr\u00e1n ejercer ante el Responsable del tratamiento contact\u00e1ndolo a trav\u00e9s de los medios indicados en el anterior apartado\u00a01. El Responsable se har\u00e1 cargo de la solicitud del Usuario y le facilitar\u00e1 sin dilaci\u00f3n indebida y, en cualquier caso, a m\u00e1s tardar, en el plazo de un mes a partir de su recepci\u00f3n, la informaci\u00f3n relativa a las actuaciones realizadas sobre la base de su solicitud.<\/li><\/ul><p>El ejercicio de los derechos del Usuario como interesado ser\u00e1 a t\u00edtulo gratuito de conformidad con lo dispuesto en el art. 12 del RGPD. Sin embargo, en caso de solicitudes manifiestamente infundadas o excesivas, especialmente debido a su car\u00e1cter repetitivo, el Responsable podr\u00e1 cobrarle un canon razonable a la luz de los costes administrativos afrontados para gestionar la solicitud, o negarse a actuar respecto de la solicitud.<\/p><p>Por \u00faltimo, informamos de que el Responsable del tratamiento podr\u00e1 solicitar que se facilite la informaci\u00f3n adicional necesaria para confirmar la identidad del interesado.<\/p>\t\t\t\t\t\t\t\t<\/div>\n\t\t\t\t<\/div>\n\t\t\t\t\t<\/div>\n\t\t<\/div>\n\t\t\t\t\t<\/div>\n\t\t<\/section>\n\t\t\t\t<\/div>\n\t\t","protected":false},"excerpt":{"rendered":"<p>POL\u00cdTICA COMPLETA SOBRE EL USO DE LAS COOKIES Pol\u00edtica de cookies de conformidad con lo dispuesto en el art\u00edculo 13 del Reglamento (UE) 2016\/679 (\u00abRGPD\u00bb) El presente documento informa a los Usuarios sobre las tecnolog\u00edas que ayudan esta Aplicaci\u00f3n a lograr los fines descritos a continuaci\u00f3n. Dichas tecnolog\u00edas permiten al Titular acceder a informaci\u00f3n y [&hellip;]<\/p>\n","protected":false},"author":5,"featured_media":0,"parent":0,"menu_order":0,"comment_status":"closed","ping_status":"closed","template":"elementor_canvas","meta":{"footnotes":""},"class_list":["post-960","page","type-page","status-publish","hentry"],"_links":{"self":[{"href":"https:\/\/www.emilgroupawards.com\/es\/wp-json\/wp\/v2\/pages\/960","targetHints":{"allow":["GET"]}}],"collection":[{"href":"https:\/\/www.emilgroupawards.com\/es\/wp-json\/wp\/v2\/pages"}],"about":[{"href":"https:\/\/www.emilgroupawards.com\/es\/wp-json\/wp\/v2\/types\/page"}],"author":[{"embeddable":true,"href":"https:\/\/www.emilgroupawards.com\/es\/wp-json\/wp\/v2\/users\/5"}],"replies":[{"embeddable":true,"href":"https:\/\/www.emilgroupawards.com\/es\/wp-json\/wp\/v2\/comments?post=960"}],"version-history":[{"count":4,"href":"https:\/\/www.emilgroupawards.com\/es\/wp-json\/wp\/v2\/pages\/960\/revisions"}],"predecessor-version":[{"id":1226,"href":"https:\/\/www.emilgroupawards.com\/es\/wp-json\/wp\/v2\/pages\/960\/revisions\/1226"}],"wp:attachment":[{"href":"https:\/\/www.emilgroupawards.com\/es\/wp-json\/wp\/v2\/media?parent=960"}],"curies":[{"name":"wp","href":"https:\/\/api.w.org\/{rel}","templated":true}]}}