{"id":4742,"date":"2025-10-20T14:30:22","date_gmt":"2025-10-20T12:30:22","guid":{"rendered":"https:\/\/www.emilgroupawards.com\/los-ganadores-2025\/calliope-store-fachadas-ventiladas-entre-caracter-materico-y-complejidad-tecnica\/"},"modified":"2025-10-21T10:39:05","modified_gmt":"2025-10-21T08:39:05","slug":"calliope-store-fachadas-ventiladas-entre-caracter-materico-y-complejidad-tecnica","status":"publish","type":"page","link":"https:\/\/www.emilgroupawards.com\/es\/los-ganadores-2025\/calliope-store-fachadas-ventiladas-entre-caracter-materico-y-complejidad-tecnica\/","title":{"rendered":"Calliope Store: fachadas ventiladas entre car\u00e1cter mat\u00e9rico y complejidad t\u00e9cnica"},"content":{"rendered":"\t\t<div data-elementor-type=\"wp-page\" data-elementor-id=\"4742\" class=\"elementor elementor-4742 elementor-4459\" data-elementor-post-type=\"page\">\n\t\t\t\t\t\t<section class=\"elementor-section elementor-top-section elementor-element elementor-element-0bdbdce elementor-section-full_width elementor-section-items-stretch elementor-section-height-min-height elementor-section-height-default\" data-id=\"0bdbdce\" data-element_type=\"section\" data-e-type=\"section\" data-settings=\"{&quot;background_background&quot;:&quot;classic&quot;}\">\n\t\t\t\t\t\t<div class=\"elementor-container elementor-column-gap-no\">\n\t\t\t\t\t<div class=\"elementor-column elementor-col-100 elementor-top-column elementor-element elementor-element-e1d3025\" data-id=\"e1d3025\" data-element_type=\"column\" data-e-type=\"column\">\n\t\t\t<div class=\"elementor-widget-wrap\">\n\t\t\t\t\t\t\t<\/div>\n\t\t<\/div>\n\t\t\t\t\t<\/div>\n\t\t<\/section>\n\t\t\t\t<section class=\"elementor-section elementor-top-section elementor-element elementor-element-e6946e5 elementor-section-full_width elementor-section-height-min-height elementor-section-items-stretch elementor-section-content-middle elementor-section-height-default\" data-id=\"e6946e5\" data-element_type=\"section\" data-e-type=\"section\">\n\t\t\t\t\t\t<div class=\"elementor-container elementor-column-gap-no\">\n\t\t\t\t\t<div class=\"elementor-column elementor-col-50 elementor-top-column elementor-element elementor-element-67a5a7b elementor-hidden-mobile\" data-id=\"67a5a7b\" data-element_type=\"column\" data-e-type=\"column\" data-settings=\"{&quot;background_background&quot;:&quot;classic&quot;}\">\n\t\t\t<div class=\"elementor-widget-wrap elementor-element-populated\">\n\t\t\t\t\t\t\t<\/div>\n\t\t<\/div>\n\t\t\t\t<div class=\"elementor-column elementor-col-50 elementor-top-column elementor-element elementor-element-e8ca341\" data-id=\"e8ca341\" data-element_type=\"column\" data-e-type=\"column\">\n\t\t\t<div class=\"elementor-widget-wrap elementor-element-populated\">\n\t\t\t\t\t\t<div class=\"elementor-element elementor-element-425ba3d elementor-widget__width-auto elementor-widget elementor-widget-heading\" data-id=\"425ba3d\" data-element_type=\"widget\" data-e-type=\"widget\" data-widget_type=\"heading.default\">\n\t\t\t\t<div class=\"elementor-widget-container\">\n\t\t\t\t\t<span class=\"elementor-heading-title elementor-size-default\">Categor\u00eda<\/span>\t\t\t\t<\/div>\n\t\t\t\t<\/div>\n\t\t\t\t<div class=\"elementor-element elementor-element-35ff803 elementor-widget__width-auto elementor-widget elementor-widget-image\" data-id=\"35ff803\" data-element_type=\"widget\" data-e-type=\"widget\" data-widget_type=\"image.default\">\n\t\t\t\t<div class=\"elementor-widget-container\">\n\t\t\t\t\t\t\t\t\t\t\t\t\t\t\t<img decoding=\"async\" width=\"56\" height=\"56\" src=\"https:\/\/www.emilgroupawards.com\/wp-content\/uploads\/2023\/09\/menzione-speciale-nero.png\" class=\"attachment-large size-large wp-image-2600\" alt=\"\" \/>\t\t\t\t\t\t\t\t\t\t\t\t\t\t\t<\/div>\n\t\t\t\t<\/div>\n\t\t\t\t<div class=\"elementor-element elementor-element-35aed5d elementor-widget__width-auto elementor-widget elementor-widget-heading\" data-id=\"35aed5d\" data-element_type=\"widget\" data-e-type=\"widget\" data-widget_type=\"heading.default\">\n\t\t\t\t<div class=\"elementor-widget-container\">\n\t\t\t\t\t<span class=\"elementor-heading-title elementor-size-default\"> Menci\u00f3n de honor<\/span>\t\t\t\t<\/div>\n\t\t\t\t<\/div>\n\t\t\t\t<div class=\"elementor-element elementor-element-7b3f2e1 elementor-widget-divider--view-line elementor-widget elementor-widget-divider\" data-id=\"7b3f2e1\" data-element_type=\"widget\" data-e-type=\"widget\" data-widget_type=\"divider.default\">\n\t\t\t\t<div class=\"elementor-widget-container\">\n\t\t\t\t\t\t\t<div class=\"elementor-divider\">\n\t\t\t<span class=\"elementor-divider-separator\">\n\t\t\t\t\t\t<\/span>\n\t\t<\/div>\n\t\t\t\t\t\t<\/div>\n\t\t\t\t<\/div>\n\t\t\t\t<div class=\"elementor-element elementor-element-d9525d5 elementor-widget elementor-widget-heading\" data-id=\"d9525d5\" data-element_type=\"widget\" data-e-type=\"widget\" data-widget_type=\"heading.default\">\n\t\t\t\t<div class=\"elementor-widget-container\">\n\t\t\t\t\t<div class=\"elementor-heading-title elementor-size-default\">Arquitecto Marco Cicognani \u2013 Store-lab s.r.l.<\/div>\t\t\t\t<\/div>\n\t\t\t\t<\/div>\n\t\t\t\t<div class=\"elementor-element elementor-element-92a711e elementor-widget elementor-widget-heading\" data-id=\"92a711e\" data-element_type=\"widget\" data-e-type=\"widget\" data-widget_type=\"heading.default\">\n\t\t\t\t<div class=\"elementor-widget-container\">\n\t\t\t\t\t<h3 class=\"elementor-heading-title elementor-size-default\">Calliope Store: fachadas ventiladas<br> entre car\u00e1cter mat\u00e9rico y complejidad <br>t\u00e9cnica<\/h3>\t\t\t\t<\/div>\n\t\t\t\t<\/div>\n\t\t\t\t<div class=\"elementor-element elementor-element-a7d8105 elementor-widget__width-initial elementor-widget elementor-widget-text-editor\" data-id=\"a7d8105\" data-element_type=\"widget\" data-e-type=\"widget\" data-widget_type=\"text-editor.default\">\n\t\t\t\t<div class=\"elementor-widget-container\">\n\t\t\t\t\t\t\t\t\t<p><span lang=\"es-ES\">El proyecto de reforma de las fachadas ventiladas de la tienda Calliope de Jesi (Ancona), ideado por el <\/span><span lang=\"es-ES\"><b>arquitecto<\/b><\/span> <span lang=\"es-ES\"><b>Marco Cicognani<\/b><\/span><span lang=\"es-ES\"> para <\/span><span lang=\"es-ES\"><b>Store-lab s.r.l.<\/b><\/span><span lang=\"es-ES\">, ha recibido una menci\u00f3n honor\u00edfica en los <\/span><span lang=\"es-ES\"><b>Emilgroup Project Awards 2025<\/b><\/span><span lang=\"es-ES\">. Un galard\u00f3n que premia la capacidad de dar resalte a los productos cer\u00e1micos aunando complejidad t\u00e9cnica y atenci\u00f3n a los detalles est\u00e9ticos.<\/span><\/p>\n<p><span lang=\"es-ES\">La colecci\u00f3n <\/span><span lang=\"es-ES\"><b>Mapierre<\/b><\/span><span lang=\"es-ES\"> de Emilceramica, en las variantes <\/span><span lang=\"es-ES\"><b>Noble Blanc<\/b><\/span><span lang=\"es-ES\"> de 60 x 120 cm y <\/span><span lang=\"es-ES\"><b>Ligne Blanc<\/b><\/span><span lang=\"es-ES\"> de 30 x 120 cm, se ha empleado para realizar las fachadas ventiladas, permitiendo traducir de modo coherente el concepto del proyecto. Las superficies, caracterizadas por un equilibrio entre car\u00e1cter mat\u00e9rico y refinamiento, se integran con los elementos luminosos y los detalles arquitect\u00f3nicos, ofreciendo al mismo tiempo la versatilidad necesaria para realzar soluciones t\u00e9cnicas y est\u00e9ticas complejas.<\/span><\/p>\n\t\t\t\t\t\t\t\t<\/div>\n\t\t\t\t<\/div>\n\t\t\t\t\t<\/div>\n\t\t<\/div>\n\t\t\t\t\t<\/div>\n\t\t<\/section>\n\t\t\t\t<section class=\"elementor-section elementor-top-section elementor-element elementor-element-7b25ca6 elementor-section-full_width elementor-section-height-min-height elementor-section-items-stretch elementor-hidden-mobile elementor-section-height-default\" data-id=\"7b25ca6\" data-element_type=\"section\" data-e-type=\"section\">\n\t\t\t\t\t\t<div class=\"elementor-container elementor-column-gap-no\">\n\t\t\t\t\t<div class=\"elementor-column elementor-col-33 elementor-top-column elementor-element elementor-element-85351db\" data-id=\"85351db\" data-element_type=\"column\" data-e-type=\"column\" data-settings=\"{&quot;background_background&quot;:&quot;classic&quot;}\">\n\t\t\t<div class=\"elementor-widget-wrap elementor-element-populated\">\n\t\t\t\t\t\t<div class=\"elementor-element elementor-element-14c18c4 elementor-widget elementor-widget-spacer\" data-id=\"14c18c4\" data-element_type=\"widget\" data-e-type=\"widget\" data-widget_type=\"spacer.default\">\n\t\t\t\t<div class=\"elementor-widget-container\">\n\t\t\t\t\t\t\t<div class=\"elementor-spacer\">\n\t\t\t<div class=\"elementor-spacer-inner\"><\/div>\n\t\t<\/div>\n\t\t\t\t\t\t<\/div>\n\t\t\t\t<\/div>\n\t\t\t\t\t<\/div>\n\t\t<\/div>\n\t\t\t\t<div class=\"elementor-column elementor-col-33 elementor-top-column elementor-element elementor-element-c12f5a7\" data-id=\"c12f5a7\" data-element_type=\"column\" data-e-type=\"column\" data-settings=\"{&quot;background_background&quot;:&quot;classic&quot;}\">\n\t\t\t<div class=\"elementor-widget-wrap elementor-element-populated\">\n\t\t\t\t\t\t<div class=\"elementor-element elementor-element-df4ecca elementor-widget elementor-widget-spacer\" data-id=\"df4ecca\" data-element_type=\"widget\" data-e-type=\"widget\" data-widget_type=\"spacer.default\">\n\t\t\t\t<div class=\"elementor-widget-container\">\n\t\t\t\t\t\t\t<div class=\"elementor-spacer\">\n\t\t\t<div class=\"elementor-spacer-inner\"><\/div>\n\t\t<\/div>\n\t\t\t\t\t\t<\/div>\n\t\t\t\t<\/div>\n\t\t\t\t\t<\/div>\n\t\t<\/div>\n\t\t\t\t<div class=\"elementor-column elementor-col-33 elementor-top-column elementor-element elementor-element-04335c8\" data-id=\"04335c8\" data-element_type=\"column\" data-e-type=\"column\" data-settings=\"{&quot;background_background&quot;:&quot;classic&quot;}\">\n\t\t\t<div class=\"elementor-widget-wrap elementor-element-populated\">\n\t\t\t\t\t\t<div class=\"elementor-element elementor-element-0883237 elementor-widget elementor-widget-spacer\" data-id=\"0883237\" data-element_type=\"widget\" data-e-type=\"widget\" data-widget_type=\"spacer.default\">\n\t\t\t\t<div class=\"elementor-widget-container\">\n\t\t\t\t\t\t\t<div class=\"elementor-spacer\">\n\t\t\t<div class=\"elementor-spacer-inner\"><\/div>\n\t\t<\/div>\n\t\t\t\t\t\t<\/div>\n\t\t\t\t<\/div>\n\t\t\t\t\t<\/div>\n\t\t<\/div>\n\t\t\t\t\t<\/div>\n\t\t<\/section>\n\t\t\t\t<section class=\"elementor-section elementor-top-section elementor-element elementor-element-13f53f0 elementor-section-full_width elementor-hidden-desktop elementor-hidden-tablet elementor-section-height-default elementor-section-height-default\" data-id=\"13f53f0\" data-element_type=\"section\" data-e-type=\"section\">\n\t\t\t\t\t\t<div class=\"elementor-container elementor-column-gap-no\">\n\t\t\t\t\t<div class=\"elementor-column elementor-col-100 elementor-top-column elementor-element elementor-element-c0541b4\" data-id=\"c0541b4\" data-element_type=\"column\" data-e-type=\"column\">\n\t\t\t<div class=\"elementor-widget-wrap elementor-element-populated\">\n\t\t\t\t\t\t<div class=\"elementor-element elementor-element-e6d634d elementor-widget elementor-widget-ucaddon_uc_slider_image\" data-id=\"e6d634d\" data-element_type=\"widget\" data-e-type=\"widget\" data-widget_type=\"ucaddon_uc_slider_image.default\">\n\t\t\t\t<div class=\"elementor-widget-container\">\n\t\t\t\t\t\n<!-- start Slider Gallery -->\n\t\t<link id='unitegallery-css' href='https:\/\/www.emilgroupawards.com\/wp-content\/plugins\/unlimited-elements-for-elementor-premium\/assets_libraries\/unitegallery\/css\/unite-gallery.css' type='text\/css' rel='stylesheet' >\n\n<style>\/* widget: Slider Gallery *\/\n\n#uc_uc_slider_image_elementor_e6d634d\n{\n  overflow:hidden;\n}\n\n#uc_uc_slider_image_elementor_e6d634d-wrapper\n{\n  min-height:1px;\n}\n\n<\/style>\n\n<div id=\"uc_uc_slider_image_elementor_e6d634d-wrapper\">\n<div id=\"uc_uc_slider_image_elementor_e6d634d\" class=\"uc-items-wrapper  \" style=\"display:none; margin:0 auto;\"  data-remote-type=\"gallery\" data-custom-sethtml=\"true\" >\n\n\n<img decoding=\"async\" alt=\"Refitting Facade Calliope - facciata\"\n   src=\"https:\/\/www.emilgroupawards.com\/wp-content\/uploads\/2025\/10\/Refitting-Facade-Calliope-facciata.jpg\"\n    data-image=\"https:\/\/www.emilgroupawards.com\/wp-content\/uploads\/2025\/10\/Refitting-Facade-Calliope-facciata.jpg\"\n    data-title=\"Refitting Facade Calliope - facciata\">\n\n<img decoding=\"async\" alt=\"Refitting Facade Calliope - dettaglio\"\n   src=\"https:\/\/www.emilgroupawards.com\/wp-content\/uploads\/2025\/10\/Refitting-Facade-Calliope-dettaglio.jpg\"\n    data-image=\"https:\/\/www.emilgroupawards.com\/wp-content\/uploads\/2025\/10\/Refitting-Facade-Calliope-dettaglio.jpg\"\n    data-title=\"Refitting Facade Calliope - dettaglio\">\n\n<img decoding=\"async\" alt=\"Refitting Facade Calliope - dettaglio piastrelle\"\n   src=\"https:\/\/www.emilgroupawards.com\/wp-content\/uploads\/2025\/10\/Refitting-Facade-Calliope-dettaglio-piastrelle.jpg\"\n    data-image=\"https:\/\/www.emilgroupawards.com\/wp-content\/uploads\/2025\/10\/Refitting-Facade-Calliope-dettaglio-piastrelle.jpg\"\n    data-title=\"Refitting Facade Calliope - dettaglio piastrelle\">\n\n  \n<\/div>\n<\/div>\n<!-- end Slider Gallery -->\t\t\t\t<\/div>\n\t\t\t\t<\/div>\n\t\t\t\t\t<\/div>\n\t\t<\/div>\n\t\t\t\t\t<\/div>\n\t\t<\/section>\n\t\t\t\t<\/div>\n\t\t","protected":false},"excerpt":{"rendered":"<p>Categor\u00eda Menci\u00f3n de honor Arquitecto Marco Cicognani \u2013 Store-lab s.r.l. Calliope Store: fachadas ventiladas entre car\u00e1cter mat\u00e9rico y complejidad t\u00e9cnica El proyecto de reforma de las fachadas ventiladas de la tienda Calliope de Jesi (Ancona), ideado por el arquitecto Marco Cicognani para Store-lab s.r.l., ha recibido una menci\u00f3n honor\u00edfica en los Emilgroup Project Awards 2025. [&hellip;]<\/p>\n","protected":false},"author":1,"featured_media":0,"parent":4717,"menu_order":0,"comment_status":"closed","ping_status":"closed","template":"","meta":{"footnotes":""},"class_list":["post-4742","page","type-page","status-publish","hentry"],"_links":{"self":[{"href":"https:\/\/www.emilgroupawards.com\/es\/wp-json\/wp\/v2\/pages\/4742","targetHints":{"allow":["GET"]}}],"collection":[{"href":"https:\/\/www.emilgroupawards.com\/es\/wp-json\/wp\/v2\/pages"}],"about":[{"href":"https:\/\/www.emilgroupawards.com\/es\/wp-json\/wp\/v2\/types\/page"}],"author":[{"embeddable":true,"href":"https:\/\/www.emilgroupawards.com\/es\/wp-json\/wp\/v2\/users\/1"}],"replies":[{"embeddable":true,"href":"https:\/\/www.emilgroupawards.com\/es\/wp-json\/wp\/v2\/comments?post=4742"}],"version-history":[{"count":5,"href":"https:\/\/www.emilgroupawards.com\/es\/wp-json\/wp\/v2\/pages\/4742\/revisions"}],"predecessor-version":[{"id":4811,"href":"https:\/\/www.emilgroupawards.com\/es\/wp-json\/wp\/v2\/pages\/4742\/revisions\/4811"}],"up":[{"embeddable":true,"href":"https:\/\/www.emilgroupawards.com\/es\/wp-json\/wp\/v2\/pages\/4717"}],"wp:attachment":[{"href":"https:\/\/www.emilgroupawards.com\/es\/wp-json\/wp\/v2\/media?parent=4742"}],"curies":[{"name":"wp","href":"https:\/\/api.w.org\/{rel}","templated":true}]}}