{"id":4728,"date":"2025-10-20T14:16:52","date_gmt":"2025-10-20T12:16:52","guid":{"rendered":"https:\/\/www.emilgroupawards.com\/los-ganadores-2025\/new-mexico-suite-un-rincon-de-mexico-en-los-paises-bajos\/"},"modified":"2025-10-21T10:37:40","modified_gmt":"2025-10-21T08:37:40","slug":"new-mexico-suite-un-rincon-de-mexico-en-los-paises-bajos","status":"publish","type":"page","link":"https:\/\/www.emilgroupawards.com\/es\/los-ganadores-2025\/new-mexico-suite-un-rincon-de-mexico-en-los-paises-bajos\/","title":{"rendered":"New Mexico Suite: un rinc\u00f3n de M\u00e9xico en los Pa\u00edses Bajos"},"content":{"rendered":"\t\t<div data-elementor-type=\"wp-page\" data-elementor-id=\"4728\" class=\"elementor elementor-4728 elementor-4390\" data-elementor-post-type=\"page\">\n\t\t\t\t\t\t<section class=\"elementor-section elementor-top-section elementor-element elementor-element-64145f4e elementor-section-full_width elementor-section-items-stretch elementor-section-height-min-height elementor-section-height-default\" data-id=\"64145f4e\" data-element_type=\"section\" data-e-type=\"section\" data-settings=\"{&quot;background_background&quot;:&quot;classic&quot;}\">\n\t\t\t\t\t\t<div class=\"elementor-container elementor-column-gap-no\">\n\t\t\t\t\t<div class=\"elementor-column elementor-col-100 elementor-top-column elementor-element elementor-element-12b3ba5f\" data-id=\"12b3ba5f\" data-element_type=\"column\" data-e-type=\"column\">\n\t\t\t<div class=\"elementor-widget-wrap\">\n\t\t\t\t\t\t\t<\/div>\n\t\t<\/div>\n\t\t\t\t\t<\/div>\n\t\t<\/section>\n\t\t\t\t<section class=\"elementor-section elementor-top-section elementor-element elementor-element-410db28 elementor-section-full_width elementor-section-height-min-height elementor-section-items-stretch elementor-section-content-middle elementor-section-height-default\" data-id=\"410db28\" data-element_type=\"section\" data-e-type=\"section\">\n\t\t\t\t\t\t<div class=\"elementor-container elementor-column-gap-no\">\n\t\t\t\t\t<div class=\"elementor-column elementor-col-50 elementor-top-column elementor-element elementor-element-2cce8990 elementor-hidden-mobile\" data-id=\"2cce8990\" data-element_type=\"column\" data-e-type=\"column\" data-settings=\"{&quot;background_background&quot;:&quot;classic&quot;}\">\n\t\t\t<div class=\"elementor-widget-wrap elementor-element-populated\">\n\t\t\t\t\t\t\t<\/div>\n\t\t<\/div>\n\t\t\t\t<div class=\"elementor-column elementor-col-50 elementor-top-column elementor-element elementor-element-5f6c618\" data-id=\"5f6c618\" data-element_type=\"column\" data-e-type=\"column\">\n\t\t\t<div class=\"elementor-widget-wrap elementor-element-populated\">\n\t\t\t\t\t\t<div class=\"elementor-element elementor-element-3849faf0 elementor-widget__width-auto elementor-widget elementor-widget-heading\" data-id=\"3849faf0\" data-element_type=\"widget\" data-e-type=\"widget\" data-widget_type=\"heading.default\">\n\t\t\t\t<div class=\"elementor-widget-container\">\n\t\t\t\t\t<span class=\"elementor-heading-title elementor-size-default\">Categor\u00eda<\/span>\t\t\t\t<\/div>\n\t\t\t\t<\/div>\n\t\t\t\t<div class=\"elementor-element elementor-element-4b28c8df elementor-widget__width-auto elementor-widget elementor-widget-image\" data-id=\"4b28c8df\" data-element_type=\"widget\" data-e-type=\"widget\" data-widget_type=\"image.default\">\n\t\t\t\t<div class=\"elementor-widget-container\">\n\t\t\t\t\t\t\t\t\t\t\t\t\t\t\t<img decoding=\"async\" width=\"174\" height=\"174\" src=\"https:\/\/www.emilgroupawards.com\/wp-content\/uploads\/2022\/09\/Icona-1.png\" class=\"attachment-large size-large wp-image-1307\" alt=\"\" srcset=\"https:\/\/www.emilgroupawards.com\/wp-content\/uploads\/2022\/09\/Icona-1.png 174w, https:\/\/www.emilgroupawards.com\/wp-content\/uploads\/2022\/09\/Icona-1-150x150.png 150w\" sizes=\"(max-width: 174px) 100vw, 174px\" \/>\t\t\t\t\t\t\t\t\t\t\t\t\t\t\t<\/div>\n\t\t\t\t<\/div>\n\t\t\t\t<div class=\"elementor-element elementor-element-239a0621 elementor-widget__width-auto elementor-widget elementor-widget-heading\" data-id=\"239a0621\" data-element_type=\"widget\" data-e-type=\"widget\" data-widget_type=\"heading.default\">\n\t\t\t\t<div class=\"elementor-widget-container\">\n\t\t\t\t\t<span class=\"elementor-heading-title elementor-size-default\">Creatividad<\/span>\t\t\t\t<\/div>\n\t\t\t\t<\/div>\n\t\t\t\t<div class=\"elementor-element elementor-element-91ed1f4 elementor-widget-divider--view-line elementor-widget elementor-widget-divider\" data-id=\"91ed1f4\" data-element_type=\"widget\" data-e-type=\"widget\" data-widget_type=\"divider.default\">\n\t\t\t\t<div class=\"elementor-widget-container\">\n\t\t\t\t\t\t\t<div class=\"elementor-divider\">\n\t\t\t<span class=\"elementor-divider-separator\">\n\t\t\t\t\t\t<\/span>\n\t\t<\/div>\n\t\t\t\t\t\t<\/div>\n\t\t\t\t<\/div>\n\t\t\t\t<div class=\"elementor-element elementor-element-7059839e elementor-widget elementor-widget-heading\" data-id=\"7059839e\" data-element_type=\"widget\" data-e-type=\"widget\" data-widget_type=\"heading.default\">\n\t\t\t\t<div class=\"elementor-widget-container\">\n\t\t\t\t\t<div class=\"elementor-heading-title elementor-size-default\">Cerriva<\/div>\t\t\t\t<\/div>\n\t\t\t\t<\/div>\n\t\t\t\t<div class=\"elementor-element elementor-element-4e89aedc elementor-widget elementor-widget-heading\" data-id=\"4e89aedc\" data-element_type=\"widget\" data-e-type=\"widget\" data-widget_type=\"heading.default\">\n\t\t\t\t<div class=\"elementor-widget-container\">\n\t\t\t\t\t<h3 class=\"elementor-heading-title elementor-size-default\">New Mexico Suite: un rinc\u00f3n de M\u00e9xico <br> en los Pa\u00edses Bajos<\/h3>\t\t\t\t<\/div>\n\t\t\t\t<\/div>\n\t\t\t\t<div class=\"elementor-element elementor-element-2381d2f3 elementor-widget__width-initial elementor-widget elementor-widget-text-editor\" data-id=\"2381d2f3\" data-element_type=\"widget\" data-e-type=\"widget\" data-widget_type=\"text-editor.default\">\n\t\t\t\t<div class=\"elementor-widget-container\">\n\t\t\t\t\t\t\t\t\t<p><span lang=\"es-ES\">Situada en el interior del <\/span><span lang=\"es-ES\"><b>Van der Valk Hotel Houten<\/b><\/span><span lang=\"es-ES\">, en los Pa\u00edses Bajos, la New Mexico Suite se ha ganado al jurado de los <\/span><span lang=\"es-ES\"><b>Emilgroup Project Awards 2025<\/b><\/span><span lang=\"es-ES\">, llev\u00e1ndose el premio en la categor\u00eda Creatividad. El proyecto, obra de <\/span><span lang=\"es-ES\"><b>Cerriva,<\/b><\/span><span lang=\"es-ES\"> realza los productos de Emilgroup a trav\u00e9s de un uso original y creativo de los diferentes formatos, transformando la suite en una experiencia inmersiva de dise\u00f1o contempor\u00e1neo. <\/span><\/p>\n<p><span lang=\"es-ES\">Concebida como un verdadero destino dentro del hotel, la New Mexico Suite envuelve a los hu\u00e9spedes en un ambiente c\u00e1lido y evocador que recuerda el encanto de M\u00e9xico. La colecci\u00f3n <\/span><span lang=\"es-ES\"><b>Forme<\/b><\/span><span lang=\"es-ES\"> de <\/span><span lang=\"es-ES\"><b>Emilceramica<\/b><\/span><span lang=\"es-ES\">, con sus tonalidades envolventes y refinados acabados, le confiere un car\u00e1cter \u00fanico a la estancia, convirtiendo la sala de estar en un aut\u00e9ntico viaje sensorial. <\/span><\/p>\n\t\t\t\t\t\t\t\t<\/div>\n\t\t\t\t<\/div>\n\t\t\t\t\t<\/div>\n\t\t<\/div>\n\t\t\t\t\t<\/div>\n\t\t<\/section>\n\t\t\t\t<section class=\"elementor-section elementor-top-section elementor-element elementor-element-1ea57d51 elementor-section-full_width elementor-section-height-min-height elementor-section-items-stretch elementor-hidden-mobile elementor-section-height-default\" data-id=\"1ea57d51\" data-element_type=\"section\" data-e-type=\"section\">\n\t\t\t\t\t\t<div class=\"elementor-container elementor-column-gap-no\">\n\t\t\t\t\t<div class=\"elementor-column elementor-col-33 elementor-top-column elementor-element elementor-element-318be00f\" data-id=\"318be00f\" data-element_type=\"column\" data-e-type=\"column\" data-settings=\"{&quot;background_background&quot;:&quot;classic&quot;}\">\n\t\t\t<div class=\"elementor-widget-wrap elementor-element-populated\">\n\t\t\t\t\t\t<div class=\"elementor-element elementor-element-41d944fa elementor-widget elementor-widget-spacer\" data-id=\"41d944fa\" data-element_type=\"widget\" data-e-type=\"widget\" data-widget_type=\"spacer.default\">\n\t\t\t\t<div class=\"elementor-widget-container\">\n\t\t\t\t\t\t\t<div class=\"elementor-spacer\">\n\t\t\t<div class=\"elementor-spacer-inner\"><\/div>\n\t\t<\/div>\n\t\t\t\t\t\t<\/div>\n\t\t\t\t<\/div>\n\t\t\t\t\t<\/div>\n\t\t<\/div>\n\t\t\t\t<div class=\"elementor-column elementor-col-33 elementor-top-column elementor-element elementor-element-178f0ba9\" data-id=\"178f0ba9\" data-element_type=\"column\" data-e-type=\"column\" data-settings=\"{&quot;background_background&quot;:&quot;classic&quot;}\">\n\t\t\t<div class=\"elementor-widget-wrap elementor-element-populated\">\n\t\t\t\t\t\t<div class=\"elementor-element elementor-element-77566959 elementor-widget elementor-widget-spacer\" data-id=\"77566959\" data-element_type=\"widget\" data-e-type=\"widget\" data-widget_type=\"spacer.default\">\n\t\t\t\t<div class=\"elementor-widget-container\">\n\t\t\t\t\t\t\t<div class=\"elementor-spacer\">\n\t\t\t<div class=\"elementor-spacer-inner\"><\/div>\n\t\t<\/div>\n\t\t\t\t\t\t<\/div>\n\t\t\t\t<\/div>\n\t\t\t\t\t<\/div>\n\t\t<\/div>\n\t\t\t\t<div class=\"elementor-column elementor-col-33 elementor-top-column elementor-element elementor-element-2f635812\" data-id=\"2f635812\" data-element_type=\"column\" data-e-type=\"column\" data-settings=\"{&quot;background_background&quot;:&quot;classic&quot;}\">\n\t\t\t<div class=\"elementor-widget-wrap elementor-element-populated\">\n\t\t\t\t\t\t<div class=\"elementor-element elementor-element-54edbca elementor-widget elementor-widget-spacer\" data-id=\"54edbca\" data-element_type=\"widget\" data-e-type=\"widget\" data-widget_type=\"spacer.default\">\n\t\t\t\t<div class=\"elementor-widget-container\">\n\t\t\t\t\t\t\t<div class=\"elementor-spacer\">\n\t\t\t<div class=\"elementor-spacer-inner\"><\/div>\n\t\t<\/div>\n\t\t\t\t\t\t<\/div>\n\t\t\t\t<\/div>\n\t\t\t\t\t<\/div>\n\t\t<\/div>\n\t\t\t\t\t<\/div>\n\t\t<\/section>\n\t\t\t\t<section class=\"elementor-section elementor-top-section elementor-element elementor-element-360160ab elementor-section-full_width elementor-hidden-desktop elementor-hidden-tablet elementor-section-height-default elementor-section-height-default\" data-id=\"360160ab\" data-element_type=\"section\" data-e-type=\"section\">\n\t\t\t\t\t\t<div class=\"elementor-container elementor-column-gap-no\">\n\t\t\t\t\t<div class=\"elementor-column elementor-col-100 elementor-top-column elementor-element elementor-element-56c5c32a\" data-id=\"56c5c32a\" data-element_type=\"column\" data-e-type=\"column\">\n\t\t\t<div class=\"elementor-widget-wrap elementor-element-populated\">\n\t\t\t\t\t\t<div class=\"elementor-element elementor-element-179b863a elementor-widget elementor-widget-ucaddon_uc_slider_image\" data-id=\"179b863a\" data-element_type=\"widget\" data-e-type=\"widget\" data-widget_type=\"ucaddon_uc_slider_image.default\">\n\t\t\t\t<div class=\"elementor-widget-container\">\n\t\t\t\t\t\n<!-- start Slider Gallery -->\n\t\t<link id='unitegallery-css' href='https:\/\/www.emilgroupawards.com\/wp-content\/plugins\/unlimited-elements-for-elementor-premium\/assets_libraries\/unitegallery\/css\/unite-gallery.css' type='text\/css' rel='stylesheet' >\n\n<style>\/* widget: Slider Gallery *\/\n\n#uc_uc_slider_image_elementor_179b863a\n{\n  overflow:hidden;\n}\n\n#uc_uc_slider_image_elementor_179b863a-wrapper\n{\n  min-height:1px;\n}\n\n<\/style>\n\n<div id=\"uc_uc_slider_image_elementor_179b863a-wrapper\">\n<div id=\"uc_uc_slider_image_elementor_179b863a\" class=\"uc-items-wrapper  \" style=\"display:none; margin:0 auto;\"  data-remote-type=\"gallery\" data-custom-sethtml=\"true\" >\n\n\n<img decoding=\"async\" alt=\"New Mexico Suite - interno vasca\"\n   src=\"https:\/\/www.emilgroupawards.com\/wp-content\/uploads\/2025\/10\/New-Mexico-Suite-interno-vasca.jpg\"\n    data-image=\"https:\/\/www.emilgroupawards.com\/wp-content\/uploads\/2025\/10\/New-Mexico-Suite-interno-vasca.jpg\"\n    data-title=\"New Mexico Suite - interno vasca\">\n\n<img decoding=\"async\" alt=\"New Mexico Suite - interno doccia\"\n   src=\"https:\/\/www.emilgroupawards.com\/wp-content\/uploads\/2025\/10\/New-Mexico-Suite-interno-doccia.jpg\"\n    data-image=\"https:\/\/www.emilgroupawards.com\/wp-content\/uploads\/2025\/10\/New-Mexico-Suite-interno-doccia.jpg\"\n    data-title=\"New Mexico Suite - interno doccia\">\n\n<img decoding=\"async\" alt=\"New Mexico Suite - interno bagno\"\n   src=\"https:\/\/www.emilgroupawards.com\/wp-content\/uploads\/2025\/10\/New-Mexico-Suite-interno-bagno.jpg\"\n    data-image=\"https:\/\/www.emilgroupawards.com\/wp-content\/uploads\/2025\/10\/New-Mexico-Suite-interno-bagno.jpg\"\n    data-title=\"New Mexico Suite - interno bagno\">\n\n  \n<\/div>\n<\/div>\n<!-- end Slider Gallery -->\t\t\t\t<\/div>\n\t\t\t\t<\/div>\n\t\t\t\t\t<\/div>\n\t\t<\/div>\n\t\t\t\t\t<\/div>\n\t\t<\/section>\n\t\t\t\t<\/div>\n\t\t","protected":false},"excerpt":{"rendered":"<p>Categor\u00eda Creatividad Cerriva New Mexico Suite: un rinc\u00f3n de M\u00e9xico en los Pa\u00edses Bajos Situada en el interior del Van der Valk Hotel Houten, en los Pa\u00edses Bajos, la New Mexico Suite se ha ganado al jurado de los Emilgroup Project Awards 2025, llev\u00e1ndose el premio en la categor\u00eda Creatividad. El proyecto, obra de Cerriva, [&hellip;]<\/p>\n","protected":false},"author":1,"featured_media":0,"parent":4717,"menu_order":0,"comment_status":"closed","ping_status":"closed","template":"","meta":{"footnotes":""},"class_list":["post-4728","page","type-page","status-publish","hentry"],"_links":{"self":[{"href":"https:\/\/www.emilgroupawards.com\/es\/wp-json\/wp\/v2\/pages\/4728","targetHints":{"allow":["GET"]}}],"collection":[{"href":"https:\/\/www.emilgroupawards.com\/es\/wp-json\/wp\/v2\/pages"}],"about":[{"href":"https:\/\/www.emilgroupawards.com\/es\/wp-json\/wp\/v2\/types\/page"}],"author":[{"embeddable":true,"href":"https:\/\/www.emilgroupawards.com\/es\/wp-json\/wp\/v2\/users\/1"}],"replies":[{"embeddable":true,"href":"https:\/\/www.emilgroupawards.com\/es\/wp-json\/wp\/v2\/comments?post=4728"}],"version-history":[{"count":4,"href":"https:\/\/www.emilgroupawards.com\/es\/wp-json\/wp\/v2\/pages\/4728\/revisions"}],"predecessor-version":[{"id":4802,"href":"https:\/\/www.emilgroupawards.com\/es\/wp-json\/wp\/v2\/pages\/4728\/revisions\/4802"}],"up":[{"embeddable":true,"href":"https:\/\/www.emilgroupawards.com\/es\/wp-json\/wp\/v2\/pages\/4717"}],"wp:attachment":[{"href":"https:\/\/www.emilgroupawards.com\/es\/wp-json\/wp\/v2\/media?parent=4728"}],"curies":[{"name":"wp","href":"https:\/\/api.w.org\/{rel}","templated":true}]}}