{"id":2652,"date":"2023-09-25T17:34:59","date_gmt":"2023-09-25T15:34:59","guid":{"rendered":"https:\/\/www.emilgroupawards.com\/?page_id=2652"},"modified":"2023-09-26T10:47:54","modified_gmt":"2023-09-26T08:47:54","slug":"bathroom-in-a-private-home","status":"publish","type":"page","link":"https:\/\/www.emilgroupawards.com\/es\/los-ganadores-2023\/bathroom-in-a-private-home\/","title":{"rendered":"Bathroom in a Private Home"},"content":{"rendered":"\t\t<div data-elementor-type=\"wp-page\" data-elementor-id=\"2652\" class=\"elementor elementor-2652 elementor-2564\" data-elementor-post-type=\"page\">\n\t\t\t\t\t\t<section class=\"elementor-section elementor-top-section elementor-element elementor-element-0bdbdce elementor-section-full_width elementor-section-items-stretch elementor-section-height-min-height elementor-section-height-default\" data-id=\"0bdbdce\" data-element_type=\"section\" data-e-type=\"section\" data-settings=\"{&quot;background_background&quot;:&quot;classic&quot;}\">\n\t\t\t\t\t\t<div class=\"elementor-container elementor-column-gap-no\">\n\t\t\t\t\t<div class=\"elementor-column elementor-col-100 elementor-top-column elementor-element elementor-element-e1d3025\" data-id=\"e1d3025\" data-element_type=\"column\" data-e-type=\"column\">\n\t\t\t<div class=\"elementor-widget-wrap\">\n\t\t\t\t\t\t\t<\/div>\n\t\t<\/div>\n\t\t\t\t\t<\/div>\n\t\t<\/section>\n\t\t\t\t<section class=\"elementor-section elementor-top-section elementor-element elementor-element-e6946e5 elementor-section-full_width elementor-section-height-min-height elementor-section-items-stretch elementor-section-content-middle elementor-section-height-default\" data-id=\"e6946e5\" data-element_type=\"section\" data-e-type=\"section\">\n\t\t\t\t\t\t<div class=\"elementor-container elementor-column-gap-no\">\n\t\t\t\t\t<div class=\"elementor-column elementor-col-50 elementor-top-column elementor-element elementor-element-67a5a7b elementor-hidden-mobile\" data-id=\"67a5a7b\" data-element_type=\"column\" data-e-type=\"column\" data-settings=\"{&quot;background_background&quot;:&quot;classic&quot;}\">\n\t\t\t<div class=\"elementor-widget-wrap elementor-element-populated\">\n\t\t\t\t\t\t\t<\/div>\n\t\t<\/div>\n\t\t\t\t<div class=\"elementor-column elementor-col-50 elementor-top-column elementor-element elementor-element-e8ca341\" data-id=\"e8ca341\" data-element_type=\"column\" data-e-type=\"column\">\n\t\t\t<div class=\"elementor-widget-wrap elementor-element-populated\">\n\t\t\t\t\t\t<div class=\"elementor-element elementor-element-425ba3d elementor-widget__width-auto elementor-widget elementor-widget-heading\" data-id=\"425ba3d\" data-element_type=\"widget\" data-e-type=\"widget\" data-widget_type=\"heading.default\">\n\t\t\t\t<div class=\"elementor-widget-container\">\n\t\t\t\t\t<span class=\"elementor-heading-title elementor-size-default\">Categor\u00eda<\/span>\t\t\t\t<\/div>\n\t\t\t\t<\/div>\n\t\t\t\t<div class=\"elementor-element elementor-element-35ff803 elementor-widget__width-auto elementor-widget elementor-widget-image\" data-id=\"35ff803\" data-element_type=\"widget\" data-e-type=\"widget\" data-widget_type=\"image.default\">\n\t\t\t\t<div class=\"elementor-widget-container\">\n\t\t\t\t\t\t\t\t\t\t\t\t\t\t\t<img decoding=\"async\" width=\"56\" height=\"56\" src=\"https:\/\/www.emilgroupawards.com\/wp-content\/uploads\/2023\/09\/menzione-speciale-nero.png\" class=\"attachment-large size-large wp-image-2600\" alt=\"\" \/>\t\t\t\t\t\t\t\t\t\t\t\t\t\t\t<\/div>\n\t\t\t\t<\/div>\n\t\t\t\t<div class=\"elementor-element elementor-element-35aed5d elementor-widget__width-auto elementor-widget elementor-widget-heading\" data-id=\"35aed5d\" data-element_type=\"widget\" data-e-type=\"widget\" data-widget_type=\"heading.default\">\n\t\t\t\t<div class=\"elementor-widget-container\">\n\t\t\t\t\t<span class=\"elementor-heading-title elementor-size-default\">Menci\u00f3n de honor<\/span>\t\t\t\t<\/div>\n\t\t\t\t<\/div>\n\t\t\t\t<div class=\"elementor-element elementor-element-7b3f2e1 elementor-widget-divider--view-line elementor-widget elementor-widget-divider\" data-id=\"7b3f2e1\" data-element_type=\"widget\" data-e-type=\"widget\" data-widget_type=\"divider.default\">\n\t\t\t\t<div class=\"elementor-widget-container\">\n\t\t\t\t\t\t\t<div class=\"elementor-divider\">\n\t\t\t<span class=\"elementor-divider-separator\">\n\t\t\t\t\t\t<\/span>\n\t\t<\/div>\n\t\t\t\t\t\t<\/div>\n\t\t\t\t<\/div>\n\t\t\t\t<div class=\"elementor-element elementor-element-d9525d5 elementor-widget elementor-widget-heading\" data-id=\"d9525d5\" data-element_type=\"widget\" data-e-type=\"widget\" data-widget_type=\"heading.default\">\n\t\t\t\t<div class=\"elementor-widget-container\">\n\t\t\t\t\t<div class=\"elementor-heading-title elementor-size-default\">Aare Visuals - Titi Reijonen and Iida Aalto<\/div>\t\t\t\t<\/div>\n\t\t\t\t<\/div>\n\t\t\t\t<div class=\"elementor-element elementor-element-92a711e elementor-widget elementor-widget-heading\" data-id=\"92a711e\" data-element_type=\"widget\" data-e-type=\"widget\" data-widget_type=\"heading.default\">\n\t\t\t\t<div class=\"elementor-widget-container\">\n\t\t\t\t\t<h3 class=\"elementor-heading-title elementor-size-default\">Bathroom in a Private Home<\/h3>\t\t\t\t<\/div>\n\t\t\t\t<\/div>\n\t\t\t\t<div class=\"elementor-element elementor-element-185178c elementor-widget__width-initial elementor-widget elementor-widget-text-editor\" data-id=\"185178c\" data-element_type=\"widget\" data-e-type=\"widget\" data-widget_type=\"text-editor.default\">\n\t\t\t\t<div class=\"elementor-widget-container\">\n\t\t\t\t\t\t\t\t\t<p>El proyecto Bathroom in a Private Home ha sido galardonado con la Menci\u00f3n de Honor por haber realzado el ambiente del ba\u00f1o empleando del mejor de los modos las colecciones de Emilgroup. <\/p>\n\t\t\t\t\t\t\t\t<\/div>\n\t\t\t\t<\/div>\n\t\t\t\t<div class=\"elementor-element elementor-element-a7d8105 elementor-widget__width-initial elementor-widget elementor-widget-text-editor\" data-id=\"a7d8105\" data-element_type=\"widget\" data-e-type=\"widget\" data-widget_type=\"text-editor.default\">\n\t\t\t\t<div class=\"elementor-widget-container\">\n\t\t\t\t\t\t\t\t\t<p>En este proyecto realizado en Finlandia se ha utilizado la colecci\u00f3n Unique Travertine by Provenza, resaltando sus varios acabados. El estudio de arquitectura Aare Visuals &#8211; Titi Reijonen y Iida Aalto ha concebido un espacio en el que la est\u00e9tica y el dise\u00f1o casan a la perfecci\u00f3n con las necesidades t\u00e9cnicas del espacio del ba\u00f1o.<\/p>\n\t\t\t\t\t\t\t\t<\/div>\n\t\t\t\t<\/div>\n\t\t\t\t\t<\/div>\n\t\t<\/div>\n\t\t\t\t\t<\/div>\n\t\t<\/section>\n\t\t\t\t<section class=\"elementor-section elementor-top-section elementor-element elementor-element-7b25ca6 elementor-section-full_width elementor-section-height-min-height elementor-section-items-stretch elementor-hidden-mobile elementor-section-height-default\" data-id=\"7b25ca6\" data-element_type=\"section\" data-e-type=\"section\">\n\t\t\t\t\t\t<div class=\"elementor-container elementor-column-gap-no\">\n\t\t\t\t\t<div class=\"elementor-column elementor-col-33 elementor-top-column elementor-element elementor-element-85351db\" data-id=\"85351db\" data-element_type=\"column\" data-e-type=\"column\" data-settings=\"{&quot;background_background&quot;:&quot;classic&quot;}\">\n\t\t\t<div class=\"elementor-widget-wrap elementor-element-populated\">\n\t\t\t\t\t\t<div class=\"elementor-element elementor-element-14c18c4 elementor-widget elementor-widget-spacer\" data-id=\"14c18c4\" data-element_type=\"widget\" data-e-type=\"widget\" data-widget_type=\"spacer.default\">\n\t\t\t\t<div class=\"elementor-widget-container\">\n\t\t\t\t\t\t\t<div class=\"elementor-spacer\">\n\t\t\t<div class=\"elementor-spacer-inner\"><\/div>\n\t\t<\/div>\n\t\t\t\t\t\t<\/div>\n\t\t\t\t<\/div>\n\t\t\t\t\t<\/div>\n\t\t<\/div>\n\t\t\t\t<div class=\"elementor-column elementor-col-33 elementor-top-column elementor-element elementor-element-c12f5a7\" data-id=\"c12f5a7\" data-element_type=\"column\" data-e-type=\"column\" data-settings=\"{&quot;background_background&quot;:&quot;classic&quot;}\">\n\t\t\t<div class=\"elementor-widget-wrap elementor-element-populated\">\n\t\t\t\t\t\t<div class=\"elementor-element elementor-element-df4ecca elementor-widget elementor-widget-spacer\" data-id=\"df4ecca\" data-element_type=\"widget\" data-e-type=\"widget\" data-widget_type=\"spacer.default\">\n\t\t\t\t<div class=\"elementor-widget-container\">\n\t\t\t\t\t\t\t<div class=\"elementor-spacer\">\n\t\t\t<div class=\"elementor-spacer-inner\"><\/div>\n\t\t<\/div>\n\t\t\t\t\t\t<\/div>\n\t\t\t\t<\/div>\n\t\t\t\t\t<\/div>\n\t\t<\/div>\n\t\t\t\t<div class=\"elementor-column elementor-col-33 elementor-top-column elementor-element elementor-element-04335c8\" data-id=\"04335c8\" data-element_type=\"column\" data-e-type=\"column\" data-settings=\"{&quot;background_background&quot;:&quot;classic&quot;}\">\n\t\t\t<div class=\"elementor-widget-wrap elementor-element-populated\">\n\t\t\t\t\t\t<div class=\"elementor-element elementor-element-0883237 elementor-widget elementor-widget-spacer\" data-id=\"0883237\" data-element_type=\"widget\" data-e-type=\"widget\" data-widget_type=\"spacer.default\">\n\t\t\t\t<div class=\"elementor-widget-container\">\n\t\t\t\t\t\t\t<div class=\"elementor-spacer\">\n\t\t\t<div class=\"elementor-spacer-inner\"><\/div>\n\t\t<\/div>\n\t\t\t\t\t\t<\/div>\n\t\t\t\t<\/div>\n\t\t\t\t\t<\/div>\n\t\t<\/div>\n\t\t\t\t\t<\/div>\n\t\t<\/section>\n\t\t\t\t<section class=\"elementor-section elementor-top-section elementor-element elementor-element-13f53f0 elementor-section-full_width elementor-hidden-desktop elementor-hidden-tablet elementor-section-height-default elementor-section-height-default\" data-id=\"13f53f0\" data-element_type=\"section\" data-e-type=\"section\">\n\t\t\t\t\t\t<div class=\"elementor-container elementor-column-gap-no\">\n\t\t\t\t\t<div class=\"elementor-column elementor-col-100 elementor-top-column elementor-element elementor-element-c0541b4\" data-id=\"c0541b4\" data-element_type=\"column\" data-e-type=\"column\">\n\t\t\t<div class=\"elementor-widget-wrap elementor-element-populated\">\n\t\t\t\t\t\t<div class=\"elementor-element elementor-element-e6d634d elementor-widget elementor-widget-ucaddon_uc_slider_image\" data-id=\"e6d634d\" data-element_type=\"widget\" data-e-type=\"widget\" data-widget_type=\"ucaddon_uc_slider_image.default\">\n\t\t\t\t<div class=\"elementor-widget-container\">\n\t\t\t\t\t\n<!-- start Slider Gallery -->\n\t\t<link id='unitegallery-css' href='https:\/\/www.emilgroupawards.com\/wp-content\/plugins\/unlimited-elements-for-elementor-premium\/assets_libraries\/unitegallery\/css\/unite-gallery.css' type='text\/css' rel='stylesheet' >\n\n<style>\/* widget: Slider Gallery *\/\n\n#uc_uc_slider_image_elementor_e6d634d\n{\n  overflow:hidden;\n}\n\n#uc_uc_slider_image_elementor_e6d634d-wrapper\n{\n  min-height:1px;\n}\n\n<\/style>\n\n<div id=\"uc_uc_slider_image_elementor_e6d634d-wrapper\">\n<div id=\"uc_uc_slider_image_elementor_e6d634d\" class=\"uc-items-wrapper  \" style=\"display:none; margin:0 auto;\"  data-remote-type=\"gallery\" data-custom-sethtml=\"true\" >\n\n\n<img decoding=\"async\" alt=\"01-Bathroom in a Private Home\"\n   src=\"https:\/\/www.emilgroupawards.com\/wp-content\/uploads\/2023\/09\/01-Bathroom-in-a-Private-Home-1-768x1153.jpg\"\n    data-image=\"https:\/\/www.emilgroupawards.com\/wp-content\/uploads\/2023\/09\/01-Bathroom-in-a-Private-Home-1.jpg\"\n    data-title=\"01-Bathroom in a Private Home\">\n\n<img decoding=\"async\" alt=\"02-Bathroom in a Private Home\"\n   src=\"https:\/\/www.emilgroupawards.com\/wp-content\/uploads\/2023\/09\/02-Bathroom-in-a-Private-Home-1-768x1153.jpg\"\n    data-image=\"https:\/\/www.emilgroupawards.com\/wp-content\/uploads\/2023\/09\/02-Bathroom-in-a-Private-Home-1.jpg\"\n    data-title=\"02-Bathroom in a Private Home\">\n\n<img decoding=\"async\" alt=\"03-Bathroom in a Private Home\"\n   src=\"https:\/\/www.emilgroupawards.com\/wp-content\/uploads\/2023\/09\/03-Bathroom-in-a-Private-Home-1-768x1153.jpg\"\n    data-image=\"https:\/\/www.emilgroupawards.com\/wp-content\/uploads\/2023\/09\/03-Bathroom-in-a-Private-Home-1.jpg\"\n    data-title=\"03-Bathroom in a Private Home\">\n\n<img decoding=\"async\" alt=\"04-Bathroom in a Private Home\"\n   src=\"https:\/\/www.emilgroupawards.com\/wp-content\/uploads\/2023\/09\/04-Bathroom-in-a-Private-Home-1-768x1153.jpg\"\n    data-image=\"https:\/\/www.emilgroupawards.com\/wp-content\/uploads\/2023\/09\/04-Bathroom-in-a-Private-Home-1.jpg\"\n    data-title=\"04-Bathroom in a Private Home\">\n\n  \n<\/div>\n<\/div>\n<!-- end Slider Gallery -->\t\t\t\t<\/div>\n\t\t\t\t<\/div>\n\t\t\t\t\t<\/div>\n\t\t<\/div>\n\t\t\t\t\t<\/div>\n\t\t<\/section>\n\t\t\t\t<\/div>\n\t\t","protected":false},"excerpt":{"rendered":"<p>Categor\u00eda Menci\u00f3n de honor Aare Visuals &#8211; Titi Reijonen and Iida Aalto Bathroom in a Private Home El proyecto Bathroom in a Private Home ha sido galardonado con la Menci\u00f3n de Honor por haber realzado el ambiente del ba\u00f1o empleando del mejor de los modos las colecciones de Emilgroup. En este proyecto realizado en Finlandia [&hellip;]<\/p>\n","protected":false},"author":2,"featured_media":0,"parent":2656,"menu_order":0,"comment_status":"closed","ping_status":"closed","template":"","meta":{"footnotes":""},"class_list":["post-2652","page","type-page","status-publish","hentry"],"_links":{"self":[{"href":"https:\/\/www.emilgroupawards.com\/es\/wp-json\/wp\/v2\/pages\/2652","targetHints":{"allow":["GET"]}}],"collection":[{"href":"https:\/\/www.emilgroupawards.com\/es\/wp-json\/wp\/v2\/pages"}],"about":[{"href":"https:\/\/www.emilgroupawards.com\/es\/wp-json\/wp\/v2\/types\/page"}],"author":[{"embeddable":true,"href":"https:\/\/www.emilgroupawards.com\/es\/wp-json\/wp\/v2\/users\/2"}],"replies":[{"embeddable":true,"href":"https:\/\/www.emilgroupawards.com\/es\/wp-json\/wp\/v2\/comments?post=2652"}],"version-history":[{"count":13,"href":"https:\/\/www.emilgroupawards.com\/es\/wp-json\/wp\/v2\/pages\/2652\/revisions"}],"predecessor-version":[{"id":3160,"href":"https:\/\/www.emilgroupawards.com\/es\/wp-json\/wp\/v2\/pages\/2652\/revisions\/3160"}],"up":[{"embeddable":true,"href":"https:\/\/www.emilgroupawards.com\/es\/wp-json\/wp\/v2\/pages\/2656"}],"wp:attachment":[{"href":"https:\/\/www.emilgroupawards.com\/es\/wp-json\/wp\/v2\/media?parent=2652"}],"curies":[{"name":"wp","href":"https:\/\/api.w.org\/{rel}","templated":true}]}}