{"id":1622,"date":"2022-09-20T16:36:45","date_gmt":"2022-09-20T14:36:45","guid":{"rendered":"https:\/\/www.emilgroupawards.com\/los-ganadores\/"},"modified":"2023-09-25T16:26:44","modified_gmt":"2023-09-25T14:26:44","slug":"los-ganadores","status":"publish","type":"page","link":"https:\/\/www.emilgroupawards.com\/es\/los-ganadores\/","title":{"rendered":"Los ganadores"},"content":{"rendered":"\t\t<div data-elementor-type=\"wp-page\" data-elementor-id=\"1622\" class=\"elementor elementor-1622 elementor-1276\" data-elementor-post-type=\"page\">\n\t\t\t\t\t\t<section class=\"elementor-section elementor-top-section elementor-element elementor-element-a2f7c01 elementor-section-boxed elementor-section-height-default elementor-section-height-default\" data-id=\"a2f7c01\" data-element_type=\"section\" data-e-type=\"section\" data-settings=\"{&quot;background_background&quot;:&quot;classic&quot;}\">\n\t\t\t\t\t\t<div class=\"elementor-container elementor-column-gap-no\">\n\t\t\t\t\t<div class=\"elementor-column elementor-col-100 elementor-top-column elementor-element elementor-element-26fa0c5\" data-id=\"26fa0c5\" data-element_type=\"column\" data-e-type=\"column\">\n\t\t\t<div class=\"elementor-widget-wrap elementor-element-populated\">\n\t\t\t\t\t\t<div class=\"elementor-element elementor-element-090277f elementor-widget elementor-widget-heading\" data-id=\"090277f\" data-element_type=\"widget\" data-e-type=\"widget\" data-widget_type=\"heading.default\">\n\t\t\t\t<div class=\"elementor-widget-container\">\n\t\t\t\t\t<h2 class=\"elementor-heading-title elementor-size-default\">Los ganadores<\/h2>\t\t\t\t<\/div>\n\t\t\t\t<\/div>\n\t\t\t\t<div class=\"elementor-element elementor-element-314c941 elementor-widget elementor-widget-text-editor\" data-id=\"314c941\" data-element_type=\"widget\" data-e-type=\"widget\" data-widget_type=\"text-editor.default\">\n\t\t\t\t<div class=\"elementor-widget-container\">\n\t\t\t\t\t\t\t\t\tCombinaciones innovadoras y soluciones de dise\u00f1o que valorizan la est\u00e9tica y la funcionalidad. Estos son los detalles de los proyectos ganadores del premio Emilgroup Project Awards 2022 en las categor\u00edas Inspiraci\u00f3n, Creatividad, Prestigio y Evoluci\u00f3n.\t\t\t\t\t\t\t\t<\/div>\n\t\t\t\t<\/div>\n\t\t\t\t<section class=\"elementor-section elementor-inner-section elementor-element elementor-element-4c03b37 elementor-section-boxed elementor-section-height-default elementor-section-height-default\" data-id=\"4c03b37\" data-element_type=\"section\" data-e-type=\"section\">\n\t\t\t\t\t\t<div class=\"elementor-container elementor-column-gap-wider\">\n\t\t\t\t\t<div class=\"elementor-column elementor-col-25 elementor-inner-column elementor-element elementor-element-1478db3\" data-id=\"1478db3\" data-element_type=\"column\" data-e-type=\"column\">\n\t\t\t<div class=\"elementor-widget-wrap elementor-element-populated\">\n\t\t\t\t\t\t<div class=\"elementor-element elementor-element-e465503 elementor-widget elementor-widget-image\" data-id=\"e465503\" data-element_type=\"widget\" data-e-type=\"widget\" data-widget_type=\"image.default\">\n\t\t\t\t<div class=\"elementor-widget-container\">\n\t\t\t\t\t\t\t\t\t\t\t\t\t\t\t\t<a href=\"https:\/\/www.emilgroupawards.com\/es\/los-ganadores\/babenberger-passage-disco-en-viena\/\">\n\t\t\t\t\t\t\t<img fetchpriority=\"high\" decoding=\"async\" width=\"434\" height=\"716\" src=\"https:\/\/www.emilgroupawards.com\/wp-content\/uploads\/2022\/09\/Box-4.jpg\" class=\"attachment-full size-full wp-image-1282\" alt=\"\" srcset=\"https:\/\/www.emilgroupawards.com\/wp-content\/uploads\/2022\/09\/Box-4.jpg 434w, https:\/\/www.emilgroupawards.com\/wp-content\/uploads\/2022\/09\/Box-4-182x300.jpg 182w\" sizes=\"(max-width: 434px) 100vw, 434px\" \/>\t\t\t\t\t\t\t\t<\/a>\n\t\t\t\t\t\t\t\t\t\t\t\t\t\t\t<\/div>\n\t\t\t\t<\/div>\n\t\t\t\t<div class=\"elementor-element elementor-element-8177f8e elementor-widget elementor-widget-image\" data-id=\"8177f8e\" data-element_type=\"widget\" data-e-type=\"widget\" data-widget_type=\"image.default\">\n\t\t\t\t<div class=\"elementor-widget-container\">\n\t\t\t\t\t\t\t\t\t\t\t\t\t\t\t<img decoding=\"async\" width=\"150\" height=\"150\" src=\"https:\/\/www.emilgroupawards.com\/wp-content\/uploads\/2022\/09\/Icona-0-1-150x150.png\" class=\"attachment-thumbnail size-thumbnail wp-image-1322\" alt=\"\" srcset=\"https:\/\/www.emilgroupawards.com\/wp-content\/uploads\/2022\/09\/Icona-0-1-150x150.png 150w, https:\/\/www.emilgroupawards.com\/wp-content\/uploads\/2022\/09\/Icona-0-1.png 174w\" sizes=\"(max-width: 150px) 100vw, 150px\" \/>\t\t\t\t\t\t\t\t\t\t\t\t\t\t\t<\/div>\n\t\t\t\t<\/div>\n\t\t\t\t<div class=\"elementor-element elementor-element-7c1168d elementor-widget elementor-widget-heading\" data-id=\"7c1168d\" data-element_type=\"widget\" data-e-type=\"widget\" data-widget_type=\"heading.default\">\n\t\t\t\t<div class=\"elementor-widget-container\">\n\t\t\t\t\t<h4 class=\"elementor-heading-title elementor-size-default\">Inspiraci\u00f3n<\/h4>\t\t\t\t<\/div>\n\t\t\t\t<\/div>\n\t\t\t\t<div class=\"elementor-element elementor-element-03081f2 elementor-widget-divider--view-line elementor-widget elementor-widget-divider\" data-id=\"03081f2\" data-element_type=\"widget\" data-e-type=\"widget\" data-widget_type=\"divider.default\">\n\t\t\t\t<div class=\"elementor-widget-container\">\n\t\t\t\t\t\t\t<div class=\"elementor-divider\">\n\t\t\t<span class=\"elementor-divider-separator\">\n\t\t\t\t\t\t<\/span>\n\t\t<\/div>\n\t\t\t\t\t\t<\/div>\n\t\t\t\t<\/div>\n\t\t\t\t<div class=\"elementor-element elementor-element-e03c676 elementor-widget elementor-widget-heading\" data-id=\"e03c676\" data-element_type=\"widget\" data-e-type=\"widget\" data-widget_type=\"heading.default\">\n\t\t\t\t<div class=\"elementor-widget-container\">\n\t\t\t\t\t<p class=\"elementor-heading-title elementor-size-default\">Vienna by  SRS + Architects<\/p>\t\t\t\t<\/div>\n\t\t\t\t<\/div>\n\t\t\t\t<div class=\"elementor-element elementor-element-9e60dc0 elementor-widget elementor-widget-heading\" data-id=\"9e60dc0\" data-element_type=\"widget\" data-e-type=\"widget\" data-widget_type=\"heading.default\">\n\t\t\t\t<div class=\"elementor-widget-container\">\n\t\t\t\t\t<h3 class=\"elementor-heading-title elementor-size-default\"><a href=\"https:\/\/www.emilgroupawards.com\/es\/los-ganadores\/babenberger-passage-disco-en-viena\/\">Babenberger Passage Disco en Viena<\/a><\/h3>\t\t\t\t<\/div>\n\t\t\t\t<\/div>\n\t\t\t\t\t<\/div>\n\t\t<\/div>\n\t\t\t\t<div class=\"elementor-column elementor-col-25 elementor-inner-column elementor-element elementor-element-f8b60ab\" data-id=\"f8b60ab\" data-element_type=\"column\" data-e-type=\"column\">\n\t\t\t<div class=\"elementor-widget-wrap elementor-element-populated\">\n\t\t\t\t\t\t<div class=\"elementor-element elementor-element-65ccb27 elementor-widget elementor-widget-image\" data-id=\"65ccb27\" data-element_type=\"widget\" data-e-type=\"widget\" data-widget_type=\"image.default\">\n\t\t\t\t<div class=\"elementor-widget-container\">\n\t\t\t\t\t\t\t\t\t\t\t\t\t\t\t\t<a href=\"https:\/\/www.emilgroupawards.com\/es\/los-ganadores\/proyecto-progress-country-wine-house-en-asolo-italia\/\">\n\t\t\t\t\t\t\t<img decoding=\"async\" width=\"434\" height=\"716\" src=\"https:\/\/www.emilgroupawards.com\/wp-content\/uploads\/2022\/09\/Box-5.jpg\" class=\"attachment-full size-full wp-image-1287\" alt=\"\" srcset=\"https:\/\/www.emilgroupawards.com\/wp-content\/uploads\/2022\/09\/Box-5.jpg 434w, https:\/\/www.emilgroupawards.com\/wp-content\/uploads\/2022\/09\/Box-5-182x300.jpg 182w\" sizes=\"(max-width: 434px) 100vw, 434px\" \/>\t\t\t\t\t\t\t\t<\/a>\n\t\t\t\t\t\t\t\t\t\t\t\t\t\t\t<\/div>\n\t\t\t\t<\/div>\n\t\t\t\t<div class=\"elementor-element elementor-element-807ba03 elementor-widget elementor-widget-image\" data-id=\"807ba03\" data-element_type=\"widget\" data-e-type=\"widget\" data-widget_type=\"image.default\">\n\t\t\t\t<div class=\"elementor-widget-container\">\n\t\t\t\t\t\t\t\t\t\t\t\t\t\t\t<img loading=\"lazy\" decoding=\"async\" width=\"150\" height=\"150\" src=\"https:\/\/www.emilgroupawards.com\/wp-content\/uploads\/2022\/09\/Icona-1-1-150x150.png\" class=\"attachment-thumbnail size-thumbnail wp-image-1327\" alt=\"\" srcset=\"https:\/\/www.emilgroupawards.com\/wp-content\/uploads\/2022\/09\/Icona-1-1-150x150.png 150w, https:\/\/www.emilgroupawards.com\/wp-content\/uploads\/2022\/09\/Icona-1-1.png 174w\" sizes=\"(max-width: 150px) 100vw, 150px\" \/>\t\t\t\t\t\t\t\t\t\t\t\t\t\t\t<\/div>\n\t\t\t\t<\/div>\n\t\t\t\t<div class=\"elementor-element elementor-element-631d2b0 elementor-widget elementor-widget-heading\" data-id=\"631d2b0\" data-element_type=\"widget\" data-e-type=\"widget\" data-widget_type=\"heading.default\">\n\t\t\t\t<div class=\"elementor-widget-container\">\n\t\t\t\t\t<h4 class=\"elementor-heading-title elementor-size-default\">Creatividad<\/h4>\t\t\t\t<\/div>\n\t\t\t\t<\/div>\n\t\t\t\t<div class=\"elementor-element elementor-element-76b0652 elementor-widget-divider--view-line elementor-widget elementor-widget-divider\" data-id=\"76b0652\" data-element_type=\"widget\" data-e-type=\"widget\" data-widget_type=\"divider.default\">\n\t\t\t\t<div class=\"elementor-widget-container\">\n\t\t\t\t\t\t\t<div class=\"elementor-divider\">\n\t\t\t<span class=\"elementor-divider-separator\">\n\t\t\t\t\t\t<\/span>\n\t\t<\/div>\n\t\t\t\t\t\t<\/div>\n\t\t\t\t<\/div>\n\t\t\t\t<div class=\"elementor-element elementor-element-8d5ea73 elementor-widget elementor-widget-heading\" data-id=\"8d5ea73\" data-element_type=\"widget\" data-e-type=\"widget\" data-widget_type=\"heading.default\">\n\t\t\t\t<div class=\"elementor-widget-container\">\n\t\t\t\t\t<p class=\"elementor-heading-title elementor-size-default\">GPA Giuliano Pastro<br>Arch. Associati<\/p>\t\t\t\t<\/div>\n\t\t\t\t<\/div>\n\t\t\t\t<div class=\"elementor-element elementor-element-922fe4d elementor-widget elementor-widget-heading\" data-id=\"922fe4d\" data-element_type=\"widget\" data-e-type=\"widget\" data-widget_type=\"heading.default\">\n\t\t\t\t<div class=\"elementor-widget-container\">\n\t\t\t\t\t<h3 class=\"elementor-heading-title elementor-size-default\"><a href=\"https:\/\/www.emilgroupawards.com\/es\/los-ganadores\/proyecto-progress-country-wine-house-en-asolo-italia\/\">Proyecto Progress Country &amp; <br>Wine House en Asolo (Italia)<\/a><\/h3>\t\t\t\t<\/div>\n\t\t\t\t<\/div>\n\t\t\t\t\t<\/div>\n\t\t<\/div>\n\t\t\t\t<div class=\"elementor-column elementor-col-25 elementor-inner-column elementor-element elementor-element-81c7c12\" data-id=\"81c7c12\" data-element_type=\"column\" data-e-type=\"column\">\n\t\t\t<div class=\"elementor-widget-wrap elementor-element-populated\">\n\t\t\t\t\t\t<div class=\"elementor-element elementor-element-9c1b5ca elementor-widget elementor-widget-image\" data-id=\"9c1b5ca\" data-element_type=\"widget\" data-e-type=\"widget\" data-widget_type=\"image.default\">\n\t\t\t\t<div class=\"elementor-widget-container\">\n\t\t\t\t\t\t\t\t\t\t\t\t\t\t\t\t<a href=\"https:\/\/www.emilgroupawards.com\/es\/los-ganadores\/proyecto-residenza-en-budapest\/\">\n\t\t\t\t\t\t\t<img loading=\"lazy\" decoding=\"async\" width=\"434\" height=\"716\" src=\"https:\/\/www.emilgroupawards.com\/wp-content\/uploads\/2022\/09\/Box-6.jpg\" class=\"attachment-full size-full wp-image-1292\" alt=\"\" srcset=\"https:\/\/www.emilgroupawards.com\/wp-content\/uploads\/2022\/09\/Box-6.jpg 434w, https:\/\/www.emilgroupawards.com\/wp-content\/uploads\/2022\/09\/Box-6-182x300.jpg 182w\" sizes=\"(max-width: 434px) 100vw, 434px\" \/>\t\t\t\t\t\t\t\t<\/a>\n\t\t\t\t\t\t\t\t\t\t\t\t\t\t\t<\/div>\n\t\t\t\t<\/div>\n\t\t\t\t<div class=\"elementor-element elementor-element-2456fa7 elementor-widget elementor-widget-image\" data-id=\"2456fa7\" data-element_type=\"widget\" data-e-type=\"widget\" data-widget_type=\"image.default\">\n\t\t\t\t<div class=\"elementor-widget-container\">\n\t\t\t\t\t\t\t\t\t\t\t\t\t\t\t<img loading=\"lazy\" decoding=\"async\" width=\"150\" height=\"150\" src=\"https:\/\/www.emilgroupawards.com\/wp-content\/uploads\/2022\/09\/Icona-2-1-150x150.png\" class=\"attachment-thumbnail size-thumbnail wp-image-1332\" alt=\"\" srcset=\"https:\/\/www.emilgroupawards.com\/wp-content\/uploads\/2022\/09\/Icona-2-1-150x150.png 150w, https:\/\/www.emilgroupawards.com\/wp-content\/uploads\/2022\/09\/Icona-2-1.png 174w\" sizes=\"(max-width: 150px) 100vw, 150px\" \/>\t\t\t\t\t\t\t\t\t\t\t\t\t\t\t<\/div>\n\t\t\t\t<\/div>\n\t\t\t\t<div class=\"elementor-element elementor-element-044f017 elementor-widget elementor-widget-heading\" data-id=\"044f017\" data-element_type=\"widget\" data-e-type=\"widget\" data-widget_type=\"heading.default\">\n\t\t\t\t<div class=\"elementor-widget-container\">\n\t\t\t\t\t<h4 class=\"elementor-heading-title elementor-size-default\">Prestigio<\/h4>\t\t\t\t<\/div>\n\t\t\t\t<\/div>\n\t\t\t\t<div class=\"elementor-element elementor-element-32d7d82 elementor-widget-divider--view-line elementor-widget elementor-widget-divider\" data-id=\"32d7d82\" data-element_type=\"widget\" data-e-type=\"widget\" data-widget_type=\"divider.default\">\n\t\t\t\t<div class=\"elementor-widget-container\">\n\t\t\t\t\t\t\t<div class=\"elementor-divider\">\n\t\t\t<span class=\"elementor-divider-separator\">\n\t\t\t\t\t\t<\/span>\n\t\t<\/div>\n\t\t\t\t\t\t<\/div>\n\t\t\t\t<\/div>\n\t\t\t\t<div class=\"elementor-element elementor-element-416376e elementor-widget elementor-widget-heading\" data-id=\"416376e\" data-element_type=\"widget\" data-e-type=\"widget\" data-widget_type=\"heading.default\">\n\t\t\t\t<div class=\"elementor-widget-container\">\n\t\t\t\t\t<p class=\"elementor-heading-title elementor-size-default\">este\u2019r partners<\/p>\t\t\t\t<\/div>\n\t\t\t\t<\/div>\n\t\t\t\t<div class=\"elementor-element elementor-element-7a953e1 elementor-widget elementor-widget-heading\" data-id=\"7a953e1\" data-element_type=\"widget\" data-e-type=\"widget\" data-widget_type=\"heading.default\">\n\t\t\t\t<div class=\"elementor-widget-container\">\n\t\t\t\t\t<h3 class=\"elementor-heading-title elementor-size-default\"><a href=\"https:\/\/www.emilgroupawards.com\/es\/los-ganadores\/proyecto-residenza-en-budapest\/\">Proyecto Residenza en Budapest<\/a><\/h3>\t\t\t\t<\/div>\n\t\t\t\t<\/div>\n\t\t\t\t\t<\/div>\n\t\t<\/div>\n\t\t\t\t<div class=\"elementor-column elementor-col-25 elementor-inner-column elementor-element elementor-element-98dffd7\" data-id=\"98dffd7\" data-element_type=\"column\" data-e-type=\"column\">\n\t\t\t<div class=\"elementor-widget-wrap elementor-element-populated\">\n\t\t\t\t\t\t<div class=\"elementor-element elementor-element-77f9d16 elementor-widget elementor-widget-image\" data-id=\"77f9d16\" data-element_type=\"widget\" data-e-type=\"widget\" data-widget_type=\"image.default\">\n\t\t\t\t<div class=\"elementor-widget-container\">\n\t\t\t\t\t\t\t\t\t\t\t\t\t\t\t\t<a href=\"https:\/\/www.emilgroupawards.com\/es\/los-ganadores\/proyecto-de-fachadas-ventiladas-il-chiostro-en-milan-italia\/\">\n\t\t\t\t\t\t\t<img loading=\"lazy\" decoding=\"async\" width=\"434\" height=\"716\" src=\"https:\/\/www.emilgroupawards.com\/wp-content\/uploads\/2022\/09\/Box-7.jpg\" class=\"attachment-full size-full wp-image-1297\" alt=\"\" srcset=\"https:\/\/www.emilgroupawards.com\/wp-content\/uploads\/2022\/09\/Box-7.jpg 434w, https:\/\/www.emilgroupawards.com\/wp-content\/uploads\/2022\/09\/Box-7-182x300.jpg 182w\" sizes=\"(max-width: 434px) 100vw, 434px\" \/>\t\t\t\t\t\t\t\t<\/a>\n\t\t\t\t\t\t\t\t\t\t\t\t\t\t\t<\/div>\n\t\t\t\t<\/div>\n\t\t\t\t<div class=\"elementor-element elementor-element-3c6fb5a elementor-widget elementor-widget-image\" data-id=\"3c6fb5a\" data-element_type=\"widget\" data-e-type=\"widget\" data-widget_type=\"image.default\">\n\t\t\t\t<div class=\"elementor-widget-container\">\n\t\t\t\t\t\t\t\t\t\t\t\t\t\t\t<img loading=\"lazy\" decoding=\"async\" width=\"150\" height=\"150\" src=\"https:\/\/www.emilgroupawards.com\/wp-content\/uploads\/2022\/09\/Icona-3-1-150x150.png\" class=\"attachment-thumbnail size-thumbnail wp-image-1337\" alt=\"\" srcset=\"https:\/\/www.emilgroupawards.com\/wp-content\/uploads\/2022\/09\/Icona-3-1-150x150.png 150w, https:\/\/www.emilgroupawards.com\/wp-content\/uploads\/2022\/09\/Icona-3-1.png 174w\" sizes=\"(max-width: 150px) 100vw, 150px\" \/>\t\t\t\t\t\t\t\t\t\t\t\t\t\t\t<\/div>\n\t\t\t\t<\/div>\n\t\t\t\t<div class=\"elementor-element elementor-element-4cdbe80 elementor-widget elementor-widget-heading\" data-id=\"4cdbe80\" data-element_type=\"widget\" data-e-type=\"widget\" data-widget_type=\"heading.default\">\n\t\t\t\t<div class=\"elementor-widget-container\">\n\t\t\t\t\t<h4 class=\"elementor-heading-title elementor-size-default\">Evoluci\u00f3n<\/h4>\t\t\t\t<\/div>\n\t\t\t\t<\/div>\n\t\t\t\t<div class=\"elementor-element elementor-element-bb3e279 elementor-widget-divider--view-line elementor-widget elementor-widget-divider\" data-id=\"bb3e279\" data-element_type=\"widget\" data-e-type=\"widget\" data-widget_type=\"divider.default\">\n\t\t\t\t<div class=\"elementor-widget-container\">\n\t\t\t\t\t\t\t<div class=\"elementor-divider\">\n\t\t\t<span class=\"elementor-divider-separator\">\n\t\t\t\t\t\t<\/span>\n\t\t<\/div>\n\t\t\t\t\t\t<\/div>\n\t\t\t\t<\/div>\n\t\t\t\t<div class=\"elementor-element elementor-element-a622caa elementor-widget elementor-widget-heading\" data-id=\"a622caa\" data-element_type=\"widget\" data-e-type=\"widget\" data-widget_type=\"heading.default\">\n\t\t\t\t<div class=\"elementor-widget-container\">\n\t\t\t\t\t<p class=\"elementor-heading-title elementor-size-default\">DFA Partners<\/p>\t\t\t\t<\/div>\n\t\t\t\t<\/div>\n\t\t\t\t<div class=\"elementor-element elementor-element-5af3a28 elementor-widget elementor-widget-heading\" data-id=\"5af3a28\" data-element_type=\"widget\" data-e-type=\"widget\" data-widget_type=\"heading.default\">\n\t\t\t\t<div class=\"elementor-widget-container\">\n\t\t\t\t\t<h3 class=\"elementor-heading-title elementor-size-default\"><a href=\"https:\/\/www.emilgroupawards.com\/es\/los-ganadores\/proyecto-de-fachadas-ventiladas-il-chiostro-en-milan-italia\/\">Proyecto de fachadas ventiladas Il Chiostro en Mil\u00e1n (Italia)<\/a><\/h3>\t\t\t\t<\/div>\n\t\t\t\t<\/div>\n\t\t\t\t\t<\/div>\n\t\t<\/div>\n\t\t\t\t\t<\/div>\n\t\t<\/section>\n\t\t\t\t\t<\/div>\n\t\t<\/div>\n\t\t\t\t\t<\/div>\n\t\t<\/section>\n\t\t\t\t<section class=\"elementor-section elementor-top-section elementor-element elementor-element-483b023 elementor-section-boxed elementor-section-height-default elementor-section-height-default\" data-id=\"483b023\" data-element_type=\"section\" data-e-type=\"section\" data-settings=\"{&quot;background_background&quot;:&quot;classic&quot;}\">\n\t\t\t\t\t\t<div class=\"elementor-container elementor-column-gap-wide\">\n\t\t\t\t\t<div class=\"elementor-column elementor-col-25 elementor-top-column elementor-element elementor-element-650d708\" data-id=\"650d708\" data-element_type=\"column\" data-e-type=\"column\">\n\t\t\t<div class=\"elementor-widget-wrap\">\n\t\t\t\t\t\t\t<\/div>\n\t\t<\/div>\n\t\t\t\t<div class=\"elementor-column elementor-col-25 elementor-top-column elementor-element elementor-element-acab8ff\" data-id=\"acab8ff\" data-element_type=\"column\" data-e-type=\"column\">\n\t\t\t<div class=\"elementor-widget-wrap\">\n\t\t\t\t\t\t\t<\/div>\n\t\t<\/div>\n\t\t\t\t<div class=\"elementor-column elementor-col-25 elementor-top-column elementor-element elementor-element-677bd03\" data-id=\"677bd03\" data-element_type=\"column\" data-e-type=\"column\">\n\t\t\t<div class=\"elementor-widget-wrap\">\n\t\t\t\t\t\t\t<\/div>\n\t\t<\/div>\n\t\t\t\t<div class=\"elementor-column elementor-col-25 elementor-top-column elementor-element elementor-element-d79447d\" data-id=\"d79447d\" data-element_type=\"column\" data-e-type=\"column\">\n\t\t\t<div class=\"elementor-widget-wrap\">\n\t\t\t\t\t\t\t<\/div>\n\t\t<\/div>\n\t\t\t\t\t<\/div>\n\t\t<\/section>\n\t\t\t\t<\/div>\n\t\t","protected":false},"excerpt":{"rendered":"<p>Los ganadores Combinaciones innovadoras y soluciones de dise\u00f1o que valorizan la est\u00e9tica y la funcionalidad. Estos son los detalles de los proyectos ganadores del premio Emilgroup Project Awards 2022 en las categor\u00edas Inspiraci\u00f3n, Creatividad, Prestigio y Evoluci\u00f3n. Inspiraci\u00f3n Vienna by SRS + Architects Babenberger Passage Disco en Viena Creatividad GPA Giuliano PastroArch. Associati Proyecto Progress [&hellip;]<\/p>\n","protected":false},"author":1,"featured_media":0,"parent":0,"menu_order":0,"comment_status":"closed","ping_status":"closed","template":"","meta":{"footnotes":""},"class_list":["post-1622","page","type-page","status-publish","hentry"],"_links":{"self":[{"href":"https:\/\/www.emilgroupawards.com\/es\/wp-json\/wp\/v2\/pages\/1622","targetHints":{"allow":["GET"]}}],"collection":[{"href":"https:\/\/www.emilgroupawards.com\/es\/wp-json\/wp\/v2\/pages"}],"about":[{"href":"https:\/\/www.emilgroupawards.com\/es\/wp-json\/wp\/v2\/types\/page"}],"author":[{"embeddable":true,"href":"https:\/\/www.emilgroupawards.com\/es\/wp-json\/wp\/v2\/users\/1"}],"replies":[{"embeddable":true,"href":"https:\/\/www.emilgroupawards.com\/es\/wp-json\/wp\/v2\/comments?post=1622"}],"version-history":[{"count":3,"href":"https:\/\/www.emilgroupawards.com\/es\/wp-json\/wp\/v2\/pages\/1622\/revisions"}],"predecessor-version":[{"id":2798,"href":"https:\/\/www.emilgroupawards.com\/es\/wp-json\/wp\/v2\/pages\/1622\/revisions\/2798"}],"wp:attachment":[{"href":"https:\/\/www.emilgroupawards.com\/es\/wp-json\/wp\/v2\/media?parent=1622"}],"curies":[{"name":"wp","href":"https:\/\/api.w.org\/{rel}","templated":true}]}}