{"id":958,"date":"2022-04-06T08:54:05","date_gmt":"2022-04-06T06:54:05","guid":{"rendered":"https:\/\/www.emilgroupawards.com\/cookie-policy\/"},"modified":"2022-04-15T16:12:30","modified_gmt":"2022-04-15T14:12:30","slug":"cookie-policy","status":"publish","type":"page","link":"https:\/\/www.emilgroupawards.com\/de\/cookie-policy\/","title":{"rendered":"Cookie Policy"},"content":{"rendered":"\t\t<div data-elementor-type=\"wp-page\" data-elementor-id=\"958\" class=\"elementor elementor-958 elementor-945\" data-elementor-post-type=\"page\">\n\t\t\t\t\t\t<section class=\"elementor-section elementor-top-section elementor-element elementor-element-e3fabf3 elementor-section-boxed elementor-section-height-default elementor-section-height-default\" data-id=\"e3fabf3\" data-element_type=\"section\" data-e-type=\"section\">\n\t\t\t\t\t\t<div class=\"elementor-container elementor-column-gap-default\">\n\t\t\t\t\t<div class=\"elementor-column elementor-col-100 elementor-top-column elementor-element elementor-element-9f4b201\" data-id=\"9f4b201\" data-element_type=\"column\" data-e-type=\"column\">\n\t\t\t<div class=\"elementor-widget-wrap elementor-element-populated\">\n\t\t\t\t\t\t<div class=\"elementor-element elementor-element-4334627 elementor-widget elementor-widget-text-editor\" data-id=\"4334627\" data-element_type=\"widget\" data-e-type=\"widget\" data-widget_type=\"text-editor.default\">\n\t\t\t\t<div class=\"elementor-widget-container\">\n\t\t\t\t\t\t\t\t\t<h1>AUSF\u00dcHRLICHER HINWEIS \u00dcBER DIE VERWENDUNG VON COOKIES<\/h1><h2 style=\"text-align: center;\">Cookie Datenschutzerkl\u00e4rung<br \/>gem\u00e4\u00df Artikel 13 der Verordnung (EU) 2016\/679 (\u201eDSGVO\u201c)<\/h2><p><a class=\"iubenda-white no-brand iubenda-noiframe iubenda-embed iub-legal-only iubenda-noiframe iub-body-embed\" title=\"Cookie-Richtlinie\" href=\"https:\/\/www.iubenda.com\/privacy-policy\/10940480\/cookie-policy\/section\/technical-cookies\">Cookie-Richtlinie<\/a><script type=\"text\/javascript\">(function (w,d) {var loader = function () {var s = d.createElement(\"script\"), tag = d.getElementsByTagName(\"script\")[0]; s.src=\"https:\/\/cdn.iubenda.com\/iubenda.js\"; tag.parentNode.insertBefore(s,tag);}; if(w.addEventListener){w.addEventListener(\"load\", loader, false);}else if(w.attachEvent){w.attachEvent(\"onload\", loader);}else{w.onload = loader;}})(window, document);<\/script><br \/><a class=\"iubenda-white no-brand iubenda-noiframe iubenda-embed iub-legal-only iubenda-noiframe iub-body-embed\" title=\"Cookie-Richtlinie\" href=\"https:\/\/www.iubenda.com\/privacy-policy\/10940480\/cookie-policy\/section\/other-types-cookies\">Cookie-Richtlinie<\/a><script type=\"text\/javascript\">(function (w,d) {var loader = function () {var s = d.createElement(\"script\"), tag = d.getElementsByTagName(\"script\")[0]; s.src=\"https:\/\/cdn.iubenda.com\/iubenda.js\"; tag.parentNode.insertBefore(s,tag);}; if(w.addEventListener){w.addEventListener(\"load\", loader, false);}else if(w.attachEvent){w.attachEvent(\"onload\", loader);}else{w.onload = loader;}})(window, document);<\/script><\/p><p>Einstellungen verwalten und Einwilligungen erteilen oder widerrufen<br \/>Die Verwaltung von Tracker-Einstellungen sowie die Erteilung und der Widerruf von Einwilligungen k\u00f6nnen auf verschiedene Weisen erfolgen:<\/p><p>Nutzer k\u00f6nnen Tracker-Einstellungen direkt \u00fcber die eigenen Ger\u00e4teinstellungen verwalten, indem sie z. B. dem Einsatz oder der Speicherung von Trackern g\u00e4nzlich widersprechen.<\/p><p>Soweit der Einsatz von Trackern auf einer Einwilligung beruht, k\u00f6nnen Nutzer au\u00dferdem die Einwilligung durch entsprechende Auswahl im Cookie-Hinweis oder durch \u00c4nderung genannter Auswahl \u00fcber das entsprechende Einwilligungs-Widget (sofern vorhanden) erteilen oder widerrufen.<\/p><p>\u00dcber die entsprechenden Browser- oder Ger\u00e4teinstellungen k\u00f6nnen auch bereits abgespeicherte Tracker, einschlie\u00dflich solcher, die f\u00fcr die Speicherung der urspr\u00fcnglichen Nutzereinwilligung zust\u00e4ndig sind, gel\u00f6scht werden.<\/p><p>Andere Tracker, die im lokalen Speicher des Browsers abgelegt sind, k\u00f6nnen durch L\u00f6schen des Verlaufs entfernt werden.<\/p><p>In Bezug auf alle von Dritten eingesetzten Tracker k\u00f6nnen Nutzer ihre Einstellungen verwalten und ihre Einwilligung widerrufen, indem sie den entsprechenden Opt-out-Link nutzen (sofern vorhanden), die in der Datenschutzerkl\u00e4rung des Dritten angegebenen Mittel verwenden oder sich mit dem Dritten in Verbindung setzen.<\/p><p>Trackereinstellungen verwalten<br \/>Nutzer k\u00f6nnen zum Beispiel unter den nachfolgenden Adressen Informationen zur Verwaltung von Cookies \u00fcber die g\u00e4ngigsten Browser finden:<\/p><ul><li><a href=\"https:\/\/support.google.com\/chrome\/answer\/95647?hl=de&amp;p=cpn_cookies\" target=\"_blank\" rel=\"noopener nofollow\">Google Chrome<\/a><\/li><li><a href=\"https:\/\/support.mozilla.org\/de\/kb\/cookies-erlauben-und-ablehnen\" target=\"_blank\" rel=\"noopener nofollow\">Mozilla Firefox<\/a><\/li><li><a href=\"https:\/\/support.apple.com\/de-de\/guide\/safari\/manage-cookies-and-website-data-sfri11471\" target=\"_blank\" rel=\"noopener nofollow\">Apple Safari<\/a><\/li><li><a href=\"http:\/\/windows.microsoft.com\/de-de\/windows-vista\/block-or-allow-cookies\" target=\"_blank\" rel=\"noopener nofollow\">Microsoft Internet Explorer<\/a><\/li><li><a href=\"https:\/\/support.microsoft.com\/de-de\/help\/4027947\" target=\"_blank\" rel=\"noopener nofollow\">Microsoft Edge<\/a><\/li><li><a href=\"https:\/\/support.brave.com\/hc\/articles\/360022806212-How-do-I-use-Shields-while-browsing\" target=\"_blank\" rel=\"noopener nofollow\">Brave<\/a><\/li><li><a href=\"https:\/\/help.opera.com\/de\/latest\/web-preferences\/#cookies\" target=\"_blank\" rel=\"noopener nofollow\">Opera<\/a><\/li><\/ul><p>Nutzer k\u00f6nnen auch bestimmte innerhalb von mobilen Apps eingesetzte Tracker \u00fcber entsprechende Ger\u00e4teinstellungen verwalten \u2013 zum Beispiel \u00fcber die Ger\u00e4teinstellungen zu Werbung auf mobilen Ger\u00e4ten, oder generell \u00fcber Trackingeinstellungen (Nutzer k\u00f6nnen Ger\u00e4teinstellungen aufrufen und die entsprechenden Befehle suchen).<\/p><p><b>Verantwortlicher der Datenverarbeitung und Datenschutzbeauftragter (DPO)<\/b><\/p><p>Verantwortlicher ist Emilceramica S.r.l. a Socio unico mit Sitz in Via Ghiarola Nuova 29, 41042 Fiorano Modenese (Modena), Italien, in Person seines gesetzlichen Vertreters pro-tempore (\u201e<b>Verantwortlicher<\/b>\u201c oder \u201e<b>Emilceramica<\/b>\u201c).\u00a0<\/p><p>Zur Aus\u00fcbung Ihrer Rechte und zum Erhalt von Informationen dar\u00fcber und\/oder in Bezug auf diese Datenschutzerkl\u00e4rung k\u00f6nnen Sie sich unter den nachfolgenden Adressen an den Verantwortlichen wenden:\u00a0privacy@emilceramicagroup.it Tel. +39 0536 835111.<\/p><p>Der Verantwortliche hat einen Datenschutzbeauftragten (\u201e<b>DPO<\/b>\u201c) ernannt, an den Sie sich zur Aus\u00fcbung Ihrer Rechte, die im unten folgenden Punkt 7 genannt sind, sowie f\u00fcr diesbez\u00fcgliche Informationen und\/oder Informationen zur vorliegenden Datenschutzerkl\u00e4rung unter der folgenden Adresse wenden k\u00f6nnen: dpo@emilceramicagroup.it<\/p><p><b>\u00dcbermittlung personenbezogener Daten an Drittl\u00e4nder<\/b><\/p><p>Die durch die Verwendung von Cookies (z. B. Cookies von Drittanbietern) erhobenen personenbezogenen Daten des Nutzers k\u00f6nnen an Drittl\u00e4nder \u00fcbermittelt werden. Solche \u00dcbermittlungen sind rechtm\u00e4\u00dfig, da sie durch bestehende Angemessenheitsbeschl\u00fcsse der EU-Kommission und\/oder durch die von der EU-Kommission auf Grundlage der von ihr eingef\u00fchrten Muster gem\u00e4\u00df Artikel 46, 2, Buchstabe c) und d) DSGVO verabschiedeten Standardvertragsklauseln <i>(Standard Contractual Clauses)<\/i>garantiert sind.<\/p><p>Der Nutzer kann eine Kopie der angewandten Garantien anfordern, indem er sich schriftlich unter den in Punkt 1 dieser Cookie Datenschutzerkl\u00e4rung aufgef\u00fchrten Adressen an den Verantwortlichen wendet.<\/p><p><b>Empf\u00e4nger der personenbezogenen Daten<\/b><\/p><p>Die Besch\u00e4ftigten, das gleichgestellte Personal und die Mitarbeiter des Verantwortlichen, die zur Erzielung der vorgenannten Zwecke mit der Verarbeitung der personenbezogenen Daten beauftragt sind und entsprechende betriebliche Anweisungen erhalten haben, k\u00f6nnen Kenntnis von den personenbezogenen Daten des Nutzers erlangen.<\/p><p>Zudem k\u00f6nnen die personenbezogenen Daten des Nutzers f\u00fcr die im vorstehendem Punkt 3 beschriebenen Zwecke von Drittanbietern verarbeitet werden, die zum Beispiel folgenden Kategorien angeh\u00f6ren:<\/p><ul><li>Anbieter von technischen Diensten f\u00fcr die Verwaltung und Wartung der Website;<\/li><li>Werbeagenturen;<\/li><li>Anbieter von Diensten f\u00fcr die statistische Auswertung der Nutzung der Website;<\/li><li>Unternehmen, die Verwaltungs- und Wartungsdienste f\u00fcr die IT-Systeme des Verantwortlichen durchf\u00fchren;<\/li><li>Gesch\u00e4ftspartner;<\/li><li>Unternehmen, die Inhaber von <i>Social-Media-Websites<\/i>sind;<\/li><li>E-Mail-Versandanbieter oder andere Betreiber externer elektronischer Plattformen f\u00fcr den Versand von Mitteilungen;<\/li><li>Beh\u00f6rden sowie \u00dcberwachungs- und Kontrollorgane und generell \u00f6ffentliche oder private Einrichtungen mit publizistischen Funktionen, die gem\u00e4\u00df den Bestimmungen der geltenden nationalen und europ\u00e4ischen Rechtsprechung dazu berechtigt sind, Daten anzufordern;<\/li><li>Unternehmen, Verb\u00e4nde oder Fachb\u00fcros, die Unterst\u00fctzung und Beratung anbieten.<\/li><\/ul><p>Rechtssubjekte, die den oben genannten Kategorien angeh\u00f6ren, sind in einigen F\u00e4llen als eigens vom Verantwortlichen gem\u00e4\u00df Art. 28 DSGVO ernannte Auftragsverarbeiter t\u00e4tig, in anderen F\u00e4llen in v\u00f6lliger Unabh\u00e4ngigkeit als eigenst\u00e4ndige Verantwortliche t\u00e4tig. Dabei gilt als vereinbart, dass im letzteren Fall die Offenlegung Ihrer personenbezogenen Daten an diese selbst\u00e4ndigen Verantwortlichen lediglich auf der Grundlage der im vorstehenden Punkt 3 genannten Rechtm\u00e4\u00dfigkeitsvoraussetzungen erfolgen w\u00fcrde.<\/p><p>Sie k\u00f6nnen die vollst\u00e4ndige und aktualisierte Liste der Personen, denen Ihre personenbezogenen Daten offengelegt werden k\u00f6nnen, beim Verantwortlichen unter der in Punkt 1 der in dieser Cookie Datenschutzerkl\u00e4rung aufgef\u00fchrten Adresse anfordern.<\/p><p>Die mit Hilfe von Cookies erhobenen Daten werden nicht verbreitet.<\/p><p><b>Rechte der betroffenen Person<\/b><\/p><p>Sie k\u00f6nnen als betroffene Person in Bezug auf die in dieser Datenschutzerkl\u00e4rung beschriebenen Verarbeitungen nach Ma\u00dfgabe der DSGVO die Rechte gem\u00e4\u00df Art. 15 &#8211; 21 DSGVO aus\u00fcben, und zwar im Einzelnen:<\/p><ul><li><b>Auskunftsrecht<\/b>: das Recht, eine Best\u00e4tigung dar\u00fcber zu verlangen, ob Sie betreffende personenbezogene Daten verarbeitet werden; ist dies der Fall, so haben Sie ein Recht auf Auskunft \u00fcber diese personenbezogenen Daten, einschlie\u00dflich einer Kopie dieser Daten, und unter anderem auf die Informationen gem\u00e4\u00df Art. 15 DSGVO;<\/li><li><b>Recht auf Berichtigung<\/b>: das Recht, unverz\u00fcglich die Berichtigung Sie betreffender unrichtiger personenbezogener Daten und\/oder die Vervollst\u00e4ndigung unvollst\u00e4ndiger personenbezogener Daten gem\u00e4\u00df Art. 16 DSGVO zu verlangen;<\/li><li><b>Recht auf L\u00f6schung (Recht auf Vergessenwerden)<\/b>: das Recht, in den von Art. 17 DSGVO vorgesehenen F\u00e4llen unverz\u00fcglich die L\u00f6schung Sie betreffender personenbezogener Daten zu verlangen; das Recht auf L\u00f6schung gilt nicht, soweit die Verarbeitung zur Erf\u00fcllung einer rechtlichen Verpflichtung oder zur Wahrnehmung einer Aufgabe, die im \u00f6ffentlichen Interesse liegt oder zur Geltendmachung, Aus\u00fcbung oder Verteidigung von Rechtsanspr\u00fcchen erforderlich ist;<\/li><li><b>Recht auf Einschr\u00e4nkung der Verarbeitung<\/b>: das Recht, in den von Art. 18 DSGVO vorgesehenen F\u00e4llen die Einschr\u00e4nkung der Verarbeitung zu verlangen;<\/li><li><b>Recht auf Daten\u00fcbertragbarkeit<\/b>: das Recht, gem\u00e4\u00df Art. 20 DSGVO die Sie betreffenden personenbezogenen Daten, die Sie einem Verantwortlichen bereitgestellt haben, in einem strukturierten, g\u00e4ngigen und maschinenlesbaren Format zu erhalten, und das Recht, diese Daten einem anderen Verantwortlichen ohne Behinderung zu \u00fcbermitteln, sofern die Verarbeitung auf einer Einwilligung beruht und mithilfe automatisierter Verfahren erfolgt. Zudem haben Sie das Recht zu erwirken, dass Ihre personenbezogenen Daten direkt von einem Verantwortlichen einem anderen Verantwortlichen \u00fcbermittelt werden, soweit dies technisch machbar ist.<\/li><li><b>Widerspruchsrecht<\/b>: das Recht, gem\u00e4\u00df Art. 21 DSGVO gegen die Verarbeitung Sie betreffender personenbezogener Daten Widerspruch einzulegen, sofern keine berechtigten Gr\u00fcnde f\u00fcr den Verantwortlichen vorliegen, die Verarbeitung fortzusetzen;<\/li><li><b>Recht auf Widerruf der Einwilligung<\/b>: das Recht, die erteilte Einwilligung jederzeit zu widerrufen, vorbehaltlich der Rechtm\u00e4\u00dfigkeit der vor dem Widerruf durchgef\u00fchrten Datenverarbeitung.<\/li><li><b>Recht auf Beschwerde<\/b> bei der Datenschutzbeh\u00f6rde des Staates, in dem Sie Ihren Wohnsitz haben, in dem sich Ihr Arbeitsort befindet oder in dem die mutma\u00dfliche Rechtsverletzung stattgefunden hat.<\/li><li>Die vorgenannten Rechte k\u00f6nnen gegen\u00fcber dem Verantwortlichen unter den im vorstehenden Punkt 1 genannten Adressen ausge\u00fcbt werden. Der Verantwortliche sorgt f\u00fcr die Bearbeitung Ihres Antrags und stellt Ihnen unverz\u00fcglich, sp\u00e4testens jedoch innerhalb von einem Monat ab seinem Eingang, die Informationen \u00fcber die durchgef\u00fchrte Ma\u00dfnahme in Bezug auf Ihren Antrag zur Verf\u00fcgung.<\/li><\/ul><p>Die Aus\u00fcbung Ihrer Rechte als betroffene Person ist gem\u00e4\u00df Art. 12 DSGVO unentgeltlich. Bei offenkundig unbegr\u00fcndeten oder \u2013 insbesondere im Fall von h\u00e4ufiger Wiederholung \u2013 exzessiven Antr\u00e4gen kann der Verantwortliche von Ihnen jedoch ein angemessenes Entgelt verlangen, bei dem die Verwaltungskosten f\u00fcr die Bearbeitung Ihrer Anfrage ber\u00fccksichtigt werden, oder sich weigern, aufgrund des Antrags t\u00e4tig zu werden.<\/p><p>Wir informieren Sie schlie\u00dflich dar\u00fcber, dass der Verantwortliche weitere erforderliche Informationen f\u00fcr die Best\u00e4tigung der Identit\u00e4t der betroffenen Person anfordern kann.<\/p><div class=\"one_line_col\"><p><strong>E-Mail-Adresse des Anbieters:<\/strong>\u00a0privacy@emilceramicagroup.it<\/p><p>Da der Einsatz von third-party Trackern durch diese Anwendung vom Anbieter nicht vollst\u00e4ndig kontrolliert werden kann, verstehen sich s\u00e4mtliche Angaben zu third-party Trackern als indikativ. Um vollst\u00e4ndige Informationen zu erhalten, sind Nutzer gebeten, Einsicht in die in diesem Dokument aufgef\u00fchrten Datenschutzerkl\u00e4rungen der jeweiligen Drittanbieter zu nehmen.<\/p><p>Aufgrund der objektiven Komplexit\u00e4t von Tracking-Technologien, werden Nutzer aufgefordert, Kontakt zum Anbieter aufzunehmen, sofern sie weitere Informationen zum Einsatz solcher Technologien durch diese Anwendung zu erhalten w\u00fcnschen.<\/p><\/div><div class=\"one_line_col\"><div class=\"box_primary box_10 definitions expand\"><h3 class=\"expand-click w_icon_24 icon_ribbon\">Begriffsbestimmungen und rechtliche Hinweise<\/h3><div class=\"expand-content\"><h4>Personenbezogene Daten (oder Daten)<\/h4><p>Alle Informationen, durch die direkt oder in Verbindung mit weiteren Informationen die Identit\u00e4t einer nat\u00fcrlichen Person bestimmt wird oder werden kann.<\/p><h4>Nutzungsdaten<\/h4><p>Informationen, die diese Anwendung (oder Dienste Dritter, die diese Anwendung in Anspruch nimmt), automatisch erhebt, z. B.: die IP-Adressen oder Domain-Namen der Computer von Nutzern, die diese Anwendung verwenden, die URI-Adressen (Uniform Resource Identifier), den Zeitpunkt der Anfrage, die Methode, die f\u00fcr die \u00dcbersendung der Anfrage an den Server verwendet wurde, die Gr\u00f6\u00dfe der empfangenen Antwort-Datei, der Zahlencode, der den Status der Server-Antwort anzeigt (erfolgreiches Ergebnis, Fehler etc.), das Herkunftsland, die Funktionen des vom Nutzer verwendeten Browsers und Betriebssystems, die diversen Zeitangaben pro Aufruf (z. B. wie viel Zeit auf jeder Seite der Anwendung verbracht wurde) und Angaben \u00fcber den Pfad, dem innerhalb einer Anwendung gefolgt wurde, insbesondere die Reihenfolge der besuchten Seiten, sowie sonstige Informationen \u00fcber das Betriebssystem des Ger\u00e4ts und\/oder die IT-Umgebung des Nutzers.<\/p><h4>Nutzer<\/h4><p>Die diese Anwendung verwendende Person, die, soweit nicht anders bestimmt, mit dem Betroffenen \u00fcbereinstimmt.<\/p><h4>Betroffener<\/h4><p>Die nat\u00fcrliche Person, auf die sich die personenbezogenen Daten beziehen.<\/p><h4>Auftragsverarbeiter (oder Datenverarbeiter)<\/h4><p>Nat\u00fcrliche oder juristische Person, Beh\u00f6rde, Einrichtung oder andere Stelle, die personenbezogene Daten im Auftrag des Verantwortlichen verarbeitet, wie in dieser Datenschutzerkl\u00e4rung beschrieben.<\/p><h4>Verantwortlicher (oder Anbieter, teilweise auch Eigent\u00fcmer)<\/h4><p>Die nat\u00fcrliche oder juristische Person, Beh\u00f6rde, Einrichtung oder andere Stelle, die allein oder gemeinsam mit anderen \u00fcber die Zwecke und Mittel der Verarbeitung personenbezogener Daten sowie die hierf\u00fcr verwendeten Mittel entscheidet, einschlie\u00dflich der Sicherheitsma\u00dfnahmen bez\u00fcglich des sich auf diese Anwendung beziehenden Betriebs und der Nutzung. Soweit nichts anderes angegeben ist, ist der Verantwortliche die nat\u00fcrliche oder juristische Person, \u00fcber welche diese Anwendung angeboten wird.<\/p><h4>Diese Anwendung<\/h4><p>Das Hardware- oder Software-Tool, mit dem die personenbezogenen Daten des Nutzers erhoben und verarbeitet werden.<\/p><h4>Dienst<\/h4><p>Der durch diese Anwendung angebotene Dienst, wie in den entsprechenden AGBs (falls vorhanden) und auf dieser Website\/Anwendung beschrieben.<\/p><h4>Europ\u00e4ische Union (oder EU)<\/h4><p>Sofern nicht anders angegeben, beziehen sich alle Verweise in diesem Dokument auf die Europ\u00e4ische Union auf alle derzeitigen Mitgliedstaaten der Europ\u00e4ischen Union und den Europ\u00e4ischen Wirtschaftsraum (EWR).<\/p><h4>Cookie<\/h4><p>Cookies sind Tracker, die aus einem kleinen, im Browser des Nutzers abgelegten Datensatz bestehen.<\/p><h4>Tracker<\/h4><p>Der Begriff Tracker bezeichnet jede Technologie \u2013 z. B. Cookies, eindeutige Identifizierungen, Web Beacons, eingebettete Skripts, E-Tags oder Fingerprinting \u2013 durch die Nutzer nachverfolgt werden k\u00f6nnen, z. B. indem der Zugriff auf oder die Speicherung von Informationen auf dem Nutzerger\u00e4t erm\u00f6glicht wird.<\/p><hr \/><h4>Rechtlicher Hinweis<\/h4><p>Diese Datenschutzerkl\u00e4rung wurde auf der Grundlage von Bestimmungen verschiedener Gesetzgebungen verfasst, einschlie\u00dflich Art. 13\/14 der Verordnung (EU) 2016\/679 (Datenschutz-Grundverordnung).<\/p><p>Diese Datenschutzerkl\u00e4rung bezieht sich ausschlie\u00dflich auf diese Anwendung, sofern in diesem Dokument nicht anders angegeben.<\/p><\/div><\/div><\/div><div class=\"iub_footer\"><p>Letzte Aktualisierung: 6 April 2022<\/p><\/div>\t\t\t\t\t\t\t\t<\/div>\n\t\t\t\t<\/div>\n\t\t\t\t\t<\/div>\n\t\t<\/div>\n\t\t\t\t\t<\/div>\n\t\t<\/section>\n\t\t\t\t<\/div>\n\t\t","protected":false},"excerpt":{"rendered":"<p>AUSF\u00dcHRLICHER HINWEIS \u00dcBER DIE VERWENDUNG VON COOKIES Cookie Datenschutzerkl\u00e4runggem\u00e4\u00df Artikel 13 der Verordnung (EU) 2016\/679 (\u201eDSGVO\u201c) Cookie-RichtlinieCookie-Richtlinie Einstellungen verwalten und Einwilligungen erteilen oder widerrufenDie Verwaltung von Tracker-Einstellungen sowie die Erteilung und der Widerruf von Einwilligungen k\u00f6nnen auf verschiedene Weisen erfolgen: Nutzer k\u00f6nnen Tracker-Einstellungen direkt \u00fcber die eigenen Ger\u00e4teinstellungen verwalten, indem sie z. B. dem Einsatz [&hellip;]<\/p>\n","protected":false},"author":5,"featured_media":0,"parent":0,"menu_order":0,"comment_status":"closed","ping_status":"closed","template":"elementor_canvas","meta":{"footnotes":""},"class_list":["post-958","page","type-page","status-publish","hentry"],"_links":{"self":[{"href":"https:\/\/www.emilgroupawards.com\/de\/wp-json\/wp\/v2\/pages\/958","targetHints":{"allow":["GET"]}}],"collection":[{"href":"https:\/\/www.emilgroupawards.com\/de\/wp-json\/wp\/v2\/pages"}],"about":[{"href":"https:\/\/www.emilgroupawards.com\/de\/wp-json\/wp\/v2\/types\/page"}],"author":[{"embeddable":true,"href":"https:\/\/www.emilgroupawards.com\/de\/wp-json\/wp\/v2\/users\/5"}],"replies":[{"embeddable":true,"href":"https:\/\/www.emilgroupawards.com\/de\/wp-json\/wp\/v2\/comments?post=958"}],"version-history":[{"count":7,"href":"https:\/\/www.emilgroupawards.com\/de\/wp-json\/wp\/v2\/pages\/958\/revisions"}],"predecessor-version":[{"id":1223,"href":"https:\/\/www.emilgroupawards.com\/de\/wp-json\/wp\/v2\/pages\/958\/revisions\/1223"}],"wp:attachment":[{"href":"https:\/\/www.emilgroupawards.com\/de\/wp-json\/wp\/v2\/media?parent=958"}],"curies":[{"name":"wp","href":"https:\/\/api.w.org\/{rel}","templated":true}]}}