{"id":4699,"date":"2025-10-20T14:38:32","date_gmt":"2025-10-20T12:38:32","guid":{"rendered":"https:\/\/www.emilgroupawards.com\/die-gewinner-2025\/luca-building-831-die-neue-dimension-des-designs\/"},"modified":"2025-10-20T18:33:42","modified_gmt":"2025-10-20T16:33:42","slug":"luca-building-831-die-neue-dimension-des-designs","status":"publish","type":"page","link":"https:\/\/www.emilgroupawards.com\/de\/die-gewinner-2025\/luca-building-831-die-neue-dimension-des-designs\/","title":{"rendered":"Luca Building 831: Die neue Dimension des Designs"},"content":{"rendered":"\t\t<div data-elementor-type=\"wp-page\" data-elementor-id=\"4699\" class=\"elementor elementor-4699 elementor-4521\" data-elementor-post-type=\"page\">\n\t\t\t\t\t\t<section class=\"elementor-section elementor-top-section elementor-element elementor-element-2de1e361 elementor-section-full_width elementor-section-items-stretch elementor-section-height-min-height elementor-section-height-default\" data-id=\"2de1e361\" data-element_type=\"section\" data-e-type=\"section\" data-settings=\"{&quot;background_background&quot;:&quot;classic&quot;}\">\n\t\t\t\t\t\t<div class=\"elementor-container elementor-column-gap-no\">\n\t\t\t\t\t<div class=\"elementor-column elementor-col-100 elementor-top-column elementor-element elementor-element-120e13ba\" data-id=\"120e13ba\" data-element_type=\"column\" data-e-type=\"column\">\n\t\t\t<div class=\"elementor-widget-wrap\">\n\t\t\t\t\t\t\t<\/div>\n\t\t<\/div>\n\t\t\t\t\t<\/div>\n\t\t<\/section>\n\t\t\t\t<section class=\"elementor-section elementor-top-section elementor-element elementor-element-7ae7bbac elementor-section-full_width elementor-section-height-min-height elementor-section-items-stretch elementor-section-content-middle elementor-section-height-default\" data-id=\"7ae7bbac\" data-element_type=\"section\" data-e-type=\"section\">\n\t\t\t\t\t\t<div class=\"elementor-container elementor-column-gap-no\">\n\t\t\t\t\t<div class=\"elementor-column elementor-col-50 elementor-top-column elementor-element elementor-element-6edcc312 elementor-hidden-mobile\" data-id=\"6edcc312\" data-element_type=\"column\" data-e-type=\"column\" data-settings=\"{&quot;background_background&quot;:&quot;classic&quot;}\">\n\t\t\t<div class=\"elementor-widget-wrap elementor-element-populated\">\n\t\t\t\t\t\t\t<\/div>\n\t\t<\/div>\n\t\t\t\t<div class=\"elementor-column elementor-col-50 elementor-top-column elementor-element elementor-element-661dc9b7\" data-id=\"661dc9b7\" data-element_type=\"column\" data-e-type=\"column\">\n\t\t\t<div class=\"elementor-widget-wrap elementor-element-populated\">\n\t\t\t\t\t\t<div class=\"elementor-element elementor-element-2c045a47 elementor-widget__width-auto elementor-widget elementor-widget-heading\" data-id=\"2c045a47\" data-element_type=\"widget\" data-e-type=\"widget\" data-widget_type=\"heading.default\">\n\t\t\t\t<div class=\"elementor-widget-container\">\n\t\t\t\t\t<span class=\"elementor-heading-title elementor-size-default\">Kategorie<\/span>\t\t\t\t<\/div>\n\t\t\t\t<\/div>\n\t\t\t\t<div class=\"elementor-element elementor-element-b34bf57 elementor-widget__width-auto elementor-widget elementor-widget-image\" data-id=\"b34bf57\" data-element_type=\"widget\" data-e-type=\"widget\" data-widget_type=\"image.default\">\n\t\t\t\t<div class=\"elementor-widget-container\">\n\t\t\t\t\t\t\t\t\t\t\t\t\t\t\t<img decoding=\"async\" width=\"174\" height=\"174\" src=\"https:\/\/www.emilgroupawards.com\/wp-content\/uploads\/2022\/09\/Icona-3.png\" class=\"attachment-large size-large wp-image-1316\" alt=\"\" srcset=\"https:\/\/www.emilgroupawards.com\/wp-content\/uploads\/2022\/09\/Icona-3.png 174w, https:\/\/www.emilgroupawards.com\/wp-content\/uploads\/2022\/09\/Icona-3-150x150.png 150w\" sizes=\"(max-width: 174px) 100vw, 174px\" \/>\t\t\t\t\t\t\t\t\t\t\t\t\t\t\t<\/div>\n\t\t\t\t<\/div>\n\t\t\t\t<div class=\"elementor-element elementor-element-24c67e47 elementor-widget__width-auto elementor-widget elementor-widget-heading\" data-id=\"24c67e47\" data-element_type=\"widget\" data-e-type=\"widget\" data-widget_type=\"heading.default\">\n\t\t\t\t<div class=\"elementor-widget-container\">\n\t\t\t\t\t<span class=\"elementor-heading-title elementor-size-default\">Evolution<\/span>\t\t\t\t<\/div>\n\t\t\t\t<\/div>\n\t\t\t\t<div class=\"elementor-element elementor-element-1bb812cd elementor-widget-divider--view-line elementor-widget elementor-widget-divider\" data-id=\"1bb812cd\" data-element_type=\"widget\" data-e-type=\"widget\" data-widget_type=\"divider.default\">\n\t\t\t\t<div class=\"elementor-widget-container\">\n\t\t\t\t\t\t\t<div class=\"elementor-divider\">\n\t\t\t<span class=\"elementor-divider-separator\">\n\t\t\t\t\t\t<\/span>\n\t\t<\/div>\n\t\t\t\t\t\t<\/div>\n\t\t\t\t<\/div>\n\t\t\t\t<div class=\"elementor-element elementor-element-10928811 elementor-widget elementor-widget-heading\" data-id=\"10928811\" data-element_type=\"widget\" data-e-type=\"widget\" data-widget_type=\"heading.default\">\n\t\t\t\t<div class=\"elementor-widget-container\">\n\t\t\t\t\t<div class=\"elementor-heading-title elementor-size-default\">KCC Glass Corporation<\/div>\t\t\t\t<\/div>\n\t\t\t\t<\/div>\n\t\t\t\t<div class=\"elementor-element elementor-element-940f4bb elementor-widget elementor-widget-heading\" data-id=\"940f4bb\" data-element_type=\"widget\" data-e-type=\"widget\" data-widget_type=\"heading.default\">\n\t\t\t\t<div class=\"elementor-widget-container\">\n\t\t\t\t\t<h3 class=\"elementor-heading-title elementor-size-default\">Luca Building 831: <br>Die neue Dimension des Designs<\/h3>\t\t\t\t<\/div>\n\t\t\t\t<\/div>\n\t\t\t\t<div class=\"elementor-element elementor-element-4525071a elementor-widget__width-initial elementor-widget elementor-widget-text-editor\" data-id=\"4525071a\" data-element_type=\"widget\" data-e-type=\"widget\" data-widget_type=\"text-editor.default\">\n\t\t\t\t<div class=\"elementor-widget-container\">\n\t\t\t\t\t\t\t\t\t<p><span lang=\"de-DE\">Der imposante Wohn- und Gesch\u00e4ftskomplex <\/span><span lang=\"de-DE\"><b>Luca Building 831<\/b><\/span><span lang=\"de-DE\"> im Bezirk Gangnam in Seoul gewann bei den <\/span><span lang=\"de-DE\"><b>Emilgroup Project Awards 2025<\/b><\/span><span lang=\"de-DE\"> in der Kategorie \u201eEvolution\u201c. Die Auszeichnung w\u00fcrdigt die F\u00e4higkeit des Projekts, das Anwendungspotenzial des keramischen Materials bei der Gestaltung von R\u00e4umen und der Neudefinition der modernen architektonischen Formensprache zu interpretieren.<\/span><\/p>\n<p><span lang=\"de-DE\">Im Mittelpunkt des Projekts stehen die 6,5 mm starken gro\u00dfformatigen Platten <\/span><span lang=\"de-DE\"><b>Level<\/b><\/span><span lang=\"de-DE\"> im Format <\/span><span lang=\"de-DE\"><b>160&#215;320 cm<\/b><\/span><span lang=\"de-DE\">, die insgesamt 34.000 m\u00b2 Fassadenfl\u00e4che bekleiden. Die puristische, schlichte Farbe <\/span><span lang=\"de-DE\"><b>White<\/b><\/span><span lang=\"de-DE\"> der Platten Level Tinta Unita betont den monumentalen Charakter des Geb\u00e4udes und seine zeitgem\u00e4\u00dfe Identit\u00e4t durch die Verbindung von moderner \u00c4sthetik, ausgezeichneten Leistungsmerkmalen und visueller Leichtigkeit.<\/span><\/p>\n\t\t\t\t\t\t\t\t<\/div>\n\t\t\t\t<\/div>\n\t\t\t\t\t<\/div>\n\t\t<\/div>\n\t\t\t\t\t<\/div>\n\t\t<\/section>\n\t\t\t\t<section class=\"elementor-section elementor-top-section elementor-element elementor-element-17127229 elementor-section-full_width elementor-section-height-min-height elementor-section-items-stretch elementor-hidden-mobile elementor-section-height-default\" data-id=\"17127229\" data-element_type=\"section\" data-e-type=\"section\">\n\t\t\t\t\t\t<div class=\"elementor-container elementor-column-gap-no\">\n\t\t\t\t\t<div class=\"elementor-column elementor-col-33 elementor-top-column elementor-element elementor-element-65e9bb96\" data-id=\"65e9bb96\" data-element_type=\"column\" data-e-type=\"column\" data-settings=\"{&quot;background_background&quot;:&quot;classic&quot;}\">\n\t\t\t<div class=\"elementor-widget-wrap elementor-element-populated\">\n\t\t\t\t\t\t<div class=\"elementor-element elementor-element-7c6d0242 elementor-widget elementor-widget-spacer\" data-id=\"7c6d0242\" data-element_type=\"widget\" data-e-type=\"widget\" data-widget_type=\"spacer.default\">\n\t\t\t\t<div class=\"elementor-widget-container\">\n\t\t\t\t\t\t\t<div class=\"elementor-spacer\">\n\t\t\t<div class=\"elementor-spacer-inner\"><\/div>\n\t\t<\/div>\n\t\t\t\t\t\t<\/div>\n\t\t\t\t<\/div>\n\t\t\t\t\t<\/div>\n\t\t<\/div>\n\t\t\t\t<div class=\"elementor-column elementor-col-33 elementor-top-column elementor-element elementor-element-5cb5861a\" data-id=\"5cb5861a\" data-element_type=\"column\" data-e-type=\"column\" data-settings=\"{&quot;background_background&quot;:&quot;classic&quot;}\">\n\t\t\t<div class=\"elementor-widget-wrap elementor-element-populated\">\n\t\t\t\t\t\t<div class=\"elementor-element elementor-element-1ee8ab71 elementor-widget elementor-widget-spacer\" data-id=\"1ee8ab71\" data-element_type=\"widget\" data-e-type=\"widget\" data-widget_type=\"spacer.default\">\n\t\t\t\t<div class=\"elementor-widget-container\">\n\t\t\t\t\t\t\t<div class=\"elementor-spacer\">\n\t\t\t<div class=\"elementor-spacer-inner\"><\/div>\n\t\t<\/div>\n\t\t\t\t\t\t<\/div>\n\t\t\t\t<\/div>\n\t\t\t\t\t<\/div>\n\t\t<\/div>\n\t\t\t\t<div class=\"elementor-column elementor-col-33 elementor-top-column elementor-element elementor-element-724ac360\" data-id=\"724ac360\" data-element_type=\"column\" data-e-type=\"column\" data-settings=\"{&quot;background_background&quot;:&quot;classic&quot;}\">\n\t\t\t<div class=\"elementor-widget-wrap elementor-element-populated\">\n\t\t\t\t\t\t<div class=\"elementor-element elementor-element-5c8b7493 elementor-widget elementor-widget-spacer\" data-id=\"5c8b7493\" data-element_type=\"widget\" data-e-type=\"widget\" data-widget_type=\"spacer.default\">\n\t\t\t\t<div class=\"elementor-widget-container\">\n\t\t\t\t\t\t\t<div class=\"elementor-spacer\">\n\t\t\t<div class=\"elementor-spacer-inner\"><\/div>\n\t\t<\/div>\n\t\t\t\t\t\t<\/div>\n\t\t\t\t<\/div>\n\t\t\t\t\t<\/div>\n\t\t<\/div>\n\t\t\t\t\t<\/div>\n\t\t<\/section>\n\t\t\t\t<section class=\"elementor-section elementor-top-section elementor-element elementor-element-524b022 elementor-section-full_width elementor-hidden-desktop elementor-hidden-tablet elementor-section-height-default elementor-section-height-default\" data-id=\"524b022\" data-element_type=\"section\" data-e-type=\"section\">\n\t\t\t\t\t\t<div class=\"elementor-container elementor-column-gap-no\">\n\t\t\t\t\t<div class=\"elementor-column elementor-col-100 elementor-top-column elementor-element elementor-element-44ed0334\" data-id=\"44ed0334\" data-element_type=\"column\" data-e-type=\"column\">\n\t\t\t<div class=\"elementor-widget-wrap elementor-element-populated\">\n\t\t\t\t\t\t<div class=\"elementor-element elementor-element-2a87de70 elementor-widget elementor-widget-ucaddon_uc_slider_image\" data-id=\"2a87de70\" data-element_type=\"widget\" data-e-type=\"widget\" data-widget_type=\"ucaddon_uc_slider_image.default\">\n\t\t\t\t<div class=\"elementor-widget-container\">\n\t\t\t\t\t\n<!-- start Slider Gallery -->\n\t\t<link id='unitegallery-css' href='https:\/\/www.emilgroupawards.com\/wp-content\/plugins\/unlimited-elements-for-elementor-premium\/assets_libraries\/unitegallery\/css\/unite-gallery.css' type='text\/css' rel='stylesheet' >\n\n<style>\/* widget: Slider Gallery *\/\n\n#uc_uc_slider_image_elementor_2a87de70\n{\n  overflow:hidden;\n}\n\n#uc_uc_slider_image_elementor_2a87de70-wrapper\n{\n  min-height:1px;\n}\n\n<\/style>\n\n<div id=\"uc_uc_slider_image_elementor_2a87de70-wrapper\">\n<div id=\"uc_uc_slider_image_elementor_2a87de70\" class=\"uc-items-wrapper  \" style=\"display:none; margin:0 auto;\"  data-remote-type=\"gallery\" data-custom-sethtml=\"true\" >\n\n\n<img decoding=\"async\" alt=\"Luca Building - esterno zoom dettagliato\"\n   src=\"https:\/\/www.emilgroupawards.com\/wp-content\/uploads\/2025\/10\/Luca-Building-esterno-zoom-dettagliato.jpg\"\n    data-image=\"https:\/\/www.emilgroupawards.com\/wp-content\/uploads\/2025\/10\/Luca-Building-esterno-zoom-dettagliato.jpg\"\n    data-title=\"Luca Building - esterno zoom dettagliato\">\n\n<img decoding=\"async\" alt=\"Luca Building - esterno facciata\"\n   src=\"https:\/\/www.emilgroupawards.com\/wp-content\/uploads\/2025\/10\/Luca-Building-esterno-facciata.jpg\"\n    data-image=\"https:\/\/www.emilgroupawards.com\/wp-content\/uploads\/2025\/10\/Luca-Building-esterno-facciata.jpg\"\n    data-title=\"Luca Building - esterno facciata\">\n\n<img decoding=\"async\" alt=\"Luca Building - esterno facciata angolo\"\n   src=\"https:\/\/www.emilgroupawards.com\/wp-content\/uploads\/2025\/10\/Luca-Building-esterno-facciata-angolo.jpg\"\n    data-image=\"https:\/\/www.emilgroupawards.com\/wp-content\/uploads\/2025\/10\/Luca-Building-esterno-facciata-angolo.jpg\"\n    data-title=\"Luca Building - esterno facciata angolo\">\n\n  \n<\/div>\n<\/div>\n<!-- end Slider Gallery -->\t\t\t\t<\/div>\n\t\t\t\t<\/div>\n\t\t\t\t\t<\/div>\n\t\t<\/div>\n\t\t\t\t\t<\/div>\n\t\t<\/section>\n\t\t\t\t<\/div>\n\t\t","protected":false},"excerpt":{"rendered":"<p>Kategorie Evolution KCC Glass Corporation Luca Building 831: Die neue Dimension des Designs Der imposante Wohn- und Gesch\u00e4ftskomplex Luca Building 831 im Bezirk Gangnam in Seoul gewann bei den Emilgroup Project Awards 2025 in der Kategorie \u201eEvolution\u201c. Die Auszeichnung w\u00fcrdigt die F\u00e4higkeit des Projekts, das Anwendungspotenzial des keramischen Materials bei der Gestaltung von R\u00e4umen und [&hellip;]<\/p>\n","protected":false},"author":1,"featured_media":0,"parent":4684,"menu_order":0,"comment_status":"closed","ping_status":"closed","template":"","meta":{"footnotes":""},"class_list":["post-4699","page","type-page","status-publish","hentry"],"_links":{"self":[{"href":"https:\/\/www.emilgroupawards.com\/de\/wp-json\/wp\/v2\/pages\/4699","targetHints":{"allow":["GET"]}}],"collection":[{"href":"https:\/\/www.emilgroupawards.com\/de\/wp-json\/wp\/v2\/pages"}],"about":[{"href":"https:\/\/www.emilgroupawards.com\/de\/wp-json\/wp\/v2\/types\/page"}],"author":[{"embeddable":true,"href":"https:\/\/www.emilgroupawards.com\/de\/wp-json\/wp\/v2\/users\/1"}],"replies":[{"embeddable":true,"href":"https:\/\/www.emilgroupawards.com\/de\/wp-json\/wp\/v2\/comments?post=4699"}],"version-history":[{"count":4,"href":"https:\/\/www.emilgroupawards.com\/de\/wp-json\/wp\/v2\/pages\/4699\/revisions"}],"predecessor-version":[{"id":4756,"href":"https:\/\/www.emilgroupawards.com\/de\/wp-json\/wp\/v2\/pages\/4699\/revisions\/4756"}],"up":[{"embeddable":true,"href":"https:\/\/www.emilgroupawards.com\/de\/wp-json\/wp\/v2\/pages\/4684"}],"wp:attachment":[{"href":"https:\/\/www.emilgroupawards.com\/de\/wp-json\/wp\/v2\/media?parent=4699"}],"curies":[{"name":"wp","href":"https:\/\/api.w.org\/{rel}","templated":true}]}}