{"id":4691,"date":"2025-10-20T14:21:59","date_gmt":"2025-10-20T12:21:59","guid":{"rendered":"https:\/\/www.emilgroupawards.com\/die-gewinner-2025\/issa-resort-grenzenlose-eleganz-und-wellness\/"},"modified":"2025-10-22T11:38:26","modified_gmt":"2025-10-22T09:38:26","slug":"issa-resort-grenzenlose-eleganz-und-wellness","status":"publish","type":"page","link":"https:\/\/www.emilgroupawards.com\/de\/die-gewinner-2025\/issa-resort-grenzenlose-eleganz-und-wellness\/","title":{"rendered":"Issa Resort: Grenzenlose Eleganz und Wellness"},"content":{"rendered":"\t\t<div data-elementor-type=\"wp-page\" data-elementor-id=\"4691\" class=\"elementor elementor-4691 elementor-4425\" data-elementor-post-type=\"page\">\n\t\t\t\t\t\t<section class=\"elementor-section elementor-top-section elementor-element elementor-element-0bdbdce elementor-section-full_width elementor-section-items-stretch elementor-section-height-min-height elementor-section-height-default\" data-id=\"0bdbdce\" data-element_type=\"section\" data-e-type=\"section\" data-settings=\"{&quot;background_background&quot;:&quot;classic&quot;}\">\n\t\t\t\t\t\t<div class=\"elementor-container elementor-column-gap-no\">\n\t\t\t\t\t<div class=\"elementor-column elementor-col-100 elementor-top-column elementor-element elementor-element-e1d3025\" data-id=\"e1d3025\" data-element_type=\"column\" data-e-type=\"column\">\n\t\t\t<div class=\"elementor-widget-wrap\">\n\t\t\t\t\t\t\t<\/div>\n\t\t<\/div>\n\t\t\t\t\t<\/div>\n\t\t<\/section>\n\t\t\t\t<section class=\"elementor-section elementor-top-section elementor-element elementor-element-e6946e5 elementor-section-full_width elementor-section-height-min-height elementor-section-items-stretch elementor-section-content-middle elementor-section-height-default\" data-id=\"e6946e5\" data-element_type=\"section\" data-e-type=\"section\">\n\t\t\t\t\t\t<div class=\"elementor-container elementor-column-gap-no\">\n\t\t\t\t\t<div class=\"elementor-column elementor-col-50 elementor-top-column elementor-element elementor-element-67a5a7b elementor-hidden-mobile\" data-id=\"67a5a7b\" data-element_type=\"column\" data-e-type=\"column\" data-settings=\"{&quot;background_background&quot;:&quot;classic&quot;}\">\n\t\t\t<div class=\"elementor-widget-wrap elementor-element-populated\">\n\t\t\t\t\t\t\t<\/div>\n\t\t<\/div>\n\t\t\t\t<div class=\"elementor-column elementor-col-50 elementor-top-column elementor-element elementor-element-e8ca341\" data-id=\"e8ca341\" data-element_type=\"column\" data-e-type=\"column\">\n\t\t\t<div class=\"elementor-widget-wrap elementor-element-populated\">\n\t\t\t\t\t\t<div class=\"elementor-element elementor-element-425ba3d elementor-widget__width-auto elementor-widget elementor-widget-heading\" data-id=\"425ba3d\" data-element_type=\"widget\" data-e-type=\"widget\" data-widget_type=\"heading.default\">\n\t\t\t\t<div class=\"elementor-widget-container\">\n\t\t\t\t\t<span class=\"elementor-heading-title elementor-size-default\">Kategorie<\/span>\t\t\t\t<\/div>\n\t\t\t\t<\/div>\n\t\t\t\t<div class=\"elementor-element elementor-element-35ff803 elementor-widget__width-auto elementor-widget elementor-widget-image\" data-id=\"35ff803\" data-element_type=\"widget\" data-e-type=\"widget\" data-widget_type=\"image.default\">\n\t\t\t\t<div class=\"elementor-widget-container\">\n\t\t\t\t\t\t\t\t\t\t\t\t\t\t\t<img decoding=\"async\" width=\"56\" height=\"56\" src=\"https:\/\/www.emilgroupawards.com\/wp-content\/uploads\/2023\/09\/menzione-speciale-nero.png\" class=\"attachment-large size-large wp-image-2599\" alt=\"\" \/>\t\t\t\t\t\t\t\t\t\t\t\t\t\t\t<\/div>\n\t\t\t\t<\/div>\n\t\t\t\t<div class=\"elementor-element elementor-element-35aed5d elementor-widget__width-auto elementor-widget elementor-widget-heading\" data-id=\"35aed5d\" data-element_type=\"widget\" data-e-type=\"widget\" data-widget_type=\"heading.default\">\n\t\t\t\t<div class=\"elementor-widget-container\">\n\t\t\t\t\t<span class=\"elementor-heading-title elementor-size-default\"> Ehrenvolle Erw\u00e4hnung<\/span>\t\t\t\t<\/div>\n\t\t\t\t<\/div>\n\t\t\t\t<div class=\"elementor-element elementor-element-7b3f2e1 elementor-widget-divider--view-line elementor-widget elementor-widget-divider\" data-id=\"7b3f2e1\" data-element_type=\"widget\" data-e-type=\"widget\" data-widget_type=\"divider.default\">\n\t\t\t\t<div class=\"elementor-widget-container\">\n\t\t\t\t\t\t\t<div class=\"elementor-divider\">\n\t\t\t<span class=\"elementor-divider-separator\">\n\t\t\t\t\t\t<\/span>\n\t\t<\/div>\n\t\t\t\t\t\t<\/div>\n\t\t\t\t<\/div>\n\t\t\t\t<div class=\"elementor-element elementor-element-d9525d5 elementor-widget elementor-widget-heading\" data-id=\"d9525d5\" data-element_type=\"widget\" data-e-type=\"widget\" data-widget_type=\"heading.default\">\n\t\t\t\t<div class=\"elementor-widget-container\">\n\t\t\t\t\t<div class=\"elementor-heading-title elementor-size-default\">Architektin Larisa Muresan<\/div>\t\t\t\t<\/div>\n\t\t\t\t<\/div>\n\t\t\t\t<div class=\"elementor-element elementor-element-92a711e elementor-widget elementor-widget-heading\" data-id=\"92a711e\" data-element_type=\"widget\" data-e-type=\"widget\" data-widget_type=\"heading.default\">\n\t\t\t\t<div class=\"elementor-widget-container\">\n\t\t\t\t\t<h3 class=\"elementor-heading-title elementor-size-default\">Issa Resort: Grenzenlose Eleganz und <br> Wellness<\/h3>\t\t\t\t<\/div>\n\t\t\t\t<\/div>\n\t\t\t\t<div class=\"elementor-element elementor-element-a7d8105 elementor-widget__width-initial elementor-widget elementor-widget-text-editor\" data-id=\"a7d8105\" data-element_type=\"widget\" data-e-type=\"widget\" data-widget_type=\"text-editor.default\">\n\t\t\t\t<div class=\"elementor-widget-container\">\n\t\t\t\t\t\t\t\t\t<p><span lang=\"de-DE\">Das von der <\/span><span lang=\"de-DE\"><b>Architektin<\/b><\/span> <span lang=\"de-DE\"><b>Larisa Muresan<\/b><\/span><span lang=\"de-DE\"> entworfene Issa Resort in Turda (Rum\u00e4nien) ist eine elegante F\u00fcnf-Sterne-Destination, die Natur, Gastlichkeit und Architektur zu einem harmonischen, unvergesslichen Wohlf\u00fchlerlebnis vereint. Aufgrund der Verwandlung jedes einzelnen Raums in einen einzigartigen, besonderen Bereich erhielt das Projekt die Ehrenvolle Erw\u00e4hnung bei den <\/span><span lang=\"de-DE\"><b>Emilgroup Project Awards 2025<\/b><\/span><span lang=\"de-DE\">.<\/span><\/p>\n<p><span lang=\"de-DE\">In diesem Kontext interpretieren die Kollektionen der Emilgroup vielseitig die unterschiedlichen R\u00e4umlichkeiten. Im Foyer verleiht die Zusammenstellung der Kollektionen <\/span><span lang=\"de-DE\"><b>Mapierre<\/b><\/span><span lang=\"de-DE\"> und <\/span><span lang=\"de-DE\"><b>Tele di Marmo Revolution<\/b><\/span><span lang=\"de-DE\"> (Verde Saint Denis) von Emilceramica dem Empfangsbereich Charakter und Identit\u00e4t. Die Fl\u00e4chenbel\u00e4ge aus <\/span><span lang=\"de-DE\"><b>Unique Travertine<\/b><\/span><span lang=\"de-DE\"> by Provenza in der Version Vein Cut Cream gestalten die Wellness-Bereiche mit zeitgem\u00e4\u00dfer Eleganz. <\/span><span lang=\"de-DE\"><b>Oros Stone<\/b><\/span><span lang=\"de-DE\"> by Ergon in der Farbe Grey bekleidet den Beckenrand des Au\u00dfenpools. So entsteht eine Atmosph\u00e4re, in der Prestige und Authentizit\u00e4t vollst\u00e4ndig miteinander verschmelzen. <\/span><\/p>\n<p><span lang=\"de-DE\">In den B\u00e4dern der Suiten bereichern verschiedene Kombinationen von 12 mm starken Platten die Interieurs mit erlesenen Kontrasten. <\/span><span lang=\"de-DE\"><b>Level Marmi<\/b><\/span><span lang=\"de-DE\"> in den Farben Zebrino, Macchia Vecchia und Moon Grey gesellt sich zu den Kollektionen von Emilceramica <\/span><span lang=\"de-DE\"><b>Tele di Marmo Reloaded<\/b><\/span><span lang=\"de-DE\"> in der Farbe Fossil Brown Malevic und <\/span><span lang=\"de-DE\"><b>Tele di Marmo Onyx<\/b><\/span><span lang=\"de-DE\"> in der Farbe Onyx Blue. Das Zusammenspiel dieser Fl\u00e4chenbel\u00e4ge l\u00e4sst wertige, charaktervolle Raumwelten mit einer ausgewogenen Balance von \u00c4sthetik und Funktionalit\u00e4t entstehen.<\/span><\/p>\n\t\t\t\t\t\t\t\t<\/div>\n\t\t\t\t<\/div>\n\t\t\t\t\t<\/div>\n\t\t<\/div>\n\t\t\t\t\t<\/div>\n\t\t<\/section>\n\t\t\t\t<section class=\"elementor-section elementor-top-section elementor-element elementor-element-7b25ca6 elementor-section-full_width elementor-section-height-min-height elementor-section-items-stretch elementor-hidden-mobile elementor-section-height-default\" data-id=\"7b25ca6\" data-element_type=\"section\" data-e-type=\"section\">\n\t\t\t\t\t\t<div class=\"elementor-container elementor-column-gap-no\">\n\t\t\t\t\t<div class=\"elementor-column elementor-col-33 elementor-top-column elementor-element elementor-element-85351db\" data-id=\"85351db\" data-element_type=\"column\" data-e-type=\"column\" data-settings=\"{&quot;background_background&quot;:&quot;classic&quot;}\">\n\t\t\t<div class=\"elementor-widget-wrap elementor-element-populated\">\n\t\t\t\t\t\t<div class=\"elementor-element elementor-element-14c18c4 elementor-widget elementor-widget-spacer\" data-id=\"14c18c4\" data-element_type=\"widget\" data-e-type=\"widget\" data-widget_type=\"spacer.default\">\n\t\t\t\t<div class=\"elementor-widget-container\">\n\t\t\t\t\t\t\t<div class=\"elementor-spacer\">\n\t\t\t<div class=\"elementor-spacer-inner\"><\/div>\n\t\t<\/div>\n\t\t\t\t\t\t<\/div>\n\t\t\t\t<\/div>\n\t\t\t\t\t<\/div>\n\t\t<\/div>\n\t\t\t\t<div class=\"elementor-column elementor-col-33 elementor-top-column elementor-element elementor-element-c12f5a7\" data-id=\"c12f5a7\" data-element_type=\"column\" data-e-type=\"column\" data-settings=\"{&quot;background_background&quot;:&quot;classic&quot;}\">\n\t\t\t<div class=\"elementor-widget-wrap elementor-element-populated\">\n\t\t\t\t\t\t<div class=\"elementor-element elementor-element-df4ecca elementor-widget elementor-widget-spacer\" data-id=\"df4ecca\" data-element_type=\"widget\" data-e-type=\"widget\" data-widget_type=\"spacer.default\">\n\t\t\t\t<div class=\"elementor-widget-container\">\n\t\t\t\t\t\t\t<div class=\"elementor-spacer\">\n\t\t\t<div class=\"elementor-spacer-inner\"><\/div>\n\t\t<\/div>\n\t\t\t\t\t\t<\/div>\n\t\t\t\t<\/div>\n\t\t\t\t\t<\/div>\n\t\t<\/div>\n\t\t\t\t<div class=\"elementor-column elementor-col-33 elementor-top-column elementor-element elementor-element-04335c8\" data-id=\"04335c8\" data-element_type=\"column\" data-e-type=\"column\" data-settings=\"{&quot;background_background&quot;:&quot;classic&quot;}\">\n\t\t\t<div class=\"elementor-widget-wrap elementor-element-populated\">\n\t\t\t\t\t\t<div class=\"elementor-element elementor-element-0883237 elementor-widget elementor-widget-spacer\" data-id=\"0883237\" data-element_type=\"widget\" data-e-type=\"widget\" data-widget_type=\"spacer.default\">\n\t\t\t\t<div class=\"elementor-widget-container\">\n\t\t\t\t\t\t\t<div class=\"elementor-spacer\">\n\t\t\t<div class=\"elementor-spacer-inner\"><\/div>\n\t\t<\/div>\n\t\t\t\t\t\t<\/div>\n\t\t\t\t<\/div>\n\t\t\t\t\t<\/div>\n\t\t<\/div>\n\t\t\t\t\t<\/div>\n\t\t<\/section>\n\t\t\t\t<section class=\"elementor-section elementor-top-section elementor-element elementor-element-13f53f0 elementor-section-full_width elementor-hidden-desktop elementor-hidden-tablet elementor-section-height-default elementor-section-height-default\" data-id=\"13f53f0\" data-element_type=\"section\" data-e-type=\"section\">\n\t\t\t\t\t\t<div class=\"elementor-container elementor-column-gap-no\">\n\t\t\t\t\t<div class=\"elementor-column elementor-col-100 elementor-top-column elementor-element elementor-element-c0541b4\" data-id=\"c0541b4\" data-element_type=\"column\" data-e-type=\"column\">\n\t\t\t<div class=\"elementor-widget-wrap elementor-element-populated\">\n\t\t\t\t\t\t<div class=\"elementor-element elementor-element-e6d634d elementor-widget elementor-widget-ucaddon_uc_slider_image\" data-id=\"e6d634d\" data-element_type=\"widget\" data-e-type=\"widget\" data-widget_type=\"ucaddon_uc_slider_image.default\">\n\t\t\t\t<div class=\"elementor-widget-container\">\n\t\t\t\t\t\n<!-- start Slider Gallery -->\n\t\t<link id='unitegallery-css' href='https:\/\/www.emilgroupawards.com\/wp-content\/plugins\/unlimited-elements-for-elementor-premium\/assets_libraries\/unitegallery\/css\/unite-gallery.css' type='text\/css' rel='stylesheet' >\n\n<style>\/* widget: Slider Gallery *\/\n\n#uc_uc_slider_image_elementor_e6d634d\n{\n  overflow:hidden;\n}\n\n#uc_uc_slider_image_elementor_e6d634d-wrapper\n{\n  min-height:1px;\n}\n\n<\/style>\n\n<div id=\"uc_uc_slider_image_elementor_e6d634d-wrapper\">\n<div id=\"uc_uc_slider_image_elementor_e6d634d\" class=\"uc-items-wrapper  \" style=\"display:none; margin:0 auto;\"  data-remote-type=\"gallery\" data-custom-sethtml=\"true\" >\n\n\n<img decoding=\"async\" alt=\"Issa Resort - interno lavandini\"\n   src=\"https:\/\/www.emilgroupawards.com\/wp-content\/uploads\/2025\/10\/Issa-Resort-interno-lavandini.jpg\"\n    data-image=\"https:\/\/www.emilgroupawards.com\/wp-content\/uploads\/2025\/10\/Issa-Resort-interno-lavandini.jpg\"\n    data-title=\"Issa Resort - interno lavandini\">\n\n<img decoding=\"async\" alt=\"Issa Resort - interno doccia\"\n   src=\"https:\/\/www.emilgroupawards.com\/wp-content\/uploads\/2025\/10\/Issa-Resort-interno-doccia.jpg\"\n    data-image=\"https:\/\/www.emilgroupawards.com\/wp-content\/uploads\/2025\/10\/Issa-Resort-interno-doccia.jpg\"\n    data-title=\"Issa Resort - interno doccia\">\n\n<img decoding=\"async\" alt=\"Issa Resort - interno bagno\"\n   src=\"https:\/\/www.emilgroupawards.com\/wp-content\/uploads\/2025\/10\/Issa-Resort-interno-bagno.jpg\"\n    data-image=\"https:\/\/www.emilgroupawards.com\/wp-content\/uploads\/2025\/10\/Issa-Resort-interno-bagno.jpg\"\n    data-title=\"Issa Resort - interno bagno\">\n\n  \n<\/div>\n<\/div>\n<!-- end Slider Gallery -->\t\t\t\t<\/div>\n\t\t\t\t<\/div>\n\t\t\t\t\t<\/div>\n\t\t<\/div>\n\t\t\t\t\t<\/div>\n\t\t<\/section>\n\t\t\t\t<\/div>\n\t\t","protected":false},"excerpt":{"rendered":"<p>Kategorie Ehrenvolle Erw\u00e4hnung Architektin Larisa Muresan Issa Resort: Grenzenlose Eleganz und Wellness Das von der Architektin Larisa Muresan entworfene Issa Resort in Turda (Rum\u00e4nien) ist eine elegante F\u00fcnf-Sterne-Destination, die Natur, Gastlichkeit und Architektur zu einem harmonischen, unvergesslichen Wohlf\u00fchlerlebnis vereint. Aufgrund der Verwandlung jedes einzelnen Raums in einen einzigartigen, besonderen Bereich erhielt das Projekt die Ehrenvolle [&hellip;]<\/p>\n","protected":false},"author":1,"featured_media":0,"parent":4684,"menu_order":0,"comment_status":"closed","ping_status":"closed","template":"","meta":{"footnotes":""},"class_list":["post-4691","page","type-page","status-publish","hentry"],"_links":{"self":[{"href":"https:\/\/www.emilgroupawards.com\/de\/wp-json\/wp\/v2\/pages\/4691","targetHints":{"allow":["GET"]}}],"collection":[{"href":"https:\/\/www.emilgroupawards.com\/de\/wp-json\/wp\/v2\/pages"}],"about":[{"href":"https:\/\/www.emilgroupawards.com\/de\/wp-json\/wp\/v2\/types\/page"}],"author":[{"embeddable":true,"href":"https:\/\/www.emilgroupawards.com\/de\/wp-json\/wp\/v2\/users\/1"}],"replies":[{"embeddable":true,"href":"https:\/\/www.emilgroupawards.com\/de\/wp-json\/wp\/v2\/comments?post=4691"}],"version-history":[{"count":8,"href":"https:\/\/www.emilgroupawards.com\/de\/wp-json\/wp\/v2\/pages\/4691\/revisions"}],"predecessor-version":[{"id":4896,"href":"https:\/\/www.emilgroupawards.com\/de\/wp-json\/wp\/v2\/pages\/4691\/revisions\/4896"}],"up":[{"embeddable":true,"href":"https:\/\/www.emilgroupawards.com\/de\/wp-json\/wp\/v2\/pages\/4684"}],"wp:attachment":[{"href":"https:\/\/www.emilgroupawards.com\/de\/wp-json\/wp\/v2\/media?parent=4691"}],"curies":[{"name":"wp","href":"https:\/\/api.w.org\/{rel}","templated":true}]}}