{"id":2637,"date":"2023-09-14T16:19:24","date_gmt":"2023-09-14T14:19:24","guid":{"rendered":"https:\/\/www.emilgroupawards.com\/?page_id=2637"},"modified":"2023-09-26T11:35:54","modified_gmt":"2023-09-26T09:35:54","slug":"mehrfamilienhaus-in-como","status":"publish","type":"page","link":"https:\/\/www.emilgroupawards.com\/de\/die-gewinner-2023\/mehrfamilienhaus-in-como\/","title":{"rendered":"Mehrfamilienhaus in Como"},"content":{"rendered":"\t\t<div data-elementor-type=\"wp-page\" data-elementor-id=\"2637\" class=\"elementor elementor-2637 elementor-2531\" data-elementor-post-type=\"page\">\n\t\t\t\t\t\t<section class=\"elementor-section elementor-top-section elementor-element elementor-element-2de1e361 elementor-section-full_width elementor-section-items-stretch elementor-section-height-min-height elementor-section-height-default\" data-id=\"2de1e361\" data-element_type=\"section\" data-e-type=\"section\" data-settings=\"{&quot;background_background&quot;:&quot;classic&quot;}\">\n\t\t\t\t\t\t<div class=\"elementor-container elementor-column-gap-no\">\n\t\t\t\t\t<div class=\"elementor-column elementor-col-100 elementor-top-column elementor-element elementor-element-120e13ba\" data-id=\"120e13ba\" data-element_type=\"column\" data-e-type=\"column\">\n\t\t\t<div class=\"elementor-widget-wrap\">\n\t\t\t\t\t\t\t<\/div>\n\t\t<\/div>\n\t\t\t\t\t<\/div>\n\t\t<\/section>\n\t\t\t\t<section class=\"elementor-section elementor-top-section elementor-element elementor-element-7ae7bbac elementor-section-full_width elementor-section-height-min-height elementor-section-items-stretch elementor-section-content-middle elementor-section-height-default\" data-id=\"7ae7bbac\" data-element_type=\"section\" data-e-type=\"section\">\n\t\t\t\t\t\t<div class=\"elementor-container elementor-column-gap-no\">\n\t\t\t\t\t<div class=\"elementor-column elementor-col-50 elementor-top-column elementor-element elementor-element-6edcc312 elementor-hidden-mobile\" data-id=\"6edcc312\" data-element_type=\"column\" data-e-type=\"column\" data-settings=\"{&quot;background_background&quot;:&quot;classic&quot;}\">\n\t\t\t<div class=\"elementor-widget-wrap elementor-element-populated\">\n\t\t\t\t\t\t\t<\/div>\n\t\t<\/div>\n\t\t\t\t<div class=\"elementor-column elementor-col-50 elementor-top-column elementor-element elementor-element-661dc9b7\" data-id=\"661dc9b7\" data-element_type=\"column\" data-e-type=\"column\">\n\t\t\t<div class=\"elementor-widget-wrap elementor-element-populated\">\n\t\t\t\t\t\t<div class=\"elementor-element elementor-element-2c045a47 elementor-widget__width-auto elementor-widget elementor-widget-heading\" data-id=\"2c045a47\" data-element_type=\"widget\" data-e-type=\"widget\" data-widget_type=\"heading.default\">\n\t\t\t\t<div class=\"elementor-widget-container\">\n\t\t\t\t\t<span class=\"elementor-heading-title elementor-size-default\">Kategorie<\/span>\t\t\t\t<\/div>\n\t\t\t\t<\/div>\n\t\t\t\t<div class=\"elementor-element elementor-element-b34bf57 elementor-widget__width-auto elementor-widget elementor-widget-image\" data-id=\"b34bf57\" data-element_type=\"widget\" data-e-type=\"widget\" data-widget_type=\"image.default\">\n\t\t\t\t<div class=\"elementor-widget-container\">\n\t\t\t\t\t\t\t\t\t\t\t\t\t\t\t<img decoding=\"async\" width=\"174\" height=\"174\" src=\"https:\/\/www.emilgroupawards.com\/wp-content\/uploads\/2022\/09\/Icona-3.png\" class=\"attachment-large size-large wp-image-1316\" alt=\"\" srcset=\"https:\/\/www.emilgroupawards.com\/wp-content\/uploads\/2022\/09\/Icona-3.png 174w, https:\/\/www.emilgroupawards.com\/wp-content\/uploads\/2022\/09\/Icona-3-150x150.png 150w\" sizes=\"(max-width: 174px) 100vw, 174px\" \/>\t\t\t\t\t\t\t\t\t\t\t\t\t\t\t<\/div>\n\t\t\t\t<\/div>\n\t\t\t\t<div class=\"elementor-element elementor-element-24c67e47 elementor-widget__width-auto elementor-widget elementor-widget-heading\" data-id=\"24c67e47\" data-element_type=\"widget\" data-e-type=\"widget\" data-widget_type=\"heading.default\">\n\t\t\t\t<div class=\"elementor-widget-container\">\n\t\t\t\t\t<span class=\"elementor-heading-title elementor-size-default\">Evolution<\/span>\t\t\t\t<\/div>\n\t\t\t\t<\/div>\n\t\t\t\t<div class=\"elementor-element elementor-element-1bb812cd elementor-widget-divider--view-line elementor-widget elementor-widget-divider\" data-id=\"1bb812cd\" data-element_type=\"widget\" data-e-type=\"widget\" data-widget_type=\"divider.default\">\n\t\t\t\t<div class=\"elementor-widget-container\">\n\t\t\t\t\t\t\t<div class=\"elementor-divider\">\n\t\t\t<span class=\"elementor-divider-separator\">\n\t\t\t\t\t\t<\/span>\n\t\t<\/div>\n\t\t\t\t\t\t<\/div>\n\t\t\t\t<\/div>\n\t\t\t\t<div class=\"elementor-element elementor-element-10928811 elementor-widget elementor-widget-heading\" data-id=\"10928811\" data-element_type=\"widget\" data-e-type=\"widget\" data-widget_type=\"heading.default\">\n\t\t\t\t<div class=\"elementor-widget-container\">\n\t\t\t\t\t<div class=\"elementor-heading-title elementor-size-default\">Studio Tecnico La Maison - Architetto Roberto Leoni<\/div>\t\t\t\t<\/div>\n\t\t\t\t<\/div>\n\t\t\t\t<div class=\"elementor-element elementor-element-940f4bb elementor-widget elementor-widget-heading\" data-id=\"940f4bb\" data-element_type=\"widget\" data-e-type=\"widget\" data-widget_type=\"heading.default\">\n\t\t\t\t<div class=\"elementor-widget-container\">\n\t\t\t\t\t<h3 class=\"elementor-heading-title elementor-size-default\">Mehrfamilienhaus in Como<\/h3>\t\t\t\t<\/div>\n\t\t\t\t<\/div>\n\t\t\t\t<div class=\"elementor-element elementor-element-5a40dd08 elementor-widget__width-initial elementor-widget elementor-widget-text-editor\" data-id=\"5a40dd08\" data-element_type=\"widget\" data-e-type=\"widget\" data-widget_type=\"text-editor.default\">\n\t\t\t\t<div class=\"elementor-widget-container\">\n\t\t\t\t\t\t\t\t\t<p>Bei dem Projekt Mehrfamilienhaus in Como kam die Kollektion Cornerstone by Ergon als anpassungsf\u00e4higes Material zur v\u00f6llig freien Gestaltung der R\u00e4ume zum Einsatz. <\/p>\n\t\t\t\t\t\t\t\t<\/div>\n\t\t\t\t<\/div>\n\t\t\t\t<div class=\"elementor-element elementor-element-4525071a elementor-widget__width-initial elementor-widget elementor-widget-text-editor\" data-id=\"4525071a\" data-element_type=\"widget\" data-e-type=\"widget\" data-widget_type=\"text-editor.default\">\n\t\t\t\t<div class=\"elementor-widget-container\">\n\t\t\t\t\t\t\t\t\t<p>Und dies nicht nur f\u00fcr Wandbel\u00e4ge: Hier wurden die Emilgroup Kollektionen f\u00fcr das neuartige System hinterl\u00fcfteter Fassaden verwendet. Sie verleihen dem Wohnkomplex einen modernen, eleganten Look, ohne dabei auf hohe technische Leistungen zu verzichten. Das Studio Tecnico La Maison \u2013 Arch. Roberto Leoni setzte bei diesem Bauprojekt auf die hohen technischen und \u00e4sthetischen Eigenschaften der Kollektion Cornerstone by Ergon. Das Geb\u00e4ude beherbergt eine Reihe von R\u00e4umen, die vollst\u00e4ndig mit Feinsteinzeugfliesen in Natursteinoptik verkleidet sind. Auf 8 Stockwerken finden insgesamt 23 Wohneinheiten Platz. <\/p>\n\t\t\t\t\t\t\t\t<\/div>\n\t\t\t\t<\/div>\n\t\t\t\t\t<\/div>\n\t\t<\/div>\n\t\t\t\t\t<\/div>\n\t\t<\/section>\n\t\t\t\t<section class=\"elementor-section elementor-top-section elementor-element elementor-element-17127229 elementor-section-full_width elementor-section-height-min-height elementor-section-items-stretch elementor-hidden-mobile elementor-section-height-default\" data-id=\"17127229\" data-element_type=\"section\" data-e-type=\"section\">\n\t\t\t\t\t\t<div class=\"elementor-container elementor-column-gap-no\">\n\t\t\t\t\t<div class=\"elementor-column elementor-col-33 elementor-top-column elementor-element elementor-element-65e9bb96\" data-id=\"65e9bb96\" data-element_type=\"column\" data-e-type=\"column\" data-settings=\"{&quot;background_background&quot;:&quot;classic&quot;}\">\n\t\t\t<div class=\"elementor-widget-wrap elementor-element-populated\">\n\t\t\t\t\t\t<div class=\"elementor-element elementor-element-7c6d0242 elementor-widget elementor-widget-spacer\" data-id=\"7c6d0242\" data-element_type=\"widget\" data-e-type=\"widget\" data-widget_type=\"spacer.default\">\n\t\t\t\t<div class=\"elementor-widget-container\">\n\t\t\t\t\t\t\t<div class=\"elementor-spacer\">\n\t\t\t<div class=\"elementor-spacer-inner\"><\/div>\n\t\t<\/div>\n\t\t\t\t\t\t<\/div>\n\t\t\t\t<\/div>\n\t\t\t\t\t<\/div>\n\t\t<\/div>\n\t\t\t\t<div class=\"elementor-column elementor-col-33 elementor-top-column elementor-element elementor-element-5cb5861a\" data-id=\"5cb5861a\" data-element_type=\"column\" data-e-type=\"column\" data-settings=\"{&quot;background_background&quot;:&quot;classic&quot;}\">\n\t\t\t<div class=\"elementor-widget-wrap elementor-element-populated\">\n\t\t\t\t\t\t<div class=\"elementor-element elementor-element-1ee8ab71 elementor-widget elementor-widget-spacer\" data-id=\"1ee8ab71\" data-element_type=\"widget\" data-e-type=\"widget\" data-widget_type=\"spacer.default\">\n\t\t\t\t<div class=\"elementor-widget-container\">\n\t\t\t\t\t\t\t<div class=\"elementor-spacer\">\n\t\t\t<div class=\"elementor-spacer-inner\"><\/div>\n\t\t<\/div>\n\t\t\t\t\t\t<\/div>\n\t\t\t\t<\/div>\n\t\t\t\t\t<\/div>\n\t\t<\/div>\n\t\t\t\t<div class=\"elementor-column elementor-col-33 elementor-top-column elementor-element elementor-element-724ac360\" data-id=\"724ac360\" data-element_type=\"column\" data-e-type=\"column\" data-settings=\"{&quot;background_background&quot;:&quot;classic&quot;}\">\n\t\t\t<div class=\"elementor-widget-wrap elementor-element-populated\">\n\t\t\t\t\t\t<div class=\"elementor-element elementor-element-5c8b7493 elementor-widget elementor-widget-spacer\" data-id=\"5c8b7493\" data-element_type=\"widget\" data-e-type=\"widget\" data-widget_type=\"spacer.default\">\n\t\t\t\t<div class=\"elementor-widget-container\">\n\t\t\t\t\t\t\t<div class=\"elementor-spacer\">\n\t\t\t<div class=\"elementor-spacer-inner\"><\/div>\n\t\t<\/div>\n\t\t\t\t\t\t<\/div>\n\t\t\t\t<\/div>\n\t\t\t\t\t<\/div>\n\t\t<\/div>\n\t\t\t\t\t<\/div>\n\t\t<\/section>\n\t\t\t\t<section class=\"elementor-section elementor-top-section elementor-element elementor-element-524b022 elementor-section-full_width elementor-hidden-desktop elementor-hidden-tablet elementor-section-height-default elementor-section-height-default\" data-id=\"524b022\" data-element_type=\"section\" data-e-type=\"section\">\n\t\t\t\t\t\t<div class=\"elementor-container elementor-column-gap-no\">\n\t\t\t\t\t<div class=\"elementor-column elementor-col-100 elementor-top-column elementor-element elementor-element-44ed0334\" data-id=\"44ed0334\" data-element_type=\"column\" data-e-type=\"column\">\n\t\t\t<div class=\"elementor-widget-wrap elementor-element-populated\">\n\t\t\t\t\t\t<div class=\"elementor-element elementor-element-2a87de70 elementor-widget elementor-widget-ucaddon_uc_slider_image\" data-id=\"2a87de70\" data-element_type=\"widget\" data-e-type=\"widget\" data-widget_type=\"ucaddon_uc_slider_image.default\">\n\t\t\t\t<div class=\"elementor-widget-container\">\n\t\t\t\t\t\n<!-- start Slider Gallery -->\n\t\t<link id='unitegallery-css' href='https:\/\/www.emilgroupawards.com\/wp-content\/plugins\/unlimited-elements-for-elementor-premium\/assets_libraries\/unitegallery\/css\/unite-gallery.css' type='text\/css' rel='stylesheet' >\n\n<style>\/* widget: Slider Gallery *\/\n\n#uc_uc_slider_image_elementor_2a87de70\n{\n  overflow:hidden;\n}\n\n#uc_uc_slider_image_elementor_2a87de70-wrapper\n{\n  min-height:1px;\n}\n\n<\/style>\n\n<div id=\"uc_uc_slider_image_elementor_2a87de70-wrapper\">\n<div id=\"uc_uc_slider_image_elementor_2a87de70\" class=\"uc-items-wrapper  \" style=\"display:none; margin:0 auto;\"  data-remote-type=\"gallery\" data-custom-sethtml=\"true\" >\n\n\n<img decoding=\"async\" alt=\"02-Complesso Residenziale a Como\"\n   src=\"https:\/\/www.emilgroupawards.com\/wp-content\/uploads\/2023\/09\/02-Complesso-Residenziale-a-Como-768x576.jpg\"\n    data-image=\"https:\/\/www.emilgroupawards.com\/wp-content\/uploads\/2023\/09\/02-Complesso-Residenziale-a-Como-scaled.jpg\"\n    data-title=\"02-Complesso Residenziale a Como\">\n\n<img decoding=\"async\" alt=\"03-Complesso Residenziale a Como\"\n   src=\"https:\/\/www.emilgroupawards.com\/wp-content\/uploads\/2023\/09\/03-Complesso-Residenziale-a-Como-768x576.jpg\"\n    data-image=\"https:\/\/www.emilgroupawards.com\/wp-content\/uploads\/2023\/09\/03-Complesso-Residenziale-a-Como-scaled.jpg\"\n    data-title=\"03-Complesso Residenziale a Como\">\n\n<img decoding=\"async\" alt=\"04-Complesso Residenziale a Como\"\n   src=\"https:\/\/www.emilgroupawards.com\/wp-content\/uploads\/2023\/09\/04-Complesso-Residenziale-a-Como-768x1024.jpg\"\n    data-image=\"https:\/\/www.emilgroupawards.com\/wp-content\/uploads\/2023\/09\/04-Complesso-Residenziale-a-Como-scaled.jpg\"\n    data-title=\"04-Complesso Residenziale a Como\">\n\n<img decoding=\"async\" alt=\"05-Complesso Residenziale a Como\"\n   src=\"https:\/\/www.emilgroupawards.com\/wp-content\/uploads\/2023\/09\/05-Complesso-Residenziale-a-Como-768x1024.jpg\"\n    data-image=\"https:\/\/www.emilgroupawards.com\/wp-content\/uploads\/2023\/09\/05-Complesso-Residenziale-a-Como-scaled.jpg\"\n    data-title=\"05-Complesso Residenziale a Como\">\n\n  \n<\/div>\n<\/div>\n<!-- end Slider Gallery -->\t\t\t\t<\/div>\n\t\t\t\t<\/div>\n\t\t\t\t\t<\/div>\n\t\t<\/div>\n\t\t\t\t\t<\/div>\n\t\t<\/section>\n\t\t\t\t<\/div>\n\t\t","protected":false},"excerpt":{"rendered":"<p>Kategorie Evolution Studio Tecnico La Maison &#8211; Architetto Roberto Leoni Mehrfamilienhaus in Como Bei dem Projekt Mehrfamilienhaus in Como kam die Kollektion Cornerstone by Ergon als anpassungsf\u00e4higes Material zur v\u00f6llig freien Gestaltung der R\u00e4ume zum Einsatz. Und dies nicht nur f\u00fcr Wandbel\u00e4ge: Hier wurden die Emilgroup Kollektionen f\u00fcr das neuartige System hinterl\u00fcfteter Fassaden verwendet. Sie [&hellip;]<\/p>\n","protected":false},"author":2,"featured_media":0,"parent":2643,"menu_order":0,"comment_status":"closed","ping_status":"closed","template":"","meta":{"footnotes":""},"class_list":["post-2637","page","type-page","status-publish","hentry"],"_links":{"self":[{"href":"https:\/\/www.emilgroupawards.com\/de\/wp-json\/wp\/v2\/pages\/2637","targetHints":{"allow":["GET"]}}],"collection":[{"href":"https:\/\/www.emilgroupawards.com\/de\/wp-json\/wp\/v2\/pages"}],"about":[{"href":"https:\/\/www.emilgroupawards.com\/de\/wp-json\/wp\/v2\/types\/page"}],"author":[{"embeddable":true,"href":"https:\/\/www.emilgroupawards.com\/de\/wp-json\/wp\/v2\/users\/2"}],"replies":[{"embeddable":true,"href":"https:\/\/www.emilgroupawards.com\/de\/wp-json\/wp\/v2\/comments?post=2637"}],"version-history":[{"count":12,"href":"https:\/\/www.emilgroupawards.com\/de\/wp-json\/wp\/v2\/pages\/2637\/revisions"}],"predecessor-version":[{"id":3209,"href":"https:\/\/www.emilgroupawards.com\/de\/wp-json\/wp\/v2\/pages\/2637\/revisions\/3209"}],"up":[{"embeddable":true,"href":"https:\/\/www.emilgroupawards.com\/de\/wp-json\/wp\/v2\/pages\/2643"}],"wp:attachment":[{"href":"https:\/\/www.emilgroupawards.com\/de\/wp-json\/wp\/v2\/media?parent=2637"}],"curies":[{"name":"wp","href":"https:\/\/api.w.org\/{rel}","templated":true}]}}